{"id":877,"date":"2016-11-19T23:30:18","date_gmt":"2016-11-19T22:30:18","guid":{"rendered":"https:\/\/cirkuseros.wordpress.com\/?page_id=877"},"modified":"2023-09-26T15:59:04","modified_gmt":"2023-09-26T13:59:04","slug":"virtuosen","status":"publish","type":"page","link":"https:\/\/www.cirkuseros.nu\/index.php\/text\/noveller\/noveller-av-gastartister\/virtuosen\/","title":{"rendered":"Virtuosen"},"content":{"rendered":"<p>Jag var 18 \u00e5r men barnslig. Jag hade aldrig haft n\u00e5gon pojkv\u00e4n och aldrig varit med en man. Jag var smal och lite tanig men stolt \u00f6ver mina runda br\u00f6st som gav mig m\u00e5nga uppskattande blickar. Jag \u00e4gnade mig mest \u00e5t mitt pianospel, s\u00e5 hade det varit s\u00e5 l\u00e4nge jag kunde minnas. Nu hade jag vuxit ifr\u00e5n mina l\u00e4rare och skulle ist\u00e4llet f\u00e5 lektioner av honom, han som var en k\u00e4nd konsertpianist och n\u00e5gon slags professor p\u00e5 akademien.<\/p>\n<p>Det var en ovanligt varm dag och jag hade bara min tunna sommarkl\u00e4nning n\u00e4r jag kom till den vita tr\u00e4villan d\u00e4r han bodde. Jag knackade p\u00e5 d\u00f6rren. Det dr\u00f6jde ett slag innan han \u00f6ppnade d\u00f6rren och utan att h\u00e4lsa v\u00e4nde ryggen om, fortsatte in i hallen och vinkade in mig med en snabb handr\u00f6relse. Jag f\u00f6ljde hans rygg och fladdrande svarta linnebyxor in mot rummet d\u00e4r den stora svarta flygeln stod. Han var yngre \u00e4n jag f\u00f6rest\u00e4llt mig. Han hade axell\u00e5ngt, brunt, lockigt och lite rufsigt h\u00e5r, han var l\u00e5ng och han gick barfota. Hans h\u00e4nder var vackra.<br \/>\nVi stod pl\u00f6tsligt mycket n\u00e4ra varandra n\u00e4r han v\u00e4nde sig om och s\u00e5g p\u00e5 mig.<\/p>\n<p>\u2013 Jaha, sa han, h\u00e4r \u00e4r vi nu. Ska du visa mig vad du kan?<\/p>\n<p>Jag f\u00f6rstod f\u00f6rst inte vad han menade. Jag s\u00e5g bara hans gr\u00f6na \u00f6gon och hur hans l\u00e4ppar r\u00f6rde sig f\u00f6r att formulera de ord jag inte h\u00f6rde. Han gick fram till flygeln och \u00f6ppnade locket.<br \/>\nJavisst, jag var ju faktiskt h\u00e4r f\u00f6r att spela.<\/p>\n<p>&#8211; Vad ska jag spela?<br \/>\n&#8211; V\u00e4lj n\u00e5got du tycker om eller spela efter de noter som ligger h\u00e4r. Han lade sin hand p\u00e5 en h\u00f6g notpapper p\u00e5 flygeln och log.<br \/>\n&#8211; Vad var det du hette?<br \/>\n&#8211; Isabelle. Jag h\u00f6rde mig sj\u00e4lv svara men k\u00e4nde inte igen r\u00f6sten.<br \/>\n&#8211; Vackert namn. &#8211; S\u00e4tt dig!<\/p>\n<p>Jag var som f\u00f6rstelnad och jag k\u00e4nde hur min puls stegrades. Han tog ett steg mot mig, lade handen p\u00e5 min h\u00f6ft och f\u00f6ste mig mjukt mot pianopallen. Jag satte mig och undrade hur jag skulle kunna spela alls n\u00e4r det enda jag kunde h\u00f6ra var mitt eget hj\u00e4rta och allt jag kunde k\u00e4nna var hans hand. Mina h\u00e4nder darrade men jag b\u00f6rjade spela och Chopins toner kvittrade genom rummet. Han stod med ryggen mot mig och tittade ut genom f\u00f6nstret.<br \/>\nSolljuset str\u00f6mmade in fr\u00e5n f\u00f6nstret och jag s\u00e5g hans silhuett i \u00f6gonvr\u00e5n.<\/p>\n<p>\u2013 Du \u00e4r beg\u00e5vad! Avbr\u00f6t han mig.<br \/>\n\u2013 Det d\u00e4r \u00e4r inte n\u00e5got l\u00e4tt stycke. Din teknik \u00e4r perfekt, d\u00e4r har jag inget att l\u00e4ra dig. Vad du beh\u00f6ver \u00e4r att hitta ditt eget djup i musiken, k\u00e4nslan, gl\u00f6den och passionen. Jag tror att du har det men det h\u00f6rs inte genom musiken \u00e4nnu. Det \u00e4r n\u00e5got som kommer fr\u00e5n livet och av erfarenhet.<\/p>\n<p>Han gick fram till mig, str\u00e4ckte sig efter pappren p\u00e5 flygeln och var s\u00e5 n\u00e4ra att han n\u00e4stan r\u00f6rde vid mig. Han doftade gott.<\/p>\n<p>&#8211; Nu f\u00f6rs\u00f6ker vi med det h\u00e4r sa han och st\u00e4llde upp notpappren.<br \/>\n\u2013 Jag v\u00e4nder blad, sa han och satte sig intill mig p\u00e5 pallen.<\/p>\n<p>V\u00e5ra l\u00e5r skiljdes \u00e5t bara av tyget i hans linnebyxor. Jag b\u00f6rjade l\u00e4sa tonerna och ins\u00e5g att det var musik jag aldrig tidigare spelat, det var avancerade harmonier och rytmen var sv\u00e5r att f\u00f6lja. Jag b\u00f6rjade spela men tvekade, tappade takten och b\u00f6rjade om flera g\u00e5nger. Tonerna var vackra.<\/p>\n<p>&#8211; Det \u00e4r min komposition, sa han. Den \u00e4r inte riktigt klar \u00e4n men jag vill g\u00e4rna h\u00f6ra din tolkning.<br \/>\n&#8211; V\u00e4nta! Han reste sig och tog min hand. Snabbt vred han p\u00e5 den l\u00e5nga pianopallen som vi b\u00e5da suttit p\u00e5.<br \/>\n&#8211; S\u00e4tt dig igen!<\/p>\n<p>Jag satte mig l\u00e4ngst fram p\u00e5 pallens gavel och han gr\u00e4nslade pallen bakom min rygg. Hela hans \u00f6verkropp r\u00f6rde vid min rygg och mot min svank kunde jag k\u00e4nna konturerna av hans underliv. Han lutade sig mot mig och tog mina h\u00e4nder. Hans andedr\u00e4kt r\u00f6rde mitt h\u00e5r och hans armar str\u00e4cktes ut l\u00e4ngs mina.<\/p>\n<p>\u2013 Nu spelar vi, sa han.<\/p>\n<p>Fyra h\u00e4nder p\u00e5 tangenterna och hela hans varma kropp mot min. Vi spelade och tonerna omsl\u00f6t oss. Jag vet inte hur l\u00e4nge det p\u00e5gick men det var berusande. Min kl\u00e4nnings smala axelband h\u00e4ngde ner p\u00e5 armarna och kjolen t\u00e4ckte knappt mina trosor.<\/p>\n<p>Pl\u00f6tsligt stannade mina h\u00e4nder ur sina r\u00f6relser och jag blev kvar med fingrarna p\u00e5 tangenterna. Hans h\u00e4nder tystnade ocks\u00e5 men jag h\u00f6rde fortfarande hans andning n\u00e4ra mitt \u00f6ra.<\/p>\n<p>&#8211; Du \u00e4r vacker Bell, sa han pl\u00f6tsligt. Vacker och beg\u00e5vad. Hur kan jag undervisa dig? Vad kan jag ge dig som tillf\u00f6r din musik djupets gl\u00f6d?<\/p>\n<p>Det var en retorisk fr\u00e5ga, han visste nog vad jag hoppades p\u00e5 men han v\u00e4ntade p\u00e5 en signal, han l\u00e4t mig avg\u00f6ra forts\u00e4ttningen.<\/p>\n<p>Hans h\u00e4nder f\u00f6ljde sakta mina armar mot axlarna. Jag l\u00e4t honom r\u00f6ra mig och ber\u00f6ra mig, jag satt helt stilla men vred lite p\u00e5 nacken i f\u00f6rhoppning om att hans h\u00e4nder skulle n\u00e5 dit. Det var ett tecken tydligt nog och han fortsatte sina h\u00e4nders vandring l\u00e4ngs min rygg via utsidan av mina l\u00e5r, mot mina kn\u00e4n och upp igen l\u00e4ngs insidan av l\u00e5ren. Snabbt och ljudl\u00f6st lyfte han av mig min kl\u00e4nning. Jag hade bara trosor och min br\u00f6st pekade nosigt fram. Hans l\u00e4ppar nuddade min hals och jag l\u00e4t honom f\u00f6ra. Det ilade genom kroppen och n\u00e4r han reste sig och satte sig framf\u00f6r mig ins\u00e5g jag att han var den vackraste man jag m\u00f6tt. Han tog tag i mig och hans l\u00e4ppar omsl\u00f6t min ena br\u00f6stv\u00e5rta, hans tunga cirkulerade kring den s\u00e5 att jag till slut inte kunde l\u00e5ta bli att sucka h\u00f6gt och l\u00e5ta mina fingrar leta sig in i hans lockar, ta tag i hans nacke och pressa mig mot hans l\u00e4ppar. Hans vackra h\u00e4nder h\u00f6ll ett fast tag om min rygg och min rumpa och jag \u00f6nskade att f\u00e5 hans tunga i min mun.<\/p>\n<p>Jag kom pl\u00f6tsligt ut ur njutningens f\u00f6rstelning och orden l\u00e4mnade min mun&#8230;<\/p>\n<p>&#8211; Jag har aldrig&#8230;<br \/>\n&#8211; Jag misst\u00e4nkte det, avbr\u00f6t han innan jag hunnit avsluta meningen.<br \/>\n&#8211; Det g\u00f6r dig bara mer oemotst\u00e5ndlig.<br \/>\n&#8211; Kom!<\/p>\n<p>Han tog tag i min hand och drog med med mig mot trappan som ledde till \u00f6verv\u00e5ningen. Det var fortfarande v\u00e4ldigt varmt. Han sl\u00e4ngde av sig sin skjorta men beh\u00f6ll byxorna p\u00e5 trots att de knappast dolde vad han hade d\u00e4r under.<br \/>\nHan ledde mig in i ett luftigt och ljust badrum och satte mig ned i en stor vit korgstol.<\/p>\n<p>&#8211; Vi ska ta det fint och f\u00f6rsiktigt sa han och drog av mig mina sm\u00e5 trosor. De var fuktiga men jag vet inte om han la m\u00e4rke till det. Han lyfte upp mina ben s\u00e5 att de vilade p\u00e5 f\u00e5t\u00f6ljens armst\u00f6d. Han smekte med ett finger \u00f6ver mitt ljusa krulliga h\u00e5r. Han v\u00e4nde mot badrumssk\u00e5pet och plockade fram en gammaldags rakborste, en tv\u00e5l och en hyvel.<br \/>\n&#8211; F\u00e5r jag? Fr\u00e5gade han och jag kunde inte annat \u00e4n nicka. Jag l\u00e4ngtade efter hans h\u00e4nder. Han l\u00f6ddrade upp ett skum med borsten och str\u00f6k ut det med omv\u00e4xlande best\u00e4mda och fj\u00e4derl\u00e4tta tag \u00f6ver mitt k\u00f6n. Fr\u00e5n hans r\u00f6relser gick som elektriska st\u00f6tar djupt in i mitt underliv och jag \u00f6nskade bara mer. Han cirkulerade med borsten \u00f6ver mitt venusberg och l\u00e4ngs sk\u00e5ran som omgavs av allt mer upphettade och sp\u00e4nda kullar. K\u00e4nslan var obeskrivlig, mina l\u00e5r darrade och snart vred jag mig i stolen och grep om hans axlar. Han log och s\u00e5g mig i \u00f6gonen.<\/p>\n<p>\u2013 Du \u00e4r mer \u00e4n jag hoppats p\u00e5.<\/p>\n<p>Snabbt och k\u00e4nsligt rakade han bort alla sm\u00e5 h\u00e5rstr\u00e5n och smekte sedan bort det sista skummet med pekfingret.<\/p>\n<p>&#8211; Jag ska ge dig allt, om du vill? Han lekte runt med sina fingertoppar och min hud var s\u00e5 k\u00e4nslig och len att minsta ber\u00f6ring gick rakt in i mig som varma st\u00f6tar. Jag v\u00e4ntade och v\u00e4ntade men han fortsatte att retas. Han stack sakta in ett finger och l\u00e4t mig omsluta det.<\/p>\n<p>&#8211; Jag ska vara f\u00f6rsiktig, sa han. Det h\u00e4r \u00e4r din stund.<\/p>\n<p>Jag var visserligen oskuld i bem\u00e4rkelsen att jag aldrig varit med en man, men mina egna fingrar hade varit d\u00e4r hans nu var, och min b\u00e4sta v\u00e4ninnas ocks\u00e5 \u2013 och hennes leksak som vi tillsammans valt och k\u00f6pt i smyg via postorder. Jag var lite f\u00f6rberedd men han fick g\u00e4rna tro vad som helst bara han fortsatte med det han gjorde. Tv\u00e5 fingrar. Han lekte vid min tr\u00e5nga \u00f6ppning och gled sedan sakta in och ut, upp\u00e5t, fram\u00e5t, en inre massage samtidigt som han l\u00e4t tummen massera min k\u00e4nsliga p\u00e4rla. Detta var n\u00e5got helt annat \u00e4n min v\u00e4ninnas tafatta f\u00f6rs\u00f6k att ge mig njutning.<\/p>\n<p>Han kunde inte l\u00e4ngre vara tyst, ett njutningsfullt ahh slank ut mellan hans l\u00e4ppar. Han lutade sig fram och kysste min ljumske och cirkulerade vidare med tungspetsen l\u00e4ngs insidan av mitt l\u00e5r. Jag stod inte l\u00e4ngre ut, knuffade honom bort fr\u00e5n mig, reste mig och slet i hans byxor. Han skrattade och drog av sig byxorna.<\/p>\n<p>&#8211; Du \u00e4r underbar Bell!<\/p>\n<p>\u00c4ntligen var vi b\u00e5da nakna. Han lyfte upp mig \u00f6ver axeln, bar mig in i sovrummet och lade ner mig p\u00e5 den b\u00e4ddade s\u00e4ngen. Varje del av min hud hettade vid hans ber\u00f6ring, jag ville ha honom i mig p\u00e5 riktigt. Hans kropp str\u00e4cktes \u00f6ver min och f\u00f6r f\u00f6rsta g\u00e5ngen m\u00f6ttes v\u00e5ra ansikten helt. Han kysste mig djupt och h\u00e5rt samtidigt som han tr\u00e4ngde in i mig. Hela v\u00e4gen in i en l\u00e5ngsam r\u00f6relse. Jag k\u00e4nde hans l\u00e5rmuskler sp\u00e4nnas och kunde inte l\u00e5ta bli att ta tag om hans rumpa och f\u00f6lja r\u00f6relserna in och ut i mig. Hans ena hand h\u00f6ll om min stj\u00e4rt och ett l\u00e5ngfinger slank in mellan mina skinkor. Han masserade rytmiskt det k\u00e4nsligaste partiet, farligt n\u00e4ra sina egna st\u00f6tar och det d\u00e4r fingret trycktes f\u00f6rsiktigt och pulserande mot min andra \u00f6ppning. Han r\u00f6rde sig in och ut, om och om igen, kraftfullt och rytmiskt tills han exploderade och f\u00f6ll ner i mina armar. Hans hand smekte fortfarande mitt ena br\u00f6st och hans tunga lekte en g\u00e5ng till med min innan han motvilligt tog avsked av min kropps insida.<\/p>\n<p>Han reste sig och f\u00f6rsvann ur rummet men kom strax tillbaka med min kl\u00e4nning i handen.<\/p>\n<p>&#8211; Jag kanske har n\u00e5got att l\u00e4ra dig \u00e4nd\u00e5, sa han fr\u00e5gande och log. Vill du forts\u00e4tta som min elev s\u00e5 ses vi vid samma tid n\u00e4sta vecka.<\/p>\n<p>N\u00e4r jag promenerade hem kunde jag inte l\u00e5ta bli att le \u00e5t det faktum att min farmor arrangerat och lovat betala mina lektioner och att jag defenitivt ville vidareutbilda mig hos denne virtuos&#8230;<\/p>\n<p>\u00a9 Lovisa Svensson 2010<\/p>\n<p><img decoding=\"async\" loading=\"lazy\" src=\"https:\/\/i1.wp.com\/www.cirkuseros.nu\/app\/uploads\/2016\/11\/tunnlinjeoriginal_584.gif?resize=584%2C8&#038;ssl=1\" alt=\"\" data-recalc-dims=\"1\" \/><a href=\"https:\/\/www.cirkuseros.nu\/index.php\/text\/noveller\/noveller-av-gastartister\/\"><strong>Tillbaka till Noveller av g\u00e4startister \u00bb<\/strong><\/a><\/p>\n<p><img decoding=\"async\" loading=\"lazy\" src=\"https:\/\/i0.wp.com\/www.cirkuseros.nu\/app\/uploads\/2017\/01\/heartline_584.gif?resize=584%2C20&#038;ssl=1\" alt=\"Heartline\" data-recalc-dims=\"1\" \/><\/p>\n<p><img decoding=\"async\" loading=\"lazy\" src=\"https:\/\/i2.wp.com\/www.cirkuseros.nu\/app\/uploads\/2016\/10\/fri_kursbanner_ani.gif?resize=584%2C140&#038;ssl=1\" alt=\"\" data-recalc-dims=\"1\" \/><\/p>\n","protected":false},"excerpt":{"rendered":"<p>Jag var 18 \u00e5r men barnslig. Jag hade aldrig haft n\u00e5gon pojkv\u00e4n och aldrig varit med en man. Jag var smal och lite tanig men stolt \u00f6ver mina runda br\u00f6st som gav mig m\u00e5nga uppskattande blickar. Jag \u00e4gnade mig mest &hellip; <a href=\"https:\/\/www.cirkuseros.nu\/index.php\/text\/noveller\/noveller-av-gastartister\/virtuosen\/\">Forts\u00e4tt l\u00e4sa <span class=\"meta-nav\">&rarr;<\/span><\/a><\/p>\n","protected":false},"author":2,"featured_media":0,"parent":501,"menu_order":5,"comment_status":"closed","ping_status":"closed","template":"sidebar-page.php","meta":[],"_links":{"self":[{"href":"https:\/\/www.cirkuseros.nu\/index.php\/wp-json\/wp\/v2\/pages\/877"}],"collection":[{"href":"https:\/\/www.cirkuseros.nu\/index.php\/wp-json\/wp\/v2\/pages"}],"about":[{"href":"https:\/\/www.cirkuseros.nu\/index.php\/wp-json\/wp\/v2\/types\/page"}],"author":[{"embeddable":true,"href":"https:\/\/www.cirkuseros.nu\/index.php\/wp-json\/wp\/v2\/users\/2"}],"replies":[{"embeddable":true,"href":"https:\/\/www.cirkuseros.nu\/index.php\/wp-json\/wp\/v2\/comments?post=877"}],"version-history":[{"count":2,"href":"https:\/\/www.cirkuseros.nu\/index.php\/wp-json\/wp\/v2\/pages\/877\/revisions"}],"predecessor-version":[{"id":13244,"href":"https:\/\/www.cirkuseros.nu\/index.php\/wp-json\/wp\/v2\/pages\/877\/revisions\/13244"}],"up":[{"embeddable":true,"href":"https:\/\/www.cirkuseros.nu\/index.php\/wp-json\/wp\/v2\/pages\/501"}],"wp:attachment":[{"href":"https:\/\/www.cirkuseros.nu\/index.php\/wp-json\/wp\/v2\/media?parent=877"}],"curies":[{"name":"wp","href":"https:\/\/api.w.org\/{rel}","templated":true}]}}