{"id":919,"date":"2016-11-20T01:27:53","date_gmt":"2016-11-20T00:27:53","guid":{"rendered":"https:\/\/cirkuseros.wordpress.com\/?page_id=919"},"modified":"2023-09-26T16:16:00","modified_gmt":"2023-09-26T14:16:00","slug":"malena-kajsa-markus","status":"publish","type":"page","link":"https:\/\/www.cirkuseros.nu\/index.php\/text\/noveller\/noveller-av-gastartister\/malena-kajsa-markus\/","title":{"rendered":"Malena, Kajsa &#038; Markus"},"content":{"rendered":"<p>Malena hade f\u00f6ljt med Kajsa hem den d\u00e4r natten. Kajsa var bara nitton \u00e5r, ganska naiv p\u00e5 m\u00e5nga s\u00e4tt, men med en humor som var avv\u00e4pnande och charmig. De hade pratat en hel del under rasterna mellan f\u00f6rel\u00e4sningarna; funnit varandra som v\u00e4nner. Malena tyckte bra om Kajsa, hon blev som en st\u00e4llf\u00f6retr\u00e4dande lillasyster de d\u00e4r m\u00e5naderna under terminen, och de hade tytt sig till varandra. Hj\u00e4lpt varandra med kurslitteratur och pratat om allt m\u00f6jligt mellan himmel och jord.<\/p>\n<p>Den natten, n\u00e4r Malena hade vinglat hem\u00e5t med Kajsa &#8211; som bodde mest centralt och som lovat st\u00e4lla upp med en soffa f\u00f6r \u00f6vernattning &#8211; hade berusningen sakta men s\u00e4kert g\u00e5tt \u00f6ver i k\u00e5thet. De hade g\u00e5tt med armarna om varandra, och Malena kunde k\u00e4nna Kajsas br\u00f6st mot sitt och r\u00f6s l\u00e4tt av Kajsas hand som l\u00e5g mjukt kring hennes midja. Det var kallt ute och de skyndade sig hem\u00e5t. Malena smekte Kajsas rygg under tr\u00f6jan och sm\u00f6g in sina fingrar i byxlinningen. Det var s\u00e5 kallt ute och det var ju inget farligt i att vilja v\u00e4rma h\u00e4nderna.<\/p>\n<p>N\u00e4r de kom fram var Malena allt annat \u00e4n kall. Sakta men s\u00e4kert hade upphetsningen kommit smygande. Nu k\u00e4nde hon hur trosorna var bl\u00f6ta och hoppades att det inte syntes genom byxorna. Det hade kanske varit b\u00e4ttre om hon tagit en taxi hem ist\u00e4llet, t\u00e4nkte hon snabbt.<\/p>\n<p>Kajsa bodde med sin pojkv\u00e4n, Markus, som Malena hade tr\u00e4ffat bara som hastigast tidigare. Han l\u00e5g och sov n\u00e4r de kom, s\u00e5 de f\u00f6rs\u00f6kte vara s\u00e5 tysta som m\u00f6jligt n\u00e4r de b\u00e4ddade i soffan i vardagsrummet f\u00f6r Malena. Kajsa var fortfarande glad och sprallig och viskade glatt och fnittrande om allt som h\u00e4nt under kv\u00e4llen. Malena k\u00e4nde sig lite f\u00f6rvirrad. Hon hade druckit lite f\u00f6r mycket vin under kv\u00e4llen och det b\u00f6rjade k\u00e4nnas nu. K\u00e5theten b\u00f6rjade blandas med ett milt illam\u00e5ende.<\/p>\n<p>Kajsa fnissade och klatschade Malena lekfullt p\u00e5 stj\u00e4rten.<\/p>\n<p>&#8211; Dags att sova!<\/p>\n<p>&#8211; Mmmm, och g\u00e4rna l\u00e4nge, svarade Malena.<\/p>\n<p>Kajsa f\u00f6rsvann in i sovrummet och Malena kr\u00f6p ner under t\u00e4cket i soffan. Det var svalt i vardagsrummet, men inte kallt. Hon h\u00f6rde hur Kajsa rumsterade om inne i sovrummet. Viskande r\u00f6ster; Markus hade s\u00e5klart vaknat.<\/p>\n<p>Det var sv\u00e5rt att somna. Hon h\u00f6rde Kajsa och Markus viska i rummet bredvid. Ibland kunde hon h\u00f6ra n\u00e5t ord, men f\u00f6r det mesta h\u00f6rde hon bara l\u00e5ga viskande ljud och ljudet av deras s\u00e4ng n\u00e4r den knarrade till ibland. Malena \u00f6nskade att hon varit hemma. Hon kunde k\u00e4nna hur illam\u00e5endet la sig. K\u00e4nde svalkan av t\u00e4cket mot hennes nakna ben.<\/p>\n<p>Nu h\u00f6rde hon inga mer viskningar inifr\u00e5n sovrummet. Ist\u00e4llet h\u00f6rde hon l\u00e5ga st\u00f6n. Det l\u00e4t som Kajsa. Kv\u00e4vda st\u00f6n och suckar. Fattades bara det, t\u00e4nkte Malena. Nu ska de knulla ocks\u00e5. Med mig i rummet bredvid.<\/p>\n<p>Malena h\u00f6rde hur s\u00e4ngen b\u00f6rjade knarra mer. Vad gjorde de nu? Det var bara Kajsa som st\u00f6nade. Slickade han henne? L\u00e5g han mellan hennes ben och slickade hennes bl\u00f6ta, tr\u00e5nga fitta? Malena k\u00e4nde hur hennes egen fitta blev v\u00e5t och het av tanken. Hon l\u00e4t sin ena hand glida ner \u00f6ver magen och ner mot sitt sk\u00f6te och b\u00f6rjade smeka sig utanp\u00e5 trosorna.<\/p>\n<p>Rytmiska knarr nu. Som om hon s\u00e5g det framf\u00f6r sig. Nu knullade de. Hon kunde se det framf\u00f6r sig. Markus som l\u00e5g mellan Kajsas vitt utsp\u00e4rrade ben; hans kuk djupt inne i hennes tr\u00e5nga, k\u00e5ta fitta. Malena r\u00f6rde handen snabbare \u00f6ver sk\u00f6tet och f\u00f6ll omedvetet in i rytmen fr\u00e5n s\u00e4ngknarret. Snart var trosan i v\u00e4gen. Hon f\u00f6rde in handen under troslinningen och smekte sin fitt\u00f6ppning. Hon var k\u00e5tare \u00e4n n\u00e5gonsin; het, fuktig, vid\u00f6ppen; smekte med fingrarna \u00f6ver klitoris som var styv; smekte blygdl\u00e4pparna som var hala av k\u00e5thet&#8230;<\/p>\n<p>Kajsa st\u00f6nade h\u00f6gre d\u00e4rinne nu, sm\u00e5 ljusa st\u00f6n av v\u00e4llust. Markus var tystare, men Malena kunde h\u00f6ra hur han andades tungt. S\u00e4ngen knarrade allt snabbare. Malena hade b\u00f6rjat knulla sig sj\u00e4lv med fingrarna. K\u00f6rde in tre fingrar djupt i sin fitta samtidigt som hon smekte sin klitoris med den andra handen. Hon st\u00f6nade h\u00f6gt men brydde sig inte ifall hon h\u00f6rdes, de hade s\u00e4kert nog med sitt eget nu \u00e4nd\u00e5. Snart d\u00e4r. Snart. Det b\u00f6rjade svartna f\u00f6r hennes \u00f6gon&#8230;<\/p>\n<p>D\u00f6rren \u00f6ppnades och Kajsa kom ut.<\/p>\n<p>&#8211; \u00c4r du vaken?, fr\u00e5gade hon viskande.<\/p>\n<p>&#8211; Mmmm, knappt, svarade Malena och f\u00f6rs\u00f6kte desperat komma till sina sinnen igen. Det hade inte hunnit g\u00e5 f\u00f6r henne \u00e4nnu. Hon k\u00e4nde hur br\u00f6stv\u00e5rtorna stod styva under t-shirten och hoppades att det var f\u00f6r m\u00f6rkt f\u00f6r Kajsa att se vad hon pysslade med under t\u00e4cket.<\/p>\n<p>&#8211; Ska bara p\u00e5 toa. Kommer snart, sa Kajsa och f\u00f6rsvann ut i hallen.<\/p>\n<p>Malena f\u00f6rs\u00f6kte lugna ner sig lite. Det k\u00e4ndes pinsamt att n\u00e4stan ha blivit p\u00e5kommen, men samtidigt var det n\u00e5got upphetsande i tanken ocks\u00e5. Hon k\u00e4nde sig n\u00e4stan lite f\u00f6rv\u00e5nad. Hon brukade inte bli k\u00e5t p\u00e5 andra tjejer, annat \u00e4n i fantasin. Men ikv\u00e4ll var det Kajsa som gjort henne v\u00e5t. Det var Kajsas kropp mot hennes, k\u00e4nslan av Kajsas br\u00f6st mot hennes, som skickat v\u00e5gor av k\u00e5thet genom magen och underlivet p\u00e5 v\u00e4gen hem fr\u00e5n krogen. Malena smekte sig sj\u00e4lv f\u00f6rsiktigt och l\u00e5ngsamt med fingrarna.<\/p>\n<p>&#8211; S\u00e5! Kajsa kom inskuttande i rummet och hoppade ner i soffan bredvid Malena.<\/p>\n<p>&#8211; V\u00e4ckte vi dig?<\/p>\n<p>&#8211; Vadd\u00e5? Nej, jag menar, n\u00e4&#8230; Kajsa skrattade l\u00e5gt.<\/p>\n<p>&#8211; Det g\u00f6r inget. Det \u00e4r okej. Jag var bara s\u00e5 hemskt k\u00e5t ikv\u00e4ll, jag beh\u00f6vde knulla&#8230; M\u00e4rkte du hur Anders st\u00f6tte p\u00e5 mig ikv\u00e4ll?<\/p>\n<p>Kajsa fnissade.<\/p>\n<p>&#8211; Han \u00e4r skitk\u00e5t p\u00e5 mig. Han kom fram och kramade mig n\u00e4r vi skulle g\u00e5 och han hade v\u00e4rldens st\u00e5nd.<\/p>\n<p>&#8211; Oj. Och du d\u00e5? Nu viskade de b\u00e5da.<\/p>\n<p>&#8211; N\u00e4&#8230; jag vill inte ha honom&#8230; men jag blev s\u00e5 k\u00e5t av att k\u00e4nna hans kuk. Tur att jag har Markus, annars vet jag inte vad som skulle ha h\u00e4nt. Kajsa la sig ner bredvid Malena.<\/p>\n<p>&#8211; Ge mig lite av t\u00e4cket. Det b\u00f6rjar bli kallt om stj\u00e4rten.<\/p>\n<p>Malena f\u00f6ste \u00f6ver t\u00e4cket mot Kajsa som kr\u00f6p n\u00e4rmare. Kajsa luktade \u00f6l och tandkr\u00e4m och Malena m\u00e4rkte att hon nog fortfarande var lite onykter.<\/p>\n<p>&#8211; H\u00f6rde du oss?, fr\u00e5gade Kajsa.<\/p>\n<p>&#8211; Mmm, lite.<\/p>\n<p>Malena k\u00e4nde Kajsas kropp mot sin. Varmt, sk\u00f6nt.<\/p>\n<p>&#8211; Blev du k\u00e5t?<\/p>\n<p>Malena blev stel. Hade hon sett vad hon gjorde? Kajsa skrattade tyst.<\/p>\n<p>&#8211; Vill du veta vad han gjorde med mig? Vill du att jag ska ber\u00e4tta? Kajsas r\u00f6st hade blivit tjockare, nu viskade hon t\u00e4tt intill Malenas \u00f6ra.<\/p>\n<p>&#8211; Ber\u00e4tta, sa Malena.<\/p>\n<p>Kajsa la sin ena hand p\u00e5 Malenas mage under tr\u00f6jan.<\/p>\n<p>&#8211; F\u00f6rst s\u00e5 tog jag hans kuk i min mun. Det \u00e4r s\u00e5 sk\u00f6nt att suga honom, han blir h\u00e5rd s\u00e5 snabbt och det \u00e4r s\u00e5 h\u00e4rligt att k\u00e4nna hur han blir stor i min mun&#8230;<\/p>\n<p>Malena andades h\u00e4ftigare och k\u00e4nde hur Kajsas hand str\u00f6k henne l\u00e4tt \u00f6ver magen.<\/p>\n<p>&#8211; Har du sett hans kuk? Nej, det har du ju inte.<\/p>\n<p>Kajsa fnissade.<\/p>\n<p>&#8211; Den \u00e4r ganska stor. N\u00e4r jag suger av honom brukar jag inte kunna f\u00e5 in hela kuken i munnen f\u00f6rutom precis efter att han sprutat. Det smakar s\u00e5 gott av honom n\u00e4r han knullat mig och kommit i mig. D\u00e5 brukar jag ta honom i min mun och slicka av honom&#8230;<\/p>\n<p>Malena k\u00e4nde hur Kajsas hand gled upp\u00e5t mot hennes br\u00f6st.<\/p>\n<p>&#8211; Inatt ville jag ha honom s\u00e5 h\u00e5rd som m\u00f6jligt. S\u00e5 k\u00e5t&#8230;<\/p>\n<p>Hon viskade allt n\u00e4rmare i Malenas \u00f6ra. Andredr\u00e4kten het mot kinden.<\/p>\n<p>&#8211; Jag s\u00f6g tills han var n\u00e4ra att komma. Runkade honom snabbt samtidigt och tog om hans pung. Han tycker om n\u00e4r jag g\u00f6r det&#8230; brukar du ocks\u00e5 g\u00f6ra s\u00e5? Suga tills killen n\u00e4stan sprutar, tills han \u00e4r s\u00e5 h\u00e5rd i din mun att du k\u00e4nner smaken av sperma?<\/p>\n<p>Malena k\u00e4nde hur Kajsas hand smekte konturen av hennes br\u00f6st. Vad var det som h\u00f6ll p\u00e5 att h\u00e4nda?<\/p>\n<p>&#8211; Du \u00e4r s\u00e5 vacker, Malena. Jag t\u00e4nder p\u00e5 dig, vet du det? Jag brukar t\u00e4nka p\u00e5 dig n\u00e4r jag onanerar. Brukar t\u00e4nka p\u00e5 dina sk\u00f6na br\u00f6st, brukar fantisera om att jag suger p\u00e5 dina br\u00f6stv\u00e5rtor och att du njuter av det.<\/p>\n<p>Kajsas hand smekte hennes br\u00f6st och Malena k\u00e4nde hur br\u00f6stv\u00e5rtorna styvnade.<\/p>\n<p>&#8211; \u00c4r det sk\u00f6nt?, fr\u00e5gade hon.<\/p>\n<p>&#8211; Ja. J\u00e4ttesk\u00f6nt.<\/p>\n<p>Malena fl\u00e4mtade till. Nu k\u00e4nde hon hur hon blev \u00e4nnu v\u00e5tare.<\/p>\n<p>&#8211; Markus blev s\u00e5 k\u00e5t. Jag la mig ner p\u00e5 rygg och s\u00e4rade p\u00e5 mina ben s\u00e5 mycket jag kunde. K\u00e4nn h\u00e4r&#8230;<\/p>\n<p>Kajsa f\u00f6rde Malenas hand ner mellan benen.<\/p>\n<p>&#8211; K\u00e4nner du? Jag har inga trosor p\u00e5 mig nu heller. K\u00e4nner du hur v\u00e5t jag \u00e4r?<\/p>\n<p>&#8211; Mmmm, st\u00f6nade Malena.<\/p>\n<p>&#8211; Markus st\u00e4llde sig mellan mina ben och det var s\u00e5 sk\u00f6nt&#8230; s\u00e5 sk\u00f6nt att se hans h\u00e5rda, stora kuk&#8230; och han s\u00e5g p\u00e5 mig, jag var s\u00e5 v\u00e5t, s\u00e5 \u00f6ppen&#8230;<\/p>\n<p>Malenas hand smekte Kajsa mellan benen. Kajsa \u00e4ndrade st\u00e4llning s\u00e5 att Malena kunde komma \u00e5t b\u00e4ttre.<\/p>\n<p>&#8211; Sen kom han in i mig&#8230; k\u00f6rde in sin stora, h\u00e5rda kuk i min bl\u00f6ta fitta&#8230; vet du vad jag t\u00e4nkte p\u00e5 d\u00e5? Vet du?<\/p>\n<p>Kajsa smekte hennes br\u00f6stv\u00e5rtor och Malena k\u00e4nde hur Kajsa kysste hennes br\u00f6st.<\/p>\n<p>&#8211; Mmm&#8230; precis s\u00e5 sk\u00f6n som jag trodde. Du \u00e4r s\u00e5 sk\u00f6n, Malena.<\/p>\n<p>Kajsa b\u00f6rjade andas h\u00e4ftigare.<\/p>\n<p>&#8211; Jag t\u00e4nkte att du h\u00f6rde oss, att du l\u00e5g h\u00e4rute och smekte dig sj\u00e4lv&#8230; h\u00f6rde du mig d\u00e5?&#8230; h\u00f6rde du n\u00e4r jag st\u00f6nade, h\u00f6rde du hur han knullade mig?&#8230; jag ville att du skulle h\u00f6ra&#8230; ville g\u00f6ra dig k\u00e5t&#8230;<\/p>\n<p>Kajsas hand gled ner \u00f6ver Malenas mage och ner mot hennes underliv. Smekte varsamt \u00f6ver trosorna.<\/p>\n<p>&#8211; Du \u00e4r v\u00e5t&#8230; onanerade du f\u00f6rut n\u00e4r jag kom ut?&#8230; blev du k\u00e5t av vad du h\u00f6rde?&#8230; v\u00e4nta&#8230; jag vill k\u00e4nna p\u00e5 dig&#8230;<\/p>\n<p>Malena k\u00e4nde hur Kajsas hand gled in under troskanten och ryste till av v\u00e4llust n\u00e4r den n\u00e5dde fram till hennes blygdl\u00e4ppar.<\/p>\n<p>&#8211; Mmm&#8230; du g\u00f6r mig s\u00e5 k\u00e5t ocks\u00e5&#8230; n\u00e4r Markus knullade mig t\u00e4nkte jag att det var du&#8230; att det var du som fick mig att komma&#8230;<\/p>\n<p>Kajsa smekte med fingrarna upp och ner i fitt\u00f6ppningen. Malena k\u00e4nde hur hennes mage kn\u00f6t sig av k\u00e5thet.<\/p>\n<p>&#8211; \u00c4r det sk\u00f6nt n\u00e4r jag smeker dig? K\u00e4nns det bra?<\/p>\n<p>&#8211; Mmmm, st\u00f6nade Malena tyst.<\/p>\n<p>Kajsa nafsade l\u00e4tt p\u00e5 Malenas \u00f6rsnibb och vilade huvudet i hennes halsgrop. Nu smekte hon mer rytmiskt och kr\u00e4vande och n\u00e4r hon fortsatte viska var det ord som sas f\u00f6r att k\u00e5ta upp \u00e4nnu mer.<\/p>\n<p>&#8211; Han k\u00f6rde in sin h\u00e5rda kuk i mig&#8230; han kom \u00e4nda in i min fitta redan med f\u00f6rsta st\u00f6ten&#8230; mmm&#8230; du \u00e4r s\u00e5 sk\u00f6n&#8230; din fitta \u00e4r s\u00e5 het och sk\u00f6n&#8230; H\u00e5rdare och h\u00e5rdare&#8230;. h\u00f6rde du hur jag st\u00f6nade n\u00e4r det gick f\u00f6r mig?&#8230; jag kom s\u00e5 fort, s\u00e5 snabbt, jag t\u00e4nkte p\u00e5 dig, t\u00e4nkte p\u00e5 dina h\u00e4nder p\u00e5 min kropp&#8230; det var du som fick mig att komma&#8230; \u00e5\u00e5\u00e5hhh&#8230;. d\u00e4r&#8230; d\u00e4r&#8230;. du \u00e4r s\u00e5 v\u00e5t&#8230; han kom i mig ocks\u00e5&#8230; sprutade mig full med sperma&#8230; sk\u00f6nt&#8230; sk\u00f6nt&#8230; vill du ocks\u00e5?&#8230; vill du \u00e4lska med mig?&#8230; vill du ocks\u00e5 knulla mig?&#8230; du f\u00e5r om du vill&#8230; jag vill att du ska knulla mig&#8230; k\u00e4nn p\u00e5 mig&#8230; ta p\u00e5 mig&#8230; smek mig, smek mina br\u00f6st&#8230;<\/p>\n<p>Malena k\u00e4nde hur orgasmen var n\u00e4ra. Kajsas fingrar r\u00f6rde sig snabbt och m\u00e5lmedvetet i hennes slid\u00f6ppning.<\/p>\n<p>&#8211; Markus blev k\u00e5t p\u00e5 dig&#8230; Jag ber\u00e4ttar f\u00f6r honom n\u00e4r jag t\u00e4nker p\u00e5 dig&#8230; det g\u00f6r honom k\u00e5t&#8230; mmm&#8230; vill du k\u00e4nna hans kuk i dig ocks\u00e5?&#8230; vill du bli knullad av honom?&#8230;<\/p>\n<p>Kajsa f\u00f6rde in ett finger i Malenas fitta och b\u00f6rjade f\u00f6ra det snabbt in och ut.<\/p>\n<p>&#8211; S\u00e5 sk\u00f6nt att k\u00e4nna hans sperma spruta i mig&#8230; jag blir s\u00e5 k\u00e5t n\u00e4r han kommer i mig&#8230; underbart att k\u00e4nna hans kuk spruta inuti mig&#8230; mmmm&#8230; sk\u00f6nt&#8230;. sk\u00f6nt&#8230; g\u00e5r det snart?&#8230; kommer du?&#8230; kom&#8230; kom&#8230; jag blir s\u00e5 k\u00e5t av att se dig&#8230; av att r\u00f6ra dig, smeka dig&#8230;<\/p>\n<p>Malena blundade och k\u00e4nde hur orgasmen byggdes upp. Pl\u00f6tsligt k\u00e4nde hon hur n\u00e5gon grep tag om hennes smalben och f\u00f6rde is\u00e4r hennes ben.<\/p>\n<p>&#8211; Nu&#8230; nu \u00e4r det din tur&#8230;<\/p>\n<p>Malena tittade upp och s\u00e5g Markus sitta p\u00e5 huk i soffan mellan hennes ben. Han h\u00f6ll hennes ben s\u00e4rade med sina h\u00e4nder. S\u00e5 kom hon. Kajsas fingrar r\u00f6rde sig snabbt \u00f6ver hennes klitoris och orgasmen fl\u00f6dade \u00f6ver henne som en stormv\u00e5g. I samma \u00f6gonblick k\u00e4nde hon hur Markus tr\u00e4ngde in i henne. Hans kuk var stor och h\u00e5rd och hon k\u00e4nde hur hennes tr\u00e5nga fitta t\u00e4njdes ut. Kajsa st\u00f6nade i hennes \u00f6ra.<\/p>\n<p>&#8211; Det \u00e4r jag som knullar dig. Det \u00e4r min kuk som knullar dig. K\u00e4nner du hur stor jag \u00e4r inne i dig?<\/p>\n<p>Markus st\u00f6tte h\u00e5rt och snabbt och det gick f\u00f6r Malena igen. Hon kunde inte t\u00e4nka klart l\u00e4ngre, allt var ett virrvarr. Kajsas andedr\u00e4kt i hennes \u00f6ra, Kajsas k\u00e5ta ord och Kajsas h\u00e4nder som smekte hennes br\u00f6st; Markus h\u00e5rda, stora kuk som knullade henne allt h\u00e5rdare, allt snabbare&#8230;<\/p>\n<p>N\u00e4r det gick f\u00f6r henne den h\u00e4r g\u00e5ngen svartnade allt f\u00f6r hennes \u00f6gon och n\u00e4r hon kom upp till ytan igen k\u00e4nde hon hur Markus sprutade inuti henne. Hans kuk var s\u00e5 h\u00e5rd att det n\u00e4stan gjorde ont inuti henne, men det var en sk\u00f6n sm\u00e4rta, en sm\u00e4rta som var blandad med v\u00e4llust och hon tryckte honom l\u00e4ngre in i sig, kramade om hans stj\u00e4rt med sina h\u00e4nder och h\u00f6ll honom fast&#8230;<\/p>\n<p>Kajsa fnittrade tyst mot hennes hals. Malena andades tungt och k\u00e4nde hur Markus sperma sakta rann ut ur henne. Det var s\u00e5 sk\u00f6nt att k\u00e4nna hans fortfarande styva kuk inne i fittan. Han fyllde henne helt och det gick en rysning genom hennes kropp n\u00e4r hon kom att t\u00e4nka p\u00e5 hur det skulle k\u00e4nnas att l\u00e5ta honom tr\u00e4nga in d\u00e4r bak. Men inte nu. Inte nu. Hon sl\u00f6t \u00f6gonen och k\u00e4nde Kajsas mun som sl\u00f6t sig kring hennes styva br\u00f6stv\u00e5rta.<\/p>\n<p>Den natten hade hon sovit med armen om Kajsa.<\/p>\n<p>&nbsp;<\/p>\n<p>Jeremias M.<\/p>\n<p><img decoding=\"async\" loading=\"lazy\" src=\"https:\/\/i1.wp.com\/www.cirkuseros.nu\/app\/uploads\/2016\/11\/tunnlinjeoriginal_584.gif?resize=584%2C8&#038;ssl=1\" alt=\"\" data-recalc-dims=\"1\" \/><a href=\"https:\/\/www.cirkuseros.nu\/index.php\/text\/noveller\/noveller-av-gastartister\/\"><strong>Tillbaka till Noveller av g\u00e4startister \u00bb<\/strong><\/a><\/p>\n<p><img decoding=\"async\" loading=\"lazy\" src=\"https:\/\/i0.wp.com\/www.cirkuseros.nu\/app\/uploads\/2017\/01\/heartline_584.gif?resize=584%2C20&#038;ssl=1\" alt=\"Heartline\" data-recalc-dims=\"1\" \/><\/p>\n<p><img decoding=\"async\" loading=\"lazy\" src=\"https:\/\/i2.wp.com\/www.cirkuseros.nu\/app\/uploads\/2016\/10\/fri_kursbanner_ani.gif?resize=584%2C140&#038;ssl=1\" alt=\"\" data-recalc-dims=\"1\" \/><\/p>\n","protected":false},"excerpt":{"rendered":"<p>Malena hade f\u00f6ljt med Kajsa hem den d\u00e4r natten. Kajsa var bara nitton \u00e5r, ganska naiv p\u00e5 m\u00e5nga s\u00e4tt, men med en humor som var avv\u00e4pnande och charmig. De hade pratat en hel del under rasterna mellan f\u00f6rel\u00e4sningarna; funnit varandra &hellip; <a href=\"https:\/\/www.cirkuseros.nu\/index.php\/text\/noveller\/noveller-av-gastartister\/malena-kajsa-markus\/\">Forts\u00e4tt l\u00e4sa <span class=\"meta-nav\">&rarr;<\/span><\/a><\/p>\n","protected":false},"author":2,"featured_media":0,"parent":501,"menu_order":22,"comment_status":"closed","ping_status":"closed","template":"sidebar-page.php","meta":[],"_links":{"self":[{"href":"https:\/\/www.cirkuseros.nu\/index.php\/wp-json\/wp\/v2\/pages\/919"}],"collection":[{"href":"https:\/\/www.cirkuseros.nu\/index.php\/wp-json\/wp\/v2\/pages"}],"about":[{"href":"https:\/\/www.cirkuseros.nu\/index.php\/wp-json\/wp\/v2\/types\/page"}],"author":[{"embeddable":true,"href":"https:\/\/www.cirkuseros.nu\/index.php\/wp-json\/wp\/v2\/users\/2"}],"replies":[{"embeddable":true,"href":"https:\/\/www.cirkuseros.nu\/index.php\/wp-json\/wp\/v2\/comments?post=919"}],"version-history":[{"count":2,"href":"https:\/\/www.cirkuseros.nu\/index.php\/wp-json\/wp\/v2\/pages\/919\/revisions"}],"predecessor-version":[{"id":13261,"href":"https:\/\/www.cirkuseros.nu\/index.php\/wp-json\/wp\/v2\/pages\/919\/revisions\/13261"}],"up":[{"embeddable":true,"href":"https:\/\/www.cirkuseros.nu\/index.php\/wp-json\/wp\/v2\/pages\/501"}],"wp:attachment":[{"href":"https:\/\/www.cirkuseros.nu\/index.php\/wp-json\/wp\/v2\/media?parent=919"}],"curies":[{"name":"wp","href":"https:\/\/api.w.org\/{rel}","templated":true}]}}