{"id":920,"date":"2016-11-20T01:28:46","date_gmt":"2016-11-20T00:28:46","guid":{"rendered":"https:\/\/cirkuseros.wordpress.com\/?page_id=920"},"modified":"2023-09-26T16:16:37","modified_gmt":"2023-09-26T14:16:37","slug":"sofi-i-anal-fantasi","status":"publish","type":"page","link":"https:\/\/www.cirkuseros.nu\/index.php\/text\/noveller\/noveller-av-gastartister\/sofi-i-anal-fantasi\/","title":{"rendered":"Sofi I \u2013 anal fantasi"},"content":{"rendered":"<p>Det var tredje dagen nu som Sofi jobbade med det h\u00e4r kontot. Hon hade suttit b\u00f6jd \u00f6ver kalkylbladen timma ut och timma in och k\u00e4nde sig allt n\u00e4rmare kollapsen. Ibland hade hon k\u00e4nt det som om hon hade tagit sig vatten \u00f6ver huvudet &#8211; trodde hennes chef verkligen att hon kunde fixa allt det h\u00e4r p\u00e5 egen hand? &#8211; men hon k\u00e4mpade p\u00e5 i alla fall, och sakta men s\u00e4kert hade hon arbetat sig igenom bokf\u00f6ringen.<\/p>\n<p>Jod\u00e5, firman var alltigenom solid. N\u00e4r Anders kom tillbaka p\u00e5 m\u00e5ndag skulle hon ha goda nyheter. Den tillt\u00e4nkta samarbetspartnern skulle fungera alldeles utm\u00e4rkt. Om m\u00f6tet med representanten gick bra s\u00e5 skulle det inte finnas n\u00e5gra som helst problem med aff\u00e4ren.<\/p>\n<p>Anders, hennes chef, var bortrest resten av veckan, p\u00e5 m\u00e4ssa i Stockholm, och hade l\u00e4mnat hela verksamheten &#8211; det som var att g\u00f6ra, vilket f\u00f6rutom genomg\u00e5ngen av r\u00e4kenskaperna hon satt med nu inte var s\u00e5 d\u00e4r v\u00e4rst mycket &#8211; till Sofi. Efter bara n\u00e5t \u00e5r som ekonomiansvarig p\u00e5 byr\u00e5n hade Anders m\u00e4rkt att Sofi var en ovanligt p\u00e5litlig anst\u00e4lld som inte bara tog ansvar f\u00f6r den ekonomiska delen av f\u00f6retaget. Hon hade p\u00e5 mycket kort tid blivit en social tillg\u00e5ng f\u00f6r byr\u00e5n. N\u00e4r det kom kunder p\u00e5 bes\u00f6k var hon alltid den som tog hand om dem. Hon var charmig och kompetent, och den kombinationen var inte alldeles vanlig. Framf\u00f6rallt inte i en tjej som bara var tjugotre \u00e5r gammal. Allt hade l\u00f6st sig bra. Tv\u00e5mannaf\u00f6retaget fungerade utan problem.<\/p>\n<p>Sofi hade tyckt bra om sin chef fr\u00e5n f\u00f6rsta b\u00f6rjan. Han var sn\u00e4ll och r\u00e4ttvis, och hon hade snart k\u00e4nt att hon hade hans f\u00f6rtroende. Efter hand hade hennes ansvar \u00f6kat, och att han nu rest iv\u00e4g och l\u00e4mnat allt i hennes h\u00e4nder var egentligen bara ytterligare ett bevis p\u00e5 att han litade p\u00e5 henne obetingat.<\/p>\n<p>Hon v\u00e4nde p\u00e5 \u00e4nnu ett papper, fullklottrat med r\u00f6da marginalanteckningar. Hon hade haft lite sv\u00e5rt att koncentrera sig idag. Kv\u00e4llen innan hade hon haft ett stort gr\u00e4l med sin pojkv\u00e4n, och hon var fortfarande arg och lite ledsen. De b\u00f6rjade v\u00e4xa ifr\u00e5n varandra. De hade varit tillsammans i fem \u00e5r, och det hade b\u00f6rjat g\u00e5 slentrian i f\u00f6rh\u00e5llandet. Sofi k\u00e4nde sig inst\u00e4ngd. De var v\u00e4ldigt olika. Olika intressen, olika tycke och smak om det mesta.<\/p>\n<p>Det mest tydliga som skiljde dem \u00e5t var v\u00e4l sex.<\/p>\n<p>N\u00e4r de f\u00f6rst hade blivit ihop hade Sofi varit oskuld, och det var han som f\u00f6rf\u00f6rde henne. Han hade tagit hennes oskuld i ett t\u00e4lt n\u00e4r de \u00f6vernattade vid en insj\u00f6. Hon kunde fortfarande t\u00e4nka tillbaka p\u00e5 den d\u00e4r natten med \u00f6mhet; minnas hans h\u00e4nder som kn\u00e4ppte upp hennes byxor och den f\u00f6rv\u00e4ntan och den k\u00e5thet hon hade k\u00e4nt n\u00e4r hon k\u00e4nde hans st\u00e5nd mot sitt l\u00e5r. Han hade varit f\u00f6rsiktig och v\u00e4ntat tills hon var n\u00e4ra att brista av lust. F\u00f6rst d\u00e5 hade han tr\u00e4ngt in i henne, sakta, f\u00f6rsiktigt.<\/p>\n<p>Det hade varit sk\u00f6nt att k\u00e4nna hans h\u00e5rda v\u00e4rme i sig. S\u00e5 olikt allting annat. Hon hade onanerat i smyg med sin storasysters rosaf\u00e4rgade, gulliga dildo, som hon hittat en g\u00e5ng n\u00e4r hon var ensam hemma. Men det h\u00e4r var n\u00e5got helt annat. Hett, h\u00e5rt, pulserande. Inte alls gulligt. Hon kunde fortfarande bli k\u00e5t vid tanken p\u00e5 den d\u00e4r f\u00f6rsta natten.<\/p>\n<p>Men sen hade de sakta men s\u00e4kert v\u00e4xt ifr\u00e5n varandra. Den f\u00f6rsta tiden hade de f\u00f6rst\u00e5s \u00e4lskat hela tiden, \u00f6verallt. De hade \u00e4lskat p\u00e5 k\u00f6ksbordet, i soffan, i duschen; han hade tagit henne bakifr\u00e5n n\u00e4r hon stod lutad mot balkongr\u00e4cket; hon hade sugit av honom p\u00e5 bion, och en g\u00e5ng hemma hos hennes f\u00f6r\u00e4ldrar i gillestugan n\u00e4r resten av sl\u00e4kten var ute i tr\u00e4dg\u00e5rden och grillade; de hade \u00e4lskat i parken och i hans bil&#8230;<\/p>\n<p>Men till slut var det inte sp\u00e4nnande l\u00e4ngre. Visst, Sofi kunde fortfarande bli k\u00e5t n\u00e4r han smekte henne, kunde fortfarande k\u00e4nna lusten att f\u00e5 k\u00e4nna hans kuk i sin fitta. Men den d\u00e4r vassa, k\u00e5tfyllda eggen var borta. Eller var hon p\u00e5 v\u00e4g n\u00e5n annanstans, p\u00e5 v\u00e4g bort i tanken?<\/p>\n<p>Ig\u00e5r hade de gr\u00e4lat. Det var inte f\u00f6rsta g\u00e5ngen den h\u00e4r m\u00e5naden. Sofi hade k\u00e4nt sig k\u00e5t hela dan, och n\u00e4r natten kom hade hon smugit t\u00e4tt intill sin pojkv\u00e4n i s\u00e4ngen. Det hade inte tagit m\u00e5nga minuter att smeka hans kuk f\u00f6rr\u00e4n han hade fullt st\u00e5nd. Hon hade runkat honom tills dess att han var n\u00e4ra att spruta, och f\u00f6rst d\u00e5, n\u00e4r han var som mest upphetsad och var n\u00e4ra att komma, hade hon slutat och st\u00e4llt sig p\u00e5 alla fyra i s\u00e4ngen.<\/p>\n<p>Hon hade velat testa n\u00e5got nytt den h\u00e4r g\u00e5ngen. Ville inte ha honom i fittan. Ville att han skulle knulla henne d\u00e4r bak, ta henne i det andra h\u00e5let.<\/p>\n<p>Hon hade ofta t\u00e4nkt p\u00e5 det. Fantiserat om hur det skulle k\u00e4nnas med en h\u00e5rd, styv kuk som sakta tr\u00e4ngde sig in i hennes tr\u00e5nga anal\u00f6ppning. En g\u00e5ng, n\u00e4r hon var sexton, n\u00e4r hon anv\u00e4nt sin systers rosa dildo och k\u00e4nde orgasmen n\u00e4rma sig, hade hon pr\u00f6vat att f\u00f6ra in dildon d\u00e4r bak. Det hade varit tr\u00e5ngt, men hennes fittsafter hade gjort dildon hal och hon hade sakta f\u00f6rt in den kanske fem centimeter. Det hade varit ovant, men fruktansv\u00e4rt sk\u00f6nt; och hon hade blivit \u00e4nnu k\u00e5tare av det dubbelt f\u00f6rbjudna i det hon gjorde.<\/p>\n<p>Efter n\u00e5gra minuter hade hon sett sig om efter n\u00e5got som kunde g\u00f6ra det enklare att komma l\u00e4ngre in med dildon. Hon ville k\u00e4nna den \u00e4nda inne. Hon hade sprungit in i sin systers rum och rotat igenom hennes l\u00e5dor. Hon visste att hennes storasyster hade sex med sin pojkv\u00e4n &#8211; ibland l\u00e5g hon om n\u00e4tterna och h\u00f6rde genom v\u00e4ggen hur de knullade, h\u00f6rde hur hennes syster st\u00f6nade d\u00e4mpat av v\u00e4llust n\u00e4r hennes kille knullade henne &#8211; och hon visste att hennes syster ofta onanerade n\u00e4r hon var ensam.<\/p>\n<p>I en l\u00e5da, g\u00f6mt l\u00e5ngt bakom gamla skolkataloger och p\u00e4rmar med skolpapper och anteckningsblock, hittade Sofi det hon s\u00f6kte. Dildon hade hennes storasyster f\u00f6r det mesta i nattduksbordet. H\u00e4r hade hon g\u00f6mt sina andra leksaker. Det var den lilla gula dosan med vaselin som Sofi egentligen letade efter, men det hade g\u00e5tt en rysning av k\u00e5thet genom hennes kropp n\u00e4r hon sett de andra sakerna som l\u00e5g l\u00e4ngst in i l\u00e5dan. Tv\u00e5 paket med kondomer; ett \u00e4ggformat f\u00f6rem\u00e5l som verkade batteridrivet (och Sofi blev \u00e4nnu v\u00e5tare av att t\u00e4nka p\u00e5 vad fj\u00e4rrkontrollen till det lilla \u00e4gget skulle anv\u00e4ndas till, och vem som skulle anv\u00e4nda den); en stor, svart gummikuk &#8211; inte alls gullig och s\u00f6t som den lilla rosa, som Sofi brukade l\u00e5na i smyg &#8211; med sugpropp l\u00e4ngst ner vid basen; och tre eller fyra h\u00e5rdporrtidningar med bilder p\u00e5 par som knullade.<\/p>\n<p>Sofi hade sprungit tillbaka till sitt rum med vaselinburken. Det hade k\u00e4nts fruktansv\u00e4rt upphetsande att sm\u00f6rja in gummidildon med vaselin. Hon hade l\u00e5tsats att det var en riktig kuk och gjort runkr\u00f6relser med b\u00e5da h\u00e4nderna n\u00e4r hon smorde in den. Sen hade hon lagt sig p\u00e5 rygg och s\u00e4rat p\u00e5 benen. Det hade varit lite b\u00f6kigt att komma \u00e5t, men nu, n\u00e4r hon satte gummikuken mot anal\u00f6ppningen, gled den in mycket l\u00e4ttare. Det h\u00f6ll p\u00e5 att g\u00e5 f\u00f6r henne n\u00e4r hon k\u00e4nde hur hon sakta fylldes av dildon. Nu kom den in mycket l\u00e4ngre \u00e4n fem centimeter. Snart hade hon lyckats k\u00f6ra in den till mer \u00e4n h\u00e4lften. K\u00e4nslan var n\u00e4stan f\u00f6rlamande. Hon l\u00e4t dildon vara stilla och smekte sin klitoris med fingrarna och m\u00e4rkte att det skulle g\u00e5 f\u00f6r henne direkt.<\/p>\n<p>Med den andra handen b\u00f6rjade hon f\u00f6ra gummikuken in och ut. Snart visste hon inte vilken hand som gjorde vad; hennes fitta v\u00e4rkte och pulserade av k\u00e5thet n\u00e4r hon k\u00e4nde hur hon knullade sig sj\u00e4lv d\u00e4r bak, allt snabbare, allt l\u00e4ngre in, allt h\u00e5rdare; hennes fingrar smekte allt fortare \u00f6ver klitoris och n\u00e4r det gick f\u00f6r henne skrek hon h\u00f6gt; hon k\u00e4nde hur fittan drog ihop sig i kramper och hur hennes stj\u00e4rt fylldes av gummikuken&#8230;<\/p>\n<p>N\u00e4r hon kommit till sans igen hade det varit br\u00e5ttom att st\u00e4da upp efter sig. De andra i familjen skulle snart komma hem, och Sofi tv\u00e4ttade snabbt av dildon, som nu gl\u00e4nste av vaselin och k\u00e5tsafter. Hon hade hunnit l\u00e4gga allt till r\u00e4tta igen bara n\u00e5gra minuter innan hennes f\u00f6r\u00e4ldrar och hennes syster kom hem.<\/p>\n<p>N\u00e4r hon gick och la sig den natten hade hon dr\u00f6mt hon om den stora, svarta gummikuken i systerns hemliga l\u00e5da. Dr\u00f6mt att hon knullade sig sj\u00e4lv med den d\u00e4r bak, dr\u00f6mt att det var en riktig, levande, het kuk som gjorde henne bl\u00f6t och k\u00e5t.<\/p>\n<p>Hon hade vaknat mitt i natten av att det hade g\u00e5tt f\u00f6r henne. Hon hade knullat sig sj\u00e4lv med fingrarna, i s\u00f6mnen, och st\u00f6nat h\u00f6gt n\u00e4r hon kom.<\/p>\n<p>Sofi suckade och skruvade p\u00e5 sig i stolen. Om tv\u00e5 timmar skulle representanten f\u00f6r det nya f\u00f6retaget dyka upp. Hon var snart klar med f\u00f6rberedelserna. Chefen hade k\u00f6pt in vin och tilltugg s\u00e5 det fanns och blev \u00f6ver; det var viktigt med g\u00e4stfriheten i jakten p\u00e5 nya kunder och samarbetspartners. Och nu var det bara mekaniska detaljer kvar av f\u00f6rberedelserna. Sofi l\u00e4t tankarna far iv\u00e4g medan pennan l\u00f6pte l\u00e4ngs med marginalerna.<\/p>\n<p>Ig\u00e5r kv\u00e4ll hade det g\u00e5tt v\u00e4ldigt fel. Tidigare p\u00e5 dagen, n\u00e4r hon varit hemma p\u00e5 lunch (hon och hennes pojkv\u00e4n bodde ganska n\u00e4ra hennes jobb), hade den d\u00e4r l\u00e5ngvariga, kvardr\u00f6jande k\u00e5theten som hon k\u00e4nt hela morgonen varit extra sv\u00e5r att bem\u00e4stra. Hennes pojkv\u00e4n var ju inte hemma, s\u00e5klart. Och hursomhest brukade det vara b\u00e4st att vara ensam n\u00e4r hon gav sig h\u00e4n \u00e5t sina fantasier. Ibland hade hon misst\u00e4nkt att hennes pojkv\u00e4n var lite pryd och hon var ganska s\u00e4ker p\u00e5 att han inte skulle gilla vad hon fantiserade om n\u00e4r hon onanerade.<\/p>\n<p>Hon hade struntat i att \u00e4ta lunch och lagt sig p\u00e5 s\u00e4ngen ist\u00e4llet, med kl\u00e4derna p\u00e5. Ett \u00f6gonblicks verk att dra upp den tajta kjolen \u00f6ver magen och dra ner trosorna tillr\u00e4ckligt f\u00f6r att komma \u00e5t. Hon hade l\u00e5tit sina fingrar smeka i fitt\u00f6ppningen. Hon hade varit bl\u00f6t hela dagen, och nu k\u00e4nde hon hur fittan villigt \u00f6ppnade sig f\u00f6r ber\u00f6ringen; blygdl\u00e4pparna var svullna och hennes klitoris styv av k\u00e5thet.<\/p>\n<p>Hon hade nypt h\u00e5rt i sina br\u00f6stv\u00e5rtor. K\u00e4nt hur fittan blev bl\u00f6tare, k\u00e4nt hur k\u00e5theten blev allt mer intensiv.<\/p>\n<p>I trosl\u00e5dan, l\u00e4ngst in d\u00e4r hennes pojkv\u00e4n aldrig tittade, hade hon g\u00f6mt sin hemligaste leksak. Det hade dr\u00f6jt innan hon v\u00e5gat g\u00e5 in i den d\u00e4r lilla sjaskiga aff\u00e4ren nere i centrum och k\u00f6pa den, men hon hade haft den ett tag nu och hade aldrig \u00e5ngrat sitt mod.<\/p>\n<p>Nu \u00f6ppnade hon trosl\u00e5dan. Hennes h\u00e4nder letade vant fram den avl\u00e5nga kartongen och lyfte p\u00e5 locket.<\/p>\n<p>D\u00e4r var den. Hennes kompis. Hon hade g\u00e5tt omkring l\u00e4nge och tittat i hyllorna i butiken, och det hade gjort henne extra k\u00e5t att k\u00e4nna den kvinnliga expeditens blickar i ryggen n\u00e4r hon k\u00e4nde och kl\u00e4mde p\u00e5 provexemplaren som stod framme. Till sist hade hon valt. Gummikuken hon k\u00f6pte var stor och svart och \u00e5drig och formad precis som en kuk med ollon och pung. L\u00e4ngst ner hade den en sugpropp. N\u00e4r hon grep om den med handen n\u00e5dde hennes fingrar inte runt.<\/p>\n<p>Med ett vant grepp tog hon ut den tunga, l\u00e5nga gummikuken ur l\u00e5dan. Det var alltid lika sk\u00f6nt att k\u00e4nna tyngden av det varma gummit i handen, fruktansv\u00e4rt sk\u00f6nt och upphetsande att h\u00e5lla den i handen och k\u00e4nna toppen glida in mellan de hala, bl\u00f6ta fittl\u00e4pparna.<\/p>\n<p>Hennes blonda h\u00e5r l\u00e5g utslaget \u00f6ver kudden och det bildades sm\u00e5 svettdroppar p\u00e5 hennes panna n\u00e4r hon sakta f\u00f6rde in gummikuken i fittan. Br\u00f6stv\u00e5rtorna stod styva under blusen. Hon l\u00e4t dildon glida \u00f6ver klitoris innan hon f\u00f6rde in den igen, snabbare och djupare den h\u00e4r g\u00e5ngen.<\/p>\n<p>Snart knullade hon sig sj\u00e4lv besinningsl\u00f6st och k\u00e4nde hur orgasmen n\u00e4rmade sig. Men hon ville inte komma s\u00e5 snabbt.<\/p>\n<p>Hon satte sig upp i s\u00e4ngen och drog ut gummikuken ur fittan. Nu var den gl\u00e4nsande v\u00e5t och hal av hennes fittsafter. Hon slickade p\u00e5 toppen och smakade p\u00e5 sig sj\u00e4lv. Den var tillr\u00e4ckligt bl\u00f6t.<\/p>\n<p>Sofi reste sig upp med dildon i handen och gick fram till garderobsd\u00f6rren. Hon slickade p\u00e5 sugproppen och tryckte fast den mot h\u00f6rnet av garderobsd\u00f6rren. Nu satt den fast i lagom h\u00f6jd, och hon v\u00e4nde sig om och st\u00e4llde sig p\u00e5 alla fyra med stj\u00e4rten mot den dallrande gummikuken.<\/p>\n<p>Det var nu det brukade bli lite besv\u00e4rligt.<\/p>\n<p>Sofi smekte kring sin stj\u00e4rt\u00f6ppning och l\u00e4t sina fingrar vandra mellan de v\u00e5ta blygdl\u00e4pparna och anal\u00f6ppningen. Hon f\u00f6rde f\u00f6rsiktigt in ett finger och l\u00e4t det sjunka in i \u00e4ndan. F\u00f6rde det l\u00e5ngsamt in och ut.<\/p>\n<p>S\u00e5. Nu var det halt nog.<\/p>\n<p>Hon r\u00f6rde sig f\u00f6rsiktigt bak\u00e5t, fortfarande p\u00e5 alla fyra. Hon k\u00e4nde hur gummikuken nuddade vid hennes fittl\u00e4ppar och hon r\u00f6s till. Men det var inte d\u00e4r hon ville k\u00e4nna den nu.<\/p>\n<p>Hon str\u00e4ckte ena handen bakom ryggen och tog tag i dildon. Flyttade sig n\u00e4rmare. K\u00e4nde spetsen mot stj\u00e4rten. Dildon var bl\u00f6t och het av hennes fittsafter och n\u00e4r hon tryckte sig bak\u00e5t gled den in l\u00e4tt. Hon k\u00e4nde hur det breda gummiollonet tr\u00e4ngde in i hennes stj\u00e4rt och hon svankade med ryggen n\u00e4r hon tryckte sig \u00e4nnu l\u00e4ngre bak\u00e5t.<\/p>\n<p>Fem centimeter. Tio.<\/p>\n<p>Hon hade aldrig v\u00e5gat f\u00f6ra den \u00e4nda in tidigare, men den h\u00e4r g\u00e5ngen var hon f\u00f6r k\u00e5t f\u00f6r att stoppa sig sj\u00e4lv. Hon skrek av sm\u00e4rta och k\u00e5thet n\u00e4r hon k\u00e4nde hur gummikuken tr\u00e4ngde \u00e4nda in i hennes stj\u00e4rt.<\/p>\n<p>Sofi andades tungt och vilade kinden mot golvet. Hon skulle komma snart. Hon k\u00e4nde den grova gummikuken i sin stj\u00e4rt och m\u00e4rkte att fittan b\u00f6rjade dra ihop sig i kramper. Sk\u00f6nt. Sk\u00f6nt. Sofi st\u00f6nade djupt och b\u00f6rjade jucka fram och tillbaka mot gummikuken som gled in och ut ur hennes anal\u00f6ppning.<\/p>\n<p>Snabbare. H\u00e5rdare. Det gjorde lite ont och var underbart sk\u00f6nt p\u00e5 samma g\u00e5ng.<\/p>\n<p>Uppfylld. In och ut. I hennes tankar var det en stor, grov, h\u00e5rd kuk som pumpades in i hennes \u00e4nda; i hennes tankar var det en ok\u00e4nd kvinna som knullade henne h\u00e5rt och djupt med sin favoritleksak; i hennes tankar var det en ok\u00e4nd man som k\u00f6rde in sin styva, l\u00e5nga kuk i hennes stj\u00e4rt; i hennes tankar blev hon knullad av sin chef&#8230;<\/p>\n<p>Alla fantasier blandade sig i hennes k\u00e5thet.<\/p>\n<p>Snabbare. H\u00e5rdare. Det k\u00e4ndes som om hon skulle spricka. Som om stj\u00e4rten skulle g\u00e5 s\u00f6nder. S\u00e5 sk\u00f6nt.<\/p>\n<p>Hon skrek h\u00f6gt n\u00e4r hon kom, snyftade v\u00e5ldsamt och k\u00e4nde konvulsionerna l\u00f6pa genom kroppen.<\/p>\n<p>Efter en stund hade hon vaknat till liv p\u00e5 golvet. Hon var \u00f6m i stj\u00e4rten och hon k\u00e4nde hur stor hon var d\u00e4r nu. Utt\u00e4njd. Det k\u00e4ndes ovant men hon blev k\u00e5t vid tanken p\u00e5 att snart g\u00e5 ut bland folk igen. K\u00e5t vid tanken att g\u00e5 genom stan och k\u00e4nna hur stj\u00e4rten \u00f6mmade under kjolen av den omilda behandlingen.<\/p>\n<p>Hon hade st\u00e4dat undan snabbt och effektivt, och n\u00e4r kv\u00e4llen och natten \u00e4ntligen kom hade hon best\u00e4mt sig f\u00f6r att f\u00e5 sin kille att knulla henne d\u00e4r bak. Pryd eller inte. Nu r\u00e4ckte inte hennes leksak till l\u00e4ngre. Hon ville k\u00e4nna sperman spruta in i hennes stj\u00e4rt, ville k\u00e4nna hur en riktig kuk knullade henne d\u00e4r.<\/p>\n<p>Han hade varit v\u00e4ldigt n\u00e4ra att spruta n\u00e4r Sofi pl\u00f6tsligt slutade runka honom. Han hade tittat f\u00f6rv\u00e5nat p\u00e5 henne n\u00e4r hon st\u00e4llde sig p\u00e5 alla fyra i s\u00e4ngen framf\u00f6r honom. Hennes h\u00e4nder hade s\u00f6kt sig bak mot \u00e4ndan, och hon hade delat p\u00e5 sina stj\u00e4rthalvor och k\u00e4nt hur hans f\u00f6rv\u00e5nade \u00f6gon br\u00e4nt sig fast vid hennes stj\u00e4rt.<\/p>\n<p>&#8211; Vad g\u00f6r du?, fr\u00e5gade han f\u00f6rvirrat.<\/p>\n<p>&#8211; Kom, hade hon svarat. Kom.<\/p>\n<p>Han hade st\u00e4llt sig upp bakom henne, och hon hade sett mellan sina ben n\u00e4r hon lutade sig fram\u00e5t i s\u00e4ngen att hans kuk var ovanligt stor och h\u00e5rd. Var det hennes f\u00f6rtj\u00e4nst? Sofi r\u00f6rde p\u00e5 h\u00f6fterna och viskade.<\/p>\n<p>&#8211; Knulla mig. K\u00f6r in din stora h\u00e5rda kuk i min \u00e4nda. Knulla mig, ta mig, knulla mig h\u00e5rt.<\/p>\n<p>Hennes pojkv\u00e4n hade stannat i r\u00f6relsen d\u00e5; hon kunde se hur hans hand slutade r\u00f6ra sig upp och ner l\u00e4ngs den styva kuken.<\/p>\n<p>&#8211; Du \u00e4r inte klok. Vad fan tar det \u00e5t dig?<\/p>\n<p>&#8211; Du f\u00e5r, hade Sofi st\u00f6nat. Du f\u00e5r knulla mig d\u00e4r bak. Jag vill det. Kom. K\u00f6r in den, ta mig, ta mig, knulla mig.<\/p>\n<p>Han hade satt sig ner bakom henne i s\u00e4ngen.<\/p>\n<p>&#8211; Aldrig. Du \u00e4r fan i mig inte riktigt klok. Du \u00e4r v\u00e4l inget fnask heller. L\u00e4gg av.<\/p>\n<p>Han var riktigt arg.<\/p>\n<p>&#8211; \u00c4r det s\u00e5nt du t\u00e4nder p\u00e5?, fr\u00e5gade han. \u00c4r det det?<\/p>\n<p>Sofi v\u00e4nde sig om och s\u00e5g att hans kuk fortfarande stod styv mellan l\u00e5ren trots att han var arg.<\/p>\n<p>&#8211; Ja, \u00e4n sen d\u00e5?<\/p>\n<p>Nu blev hon arg. Vem var han att klaga p\u00e5 henne, egentligen?<\/p>\n<p>&#8211; Vill du veta vad jag g\u00f6r n\u00e4r du inte \u00e4r hemma? Vill du det?<\/p>\n<p>Sofi kr\u00f6p n\u00e4ra intill sin pojkv\u00e4n och tog ett stadigt tag om hans kuk. Han blev tyst och s\u00e5g lite r\u00e4dd ut, men kuken blev stenh\u00e5rd s\u00e5 fort hon nuddade vid den.<\/p>\n<p>&#8211; N\u00e4r jag \u00e4r ensam hemma s\u00e5 t\u00e4nker jag att jag blir knullad i stj\u00e4rten&#8230;<\/p>\n<p>Sofi b\u00f6rjade runka hans h\u00e5rda kuk med snabba, aggressiva runktag.<\/p>\n<p>&#8211; Jag smeker min fitta tills det g\u00e5r f\u00f6r mig och t\u00e4nker p\u00e5 att n\u00e5n k\u00f6r in sin stora kuk i mig d\u00e4r bak, att n\u00e5n knullar mig h\u00e5rt d\u00e4r bak&#8230; och det \u00e4r inte du. Inte den h\u00e4r kuken, inte din kuk som knullar mig. Jag blir s\u00e5 v\u00e5t&#8230; s\u00e5 k\u00e5t, s\u00e5 j\u00e4vla k\u00e5t av att t\u00e4nka p\u00e5 det&#8230; f\u00f6rst\u00e5r du?<\/p>\n<p>Han b\u00f6rjade andas h\u00e4ftigt och Sofi k\u00e4nde att hans sperma var n\u00e4ra att spruta. Hon runkade allt h\u00e4ftigare och h\u00e5rdare och sa k\u00e5ta saker f\u00f6r att f\u00e5 honom h\u00e5rdare.<\/p>\n<p>&#8211; Vem som helst f\u00e5r knulla mig i analen i mina fantasier. Vem som helst. Blir k\u00e5t av att t\u00e4nka p\u00e5 att din bror kunde knulla mig d\u00e4r. Eller din pappa. Eller vem som helst av killarna i ditt j\u00e4vla innebandylag&#8230;<\/p>\n<p>Det gick f\u00f6r honom och Sofi k\u00e4nde hans sperma rinna l\u00e4ngs med fingrarna. S\u00e5. Det var det.<\/p>\n<p>&#8211; Fan ta dig, sa hon. Du har ingen j\u00e4vla r\u00e4tt att moralisera \u00f6ver mig.<\/p>\n<p>Hon hade sl\u00e4ngt sig ner under t\u00e4cket och v\u00e4nt sig om utan att s\u00e4ga ett ord till, och efter en stund h\u00f6rde hon hur han kr\u00f6p ner i s\u00e4ngen bredvid henne. Hon hade somnat med doften av hans sperma i n\u00e4sborrarna och morgonen d\u00e4refter hade de inte pratat med varandra.<\/p>\n<p>&nbsp;<\/p>\n<p>Jeremias M.<\/p>\n<p><img decoding=\"async\" loading=\"lazy\" src=\"https:\/\/i1.wp.com\/www.cirkuseros.nu\/app\/uploads\/2016\/11\/tunnlinjeoriginal_584.gif?resize=584%2C8&#038;ssl=1\" alt=\"\" data-recalc-dims=\"1\" \/><a href=\"https:\/\/www.cirkuseros.nu\/index.php\/text\/noveller\/noveller-av-gastartister\/\"><strong>Tillbaka till Noveller av g\u00e4startister \u00bb<\/strong><\/a><\/p>\n<p><img decoding=\"async\" loading=\"lazy\" src=\"https:\/\/i0.wp.com\/www.cirkuseros.nu\/app\/uploads\/2017\/01\/heartline_584.gif?resize=584%2C20&#038;ssl=1\" alt=\"Heartline\" data-recalc-dims=\"1\" \/><\/p>\n<p><img decoding=\"async\" loading=\"lazy\" src=\"https:\/\/i2.wp.com\/www.cirkuseros.nu\/app\/uploads\/2016\/10\/fri_kursbanner_ani.gif?resize=584%2C140&#038;ssl=1\" alt=\"\" data-recalc-dims=\"1\" \/><\/p>\n","protected":false},"excerpt":{"rendered":"<p>Det var tredje dagen nu som Sofi jobbade med det h\u00e4r kontot. Hon hade suttit b\u00f6jd \u00f6ver kalkylbladen timma ut och timma in och k\u00e4nde sig allt n\u00e4rmare kollapsen. Ibland hade hon k\u00e4nt det som om hon hade tagit sig &hellip; <a href=\"https:\/\/www.cirkuseros.nu\/index.php\/text\/noveller\/noveller-av-gastartister\/sofi-i-anal-fantasi\/\">Forts\u00e4tt l\u00e4sa <span class=\"meta-nav\">&rarr;<\/span><\/a><\/p>\n","protected":false},"author":2,"featured_media":0,"parent":501,"menu_order":23,"comment_status":"closed","ping_status":"closed","template":"sidebar-page.php","meta":[],"_links":{"self":[{"href":"https:\/\/www.cirkuseros.nu\/index.php\/wp-json\/wp\/v2\/pages\/920"}],"collection":[{"href":"https:\/\/www.cirkuseros.nu\/index.php\/wp-json\/wp\/v2\/pages"}],"about":[{"href":"https:\/\/www.cirkuseros.nu\/index.php\/wp-json\/wp\/v2\/types\/page"}],"author":[{"embeddable":true,"href":"https:\/\/www.cirkuseros.nu\/index.php\/wp-json\/wp\/v2\/users\/2"}],"replies":[{"embeddable":true,"href":"https:\/\/www.cirkuseros.nu\/index.php\/wp-json\/wp\/v2\/comments?post=920"}],"version-history":[{"count":2,"href":"https:\/\/www.cirkuseros.nu\/index.php\/wp-json\/wp\/v2\/pages\/920\/revisions"}],"predecessor-version":[{"id":13262,"href":"https:\/\/www.cirkuseros.nu\/index.php\/wp-json\/wp\/v2\/pages\/920\/revisions\/13262"}],"up":[{"embeddable":true,"href":"https:\/\/www.cirkuseros.nu\/index.php\/wp-json\/wp\/v2\/pages\/501"}],"wp:attachment":[{"href":"https:\/\/www.cirkuseros.nu\/index.php\/wp-json\/wp\/v2\/media?parent=920"}],"curies":[{"name":"wp","href":"https:\/\/api.w.org\/{rel}","templated":true}]}}