{"id":922,"date":"2016-11-20T01:31:44","date_gmt":"2016-11-20T00:31:44","guid":{"rendered":"https:\/\/cirkuseros.wordpress.com\/?page_id=922"},"modified":"2023-09-26T16:19:18","modified_gmt":"2023-09-26T14:19:18","slug":"fest-for-fyra","status":"publish","type":"page","link":"https:\/\/www.cirkuseros.nu\/index.php\/text\/noveller\/noveller-av-gastartister\/fest-for-fyra\/","title":{"rendered":"Fest f\u00f6r fyra"},"content":{"rendered":"<p>\u201d\u00c4r du nerv\u00f6s?\u201d Han tittade illmarigt p\u00e5 Sabina. \u201dJa, vad tror du?\u201d svarade hon och s\u00e5g med ett generat leende ner i bordet. \u201dJag vet att jag varit k\u00e5t i en vecka bara av vetskapen om att vi skulle g\u00f6ra det h\u00e4r men&#8230; Varje g\u00e5ng jag f\u00f6rest\u00e4ller mig vad vi faktiskt kommer att g\u00f6ra s\u00e5 slutar det med att jag t\u00e4nker; Nej, jag kommer inte att klara det! Antingen kommer jag att falla ihop i hallen och fnittra hysteriskt eller helt enkelt bara g\u00e5 d\u00e4rifr\u00e5n.\u201d Han log roat mot henne. Ta det lugnt, det ordnar sig. Du kommer inte att g\u00f6ra n\u00e5gonting av det d\u00e4r, s\u00e5 drick du bara upp den d\u00e4r drinken nu s\u00e5 g\u00e5r vi.\u201d<\/p>\n<p>Tv\u00e5 Irish coffee i snabb f\u00f6ljd hade gett det resultat hon hoppats p\u00e5 och nu gick hon med sv\u00e4ngande h\u00f6fter och lagom gung i kn\u00e4na genom den tidiga kv\u00e4llen. Hon k\u00e4nde sig f\u00f6r tillf\u00e4llet alldeles lugn, ja, till och med sj\u00e4lvs\u00e4ker. H\u00e5ret var nyklippt, kl\u00e4nnigen satt tajt och hon k\u00e4nde sig, om inte vacker, s\u00e5 i alla fall sexig, attraktiv&#8230; och k\u00e5t.<\/p>\n<p>De gick v\u00e4gen f\u00f6rbi Pressbyr\u00e5n f\u00f6r att k\u00f6pa cigaretter. Ja, herre gud, vad hade hon gett sig in p\u00e5? Vad skulle hon s\u00e4ga n\u00e4r de \u00f6ppnade d\u00f6rren? F\u00f6r att inte tala om sedan, t\u00e4nk om det blev en s\u00e5dan d\u00e4r riktigt pinsam tystnad&#8230; Och hur g\u00e5r man fr\u00e5n det ena till det andra, t\u00e4nk om allt skulle k\u00e4nnas fel och hon bara vill g\u00e5 d\u00e4rifr\u00e5n? Kunde man s\u00e4ga \u201dUrs\u00e4kta, men jag misstog mig, det h\u00e4r t\u00e4nder mig inte alls och jag tror det \u00e4r b\u00e4st att vi g\u00e5r nu.\u201d Nej, s\u00e5 kunde man inte s\u00e4ga.<\/p>\n<p>De var n\u00e4stan framme och hon struntade i att t\u00e4nka mer. Det skulle ordnar sig, hon skulle vara lugn.<\/p>\n<p>Erik slet tag i porten. Den var l\u00e5st men i samma stund h\u00f6rdes en r\u00f6st fr\u00e5n balkongen ovanf\u00f6r \u201dBeh\u00f6ver ni en nyckel? H\u00e4r, jag kastar ner!\u201d Erik f\u00e5ngade en nyckelknippa, l\u00e5ste upp och hon f\u00f6ljde honom upp f\u00f6r trappan. Framf\u00f6r d\u00f6rren drabbades hon pl\u00f6tsligt av det skrattanfall hon misst\u00e4nkt skulle komma och n\u00e4r Oscar \u00f6ppnade fnittrade hon hysteriskt. Hon fick fram ett \u201dUrs\u00e4kta mig, hej!\u201d Oscar log mot henne. \u201dNi \u00e4r inte ensamma om att ha varit fnittriga, ska ni veta. Ni skulle ha sett oss innan.\u201d Hon slappnade av, f\u00f6r pl\u00f6tsligt visste hon att det var som Erik sagt, det var lugnt.<\/p>\n<p>De h\u00e4ngde av sig ytterkl\u00e4derna och Oscar fr\u00e5gade om n\u00e5gon ville ha kaffe. Sabina var den enda som ville ha men alla gick ut i k\u00f6ket och satte sig. De sm\u00e5pratade och hon kunde konstatera att det faktiskt k\u00e4ndes v\u00e4ldigt bra, som om de alla k\u00e4nt varandra riktigt l\u00e4nge fast hon i princip bara hade h\u00e4lsat p\u00e5 dem f\u00f6rrut. \u201dJag h\u00f6rde att du hade varit och piercat dig\u201d sa Oscar efter en stund d\u00e5 de redan hunnit avverka samtals\u00e4mnen som Eriks senaste sj\u00f6resa och n\u00e5gon cd-skiva som hon sj\u00e4lv inte k\u00e4nde till. Sabina bekr\u00e4ftade att hon gjort en \u201d&#8230;men om jag ska visa den s\u00e5 f\u00e5r jag dra upp halva kl\u00e4nningen\u201d log hon. \u201dVi kommer till det senare.\u201d svarade Oscar och log han ocks\u00e5 och f\u00f6r f\u00f6rsta g\u00e5ngen sedan de kommit in i l\u00e4genheten blev hon p\u00e5mind om varf\u00f6r de var h\u00e4r och det ilade till i underlivet.<\/p>\n<p>\u201dMen nu \u00e4r jag nyfiken!\u201d sa han sedan \u201dVad har ni med er i v\u00e4skan? F\u00e5r jag se?\u201d Erik \u00f6pnnade v\u00e4skan som stod mitt p\u00e5 k\u00f6ksgolvet. \u00d6verst l\u00e5g en videokamera, under den ett antal videoband med titlar som Svenska folkets sexvanor och Constance och om man rotade lite s\u00e5 kunde man ocks\u00e5 hitta en bl\u00e5 nessec\u00e4r inneh\u00e5llandes diverse sexleksaker. Oscar visslade till redan vid \u00e5synen av videokameran men fortsatte sedan och tog upp allting som l\u00e5g i v\u00e4skan. Han \u00f6gnade snabbt igenom filmerna men grep sedan tag i nessec\u00e4ren. \u201dDen h\u00e4r \u00e4r ju jag mest nyfiken p\u00e5!\u201d Maria kom fram och satte sig bredvid honom p\u00e5 golvet och var halvt p\u00e5 v\u00e4g att slita ifr\u00e5n honom nessec\u00e4ren. \u201dJag vill ocks\u00e5 titta!\u201d Han stoppade ner handen och fick upp tre massagestavar i olika storlek och utformning. \u201dOj, oj, oj!\u201d sa han och kl\u00e4mde p\u00e5 den st\u00f6rsta. \u201dDen h\u00e4r kan f\u00e5 en att k\u00e4nna sig lite underl\u00e4gsen.\u201d \u201dJa, fast jag tycker nog att den \u00e4r lite v\u00e4l stor\u201d p\u00e5pekade Sabina. \u201d I alla fall \u00e4r den f\u00f6r h\u00e5rd f\u00f6r att vara s\u00e5 stor, det hade kanske funkat om den var lite mjukare.\u201d<\/p>\n<p>Maria hade under tiden lagt beslag p\u00e5 Sabinas \u201dlila kanin\u201d, en massagestav av de slaget som stimulerar klitoris samtidigt som man har den i musen. \u201dDen h\u00e4r skulle jag vilja prova!\u201d \u201dJa, den \u00e4r sk\u00f6n!\u201d bekr\u00e4ftade Sabina och f\u00f6rs\u00f6kte l\u00e5ta som om det var en f\u00f6r henne helt vardaglig situation. I sj\u00e4lva verket tyckte hon att det k\u00e4ndes mycket m\u00e4rkligt att befinna sig i detta hemtrevliga k\u00f6k tillsammans med sin man och ett par hon bara var ytligt bekant med och sitta och diskutera sina h\u00f6gst privata sexleksaker.<\/p>\n<p>\u201dVilken film ska vi se d\u00e5?\u201d Oscar avbr\u00f6t hennes tankeg\u00e5ngar. \u201dDet pinsamma\u201d svarade Erik \u201d\u00e4r att vi n\u00e4stan inte ha sett en enda av dem. Jag snodde de flesta n\u00e4r jag jobbade i videoaff\u00e4ren och sedan har de bara legat i garderoben.\u201d \u201dAha, vi f\u00e5r v\u00e4l bara v\u00e4lja n\u00e5gon d\u00e5. Vad tror du Maria?\u201d Maria upph\u00f6rde med sin unders\u00f6kning av den lila kaninen och tog emot filmerna som Oscar r\u00e4ckte henne. \u201dHar ni inte sett n\u00e5gon?\u201d undrade hon. Sabina gick fram och kikade \u00f6ver axeln p\u00e5 henne. \u201dDen\u201d sa hon och pekade p\u00e5 en \u201dDen har jag sett, den \u00e4r helt ok.\u201d \u201dD\u00e5 tar vi den\u201d avgjorde Maria. \u201dKom, s\u00e5 k\u00f6r vi ig\u00e5ng den!\u201d<\/p>\n<p>Tillsammans gick de ut fr\u00e5n k\u00f6ket och in i det rum som ensamt utgjorde resten av l\u00e4genheten. Rakt fram i rummet fanns ett stort f\u00f6nster och en d\u00f6rr ut mot balkongen, framf\u00f6r f\u00f6nstret stod en TV och mitt emot en tre-sits-soffa. Sabina satte sig f\u00f6rsiktigt ner i ena soffh\u00f6rnet medan Oscar b\u00f6rjade fixa med videon och Maria drog f\u00f6r gardinerna med ett menande leende. \u201dV\u00e5ra grannar har sett mycket men ikv\u00e4ll tror jag vi l\u00e4mnar dem utanf\u00f6r.\u201d Erik stod kvar i d\u00f6rr\u00f6ppningen och log tillbaka mot Maria. \u201dJag tar med videokameran in i alla fall f\u00f6r vi sj\u00e4lva vill kanske titta&#8230; N\u00e5gon annan g\u00e5ng&#8230;\u201d \u201dJa, det var en himla bra id\u00e9 faktiskt\u201d inst\u00e4mde Sabina. \u201dFast jag hade inte en tanke p\u00e5 videokameran innan du sa det\u201d tillade hon och tittade p\u00e5 Erik. \u201dTja, jag har mina ljusa stunder, jag ocks\u00e5\u201d svarade han.<\/p>\n<p>\u201dS\u00e5, nu har jag f\u00e5tt ig\u00e5ng den\u201d tillk\u00e4nnagav Oscar bortifr\u00e5n TV:n. \u201dKom och s\u00e4tt er!\u201d Erik l\u00e4mnade d\u00f6rr\u00f6ppningen och Maria \u00f6vergav sitt gardinarrangemang och de gick och satte sig hos Sabina i soffan. Erik satte sig t\u00e4tt intill Sabina och kl\u00e4mde henne sk\u00e4lmskt p\u00e5 l\u00e5ret. Maria satte sig i mitten och Oscar slog sig strax efter ner bredvid henne i soffans andra h\u00f6rn.<\/p>\n<p>Filmen b\u00f6rjade med snabba klipp med de b\u00e4sta bitarna av vad som komma skulle. Kanske hade de verkligen alla t\u00e4nkt att de skulle se p\u00e5 filmen. T\u00e4nda till, hetsas, pl\u00e5gas lite av att inte redan ha kommit dit alla l\u00e4ngtade, men det var inte s\u00e5 det blev. Erik satt tillbakalutad med sin arm \u00f6ver Sabinas axlar d\u00e5 han k\u00e4nde Maria beslutsamt l\u00e4gga en hand p\u00e5 hans kuk. Hon smekte den f\u00f6rst alldeles l\u00e4tt, sedan h\u00e5rdare men fortfarande lugnt med handen \u00f6msom \u00f6ppen, \u00f6msom sluten kring hans nu helt h\u00e5rda k\u00f6n.<\/p>\n<p>Sabina tittade p\u00e5 klippen och h\u00e4ngde inte helt med i vad som h\u00e4nde i mitten av soffan. N\u00e4r klippen tagit slut och sj\u00e4lva filmen k\u00f6rde ig\u00e5ng syntes tv\u00e5 nakna flickor med stora br\u00f6st smeka varandra. Sabina tog blicken fr\u00e5n TV-rutan och kysste f\u00f6rsiktigt den lena huden p\u00e5 Eriks hals, samtidigt sneglade hon mot paret i soffans andra h\u00f6rn. Hon s\u00e5g hur Oscar satt med handen under det blanka tyget p\u00e5 Marias byxor och hon s\u00e5g Marias v\u00e4nstra hand som med stadiga cirkelr\u00f6relser smekte den v\u00e4xande bulan mellan hans ben och n\u00e4r hon flyttade blicken till Erik s\u00e5g hon ocks\u00e5 var Marias h\u00f6gra hand befann sig&#8230; Hennes tankar stannade upp. Mots\u00e4gelsefullt nog var en k\u00e4nsla av f\u00f6rv\u00e5ning hennes f\u00f6rsta reaktion. \u201dVi \u00e4r allts\u00e5 redan h\u00e4r&#8230;\u201d t\u00e4nkte hon. \u201dHela veckan har jag v\u00e4ntat, l\u00e4ngtat och varit nerv\u00f6s. Nu \u00e4r vi h\u00e4r.\u201d F\u00f6rsiktigt drog hon upp Eriks tr\u00f6ja ur byxlinningen. Han lutade sig fram\u00e5t och lyfte armarna f\u00f6r att hj\u00e4lpa henne att f\u00e5 av den. N\u00e4r den var borta b\u00f6rjade hon nafsande och slickande kyssa sig ner l\u00e4ngs den bara \u00f6verkroppen. Hon stannade med n\u00e4san strax ovanf\u00f6r hans gylf och l\u00e5g d\u00e4r och betraktade handen, den andra handen, som inte var hennes och som fortfarande kn\u00e5dade hans kuk. Kuken som, ins\u00e5g hon nu, inte heller var hennes och faktiskt aldrig hade varit det. Hon k\u00e4nde en upphetsning som inneh\u00f6ll mer \u00e4n bara k\u00e5thet. Vad de nu gjorde var s\u00e5dant som man bara inte g\u00f6r, men de gjorde det&#8230; Och det var inte bara upphetsande, det var en triumf f\u00f6r henne som i s\u00e5 m\u00e5nga \u00e5r regerats av skam och anst\u00e4ndighet.<\/p>\n<p>\u201dJag tycker vi har f\u00f6r mycket kl\u00e4der p\u00e5 oss\u201d sa Oscar med grumlig r\u00f6st och utan att svara b\u00f6rjade de alla befria sig fr\u00e5n plagg efter plagg. Erik hakade upp hyskorna i Sabinas bh och kysste ryggen som alldeles nyss varit t\u00e4ckt av tyg. Sabina tittade. Hon tittade p\u00e5 Marias slanka kropp och p\u00e5 de f\u00f6rv\u00e5nansv\u00e4rt stora br\u00f6sten. Hon s\u00e5g den lilla triangeln av v\u00e4l ansat k\u00f6nsh\u00e5r och hon anade hennes nu djupt r\u00f6d-rosa blygdl\u00e4ppar, en ur\u00e5ldrig signal som talar till v\u00e5r kanske mest primitiva instinkt, den att \u00e4lska med varandra. Hon s\u00e5g p\u00e5 Oscar och hans hud som m\u00f6rkt kaffe. Kontrasten kittlade hennes nyfikenhet. Hur skulle han k\u00e4nnas, dofta, smaka..? Hon str\u00e4ckte ut handen och smekte Marias br\u00f6st, kupade handen under det och b\u00f6jde sig fram f\u00f6r att kyssa den redan styva br\u00f6stv\u00e5rtan.<\/p>\n<p>Erik gled ner p\u00e5 golvet framf\u00f6r soffan med Marias ben p\u00e5 var sida om sig. Han andades in f\u00f6r att k\u00e4nna doften av henne. Han bet l\u00e4tt i den lena huden p\u00e5 insidan av hennes l\u00e5r och han l\u00e4t tungan glida l\u00e4ngs de yttre blygdl\u00e4pparna som var rakade och helt sl\u00e4ta. Maria kved och slingrade sig sakta d\u00e4r hon halvl\u00e5g i soffan. Oscar stod \u00f6ver henne och smekte hennes br\u00f6st och hon m\u00f6tte hans blick under halvt slutna \u00f6gonlock. Bakom Oscar satt Sabina, med armararna runt om honom och fingrarna p\u00e5 uppt\u00e4cksf\u00e4rd \u00f6ver hans kropp.<\/p>\n<p>Andh\u00e4mtningarna blev tunga, de r\u00f6rde sig sakt mot och ifr\u00e5n varandra. Intensiteten i det de gjorde och k\u00e4nde dallrade som hetta i luften. Det var en kv\u00e4ll f\u00f6r dr\u00f6mmar att f\u00f6rverkligas och tabun att upph\u00e4vas. Sabina k\u00e4nde Eriks tunga pressad mot klitoris och hon vidarebefodrade samma r\u00f6relsem\u00f6nster till Maria som stod gr\u00e4nslad \u00f6ver hennes ansikte. Hon k\u00e4nde ilningen som ett bud om vad som komma skulle. Hon sl\u00f6t \u00f6gonen, sp\u00e4nde kroppens alla muskler och k\u00e4nde orgasmen fortplanta sig som en varm v\u00e5g genom kroppen. Den svepte bort tid och rum och l\u00e4mnade kvar henne i ett tillst\u00e5nd fullst\u00e4ndig avslappning och tillfredst\u00e4llelse.<\/p>\n<p>Hon drog sig tillbaka och tittade medan Erik och Oscar med sina h\u00e4nder hj\u00e4lptes \u00e5t att f\u00f6ra Maria dit hon sj\u00e4lv nyss varit. Hon lyssnade p\u00e5 ljuden och hon s\u00e5g hur de b\u00e5da m\u00e4nnen anv\u00e4nde sina fingrar och f\u00f6rundrades \u00f6ver skickligheten. Sj\u00e4lv hade hon ingen st\u00f6rre erfarenhet av att tillfredst\u00e4lla n\u00e5gon annan kvinna \u00e4n sig sj\u00e4lv. N\u00e4r det slutligen gick f\u00f6r Maria skrek hon h\u00f6gt och k\u00f6nssafterna sprutade som en font\u00e4n \u00f6ver sofftyget. Hon l\u00e5g stilla en stund och lyfte sedan sitt huvud och log mot m\u00e4nnen. \u201dJag tror vi f\u00e5r boka tv\u00e4tt-tid imorgon&#8230; Tack&#8230;\u201d<\/p>\n<p>Maria och Sabina utbytte blickar och sa sedan b\u00e5da i samma andetag \u201d&#8230;men nu har vi ju gl\u00f6mt er!\u201d<\/p>\n<p>Maria sl\u00e4ngde sig p\u00e5 s\u00e4ngen och sa med ett utmanande tonfall \u201dN\u00e5, vem ska vara f\u00f6rst?\u201d \u201dDu f\u00f6rst\u201d sa Oscar till Erik som lydigt la sig p\u00e5 s\u00e4ngen med en flicka p\u00e5 var sida. Oscar h\u00e4mtade filmkameran och s\u00e5g genom linsen hur Sabina och Maria tillsammans slickade och s\u00f6g tills Erik med ett kvidande f\u00f6rkunnade \u201d\u00c5\u00e5hh&#8230; Nu kommer jag!\u201d Maria s\u00f6g ivrigare, h\u00e5rdare och k\u00e4nde sperman spruta l\u00e5ngt bak i gommen. Sedan bytte de plats och samma sak upprepades \u00e4n en g\u00e5ng. Erik satt p\u00e5 kanten av soffbordet och filmade hans ben var allt f\u00f6r skakiga att st\u00e5 p\u00e5.<\/p>\n<p>Efter\u00e5t satt de alla fyra p\u00e5 rad i s\u00e4ngen, lutade mot v\u00e4ggen bakom. \u201dTack&#8230;\u201d sa Sabina efter en stund \u201dDet var underbart.\u201d De andra inst\u00e4mde hummande. \u201dN\u00e5gon som \u00e4r r\u00f6ksugen, f\u00f6rresten..?\u201d Utan att kl\u00e4 p\u00e5 sig gick det tillsammans ut i k\u00f6ket. Den bl\u00e5 nessec\u00e4ren stod fortfarande kvar p\u00e5 k\u00f6ksgolvet. \u201dJa men, vi gl\u00f6mde ju helt bort leksakerna!\u201d Sabina log. \u201dN\u00e4sta g\u00e5ng&#8230;\u201d sa hon \u201d&#8230;vi tar det n\u00e4sta g\u00e5ng.\u201d<\/p>\n<p>&nbsp;<\/p>\n<p>\u00a9 \u00c5sa L. 2001<\/p>\n<p><img decoding=\"async\" loading=\"lazy\" src=\"https:\/\/i1.wp.com\/www.cirkuseros.nu\/app\/uploads\/2016\/11\/tunnlinjeoriginal_584.gif?resize=584%2C8&#038;ssl=1\" alt=\"\" data-recalc-dims=\"1\" \/><a href=\"https:\/\/www.cirkuseros.nu\/index.php\/text\/noveller\/noveller-av-gastartister\/\"><strong>Tillbaka till Noveller av g\u00e4startister \u00bb<\/strong><\/a><\/p>\n<p><img decoding=\"async\" loading=\"lazy\" src=\"https:\/\/i0.wp.com\/www.cirkuseros.nu\/app\/uploads\/2017\/01\/heartline_584.gif?resize=584%2C20&#038;ssl=1\" alt=\"Heartline\" data-recalc-dims=\"1\" \/><\/p>\n<p><img decoding=\"async\" loading=\"lazy\" src=\"https:\/\/i2.wp.com\/www.cirkuseros.nu\/app\/uploads\/2016\/10\/fri_kursbanner_ani.gif?resize=584%2C140&#038;ssl=1\" alt=\"\" data-recalc-dims=\"1\" \/><\/p>\n","protected":false},"excerpt":{"rendered":"<p>\u201d\u00c4r du nerv\u00f6s?\u201d Han tittade illmarigt p\u00e5 Sabina. \u201dJa, vad tror du?\u201d svarade hon och s\u00e5g med ett generat leende ner i bordet. \u201dJag vet att jag varit k\u00e5t i en vecka bara av vetskapen om att vi skulle g\u00f6ra &hellip; <a href=\"https:\/\/www.cirkuseros.nu\/index.php\/text\/noveller\/noveller-av-gastartister\/fest-for-fyra\/\">Forts\u00e4tt l\u00e4sa <span class=\"meta-nav\">&rarr;<\/span><\/a><\/p>\n","protected":false},"author":2,"featured_media":0,"parent":501,"menu_order":27,"comment_status":"closed","ping_status":"closed","template":"sidebar-page.php","meta":[],"_links":{"self":[{"href":"https:\/\/www.cirkuseros.nu\/index.php\/wp-json\/wp\/v2\/pages\/922"}],"collection":[{"href":"https:\/\/www.cirkuseros.nu\/index.php\/wp-json\/wp\/v2\/pages"}],"about":[{"href":"https:\/\/www.cirkuseros.nu\/index.php\/wp-json\/wp\/v2\/types\/page"}],"author":[{"embeddable":true,"href":"https:\/\/www.cirkuseros.nu\/index.php\/wp-json\/wp\/v2\/users\/2"}],"replies":[{"embeddable":true,"href":"https:\/\/www.cirkuseros.nu\/index.php\/wp-json\/wp\/v2\/comments?post=922"}],"version-history":[{"count":2,"href":"https:\/\/www.cirkuseros.nu\/index.php\/wp-json\/wp\/v2\/pages\/922\/revisions"}],"predecessor-version":[{"id":13266,"href":"https:\/\/www.cirkuseros.nu\/index.php\/wp-json\/wp\/v2\/pages\/922\/revisions\/13266"}],"up":[{"embeddable":true,"href":"https:\/\/www.cirkuseros.nu\/index.php\/wp-json\/wp\/v2\/pages\/501"}],"wp:attachment":[{"href":"https:\/\/www.cirkuseros.nu\/index.php\/wp-json\/wp\/v2\/media?parent=922"}],"curies":[{"name":"wp","href":"https:\/\/api.w.org\/{rel}","templated":true}]}}