{"id":955,"date":"2016-11-20T01:30:04","date_gmt":"2016-11-20T00:30:04","guid":{"rendered":"https:\/\/cirkuseros.wordpress.com\/?page_id=955"},"modified":"2023-09-26T16:17:55","modified_gmt":"2023-09-26T14:17:55","slug":"festen","status":"publish","type":"page","link":"https:\/\/www.cirkuseros.nu\/index.php\/text\/noveller\/noveller-av-gastartister\/festen\/","title":{"rendered":"Festen"},"content":{"rendered":"<p>Det var tredje g\u00e5ngen de tr\u00e4ffades. F\u00f6rsta g\u00e5ngen hade varit ute, p\u00e5 krogen. Lars hade sett Anna direkt, deras \u00f6gon hade m\u00f6tts och n\u00e4r hon log mot honom blev han alldeles varm. Andra g\u00e5ngen var n\u00e5gon m\u00e5nad senare. Nu m\u00f6ttes de av en slump i en park. Hon kom g\u00e5ende i s\u00e4llskap med en tjejkompis. Ett kort och flyktigt m\u00f6te, men visst hade hon k\u00e4nt igen honom?<br \/>\nDet d\u00e4r leendet igen, mer f\u00f6rsiktigt den h\u00e4r g\u00e5ngen, avvaktande. Han mindes hennes m\u00f6rka, l\u00e5nga h\u00e5r, hennes \u00f6gon. Hon mindes hans h\u00e4nder, hans blick.<\/p>\n<p>Den tredje g\u00e5ngen m\u00f6ttes de hemma hos Jenny. Musiken stod p\u00e5 med h\u00f6g volym och det var fullt med folk i l\u00e4genheten n\u00e4r han kom dit. Men han s\u00e5g henne direkt. Hon hade nyss kommit dit och stod vid balkongd\u00f6rren och pratade med Sara, som han k\u00e4nde sen tidigare.<\/p>\n<p>Hon s\u00e5g honom ocks\u00e5. K\u00e4nde igen honom direkt. Det gick som en elektrisk st\u00f6t genom henne. D\u00e4r var han. Anna k\u00e4nde hur det kittlade i maggropen och hur en ilning l\u00f6pte ner mellan hennes ben. Det hade varit likadant f\u00f6rsta g\u00e5ngen hon sett honom; hon hade blivit v\u00e5t n\u00e4r deras blickar m\u00f6ttes och k\u00e5theten hade inte sl\u00e4ppt f\u00f6rr\u00e4n senare, fram\u00e5t natten, n\u00e4r hon smekt sig sj\u00e4lv till en l\u00e5ng och utdragen orgasm. Hon hade t\u00e4nkt p\u00e5 honom d\u00e5, sett honom framf\u00f6r sig n\u00e4r hon blundade; sett hans h\u00e5rda kuk, hans starka h\u00e4nder om hennes midja, hans l\u00e4ppar som bet i hennes br\u00f6stv\u00e5rtor&#8230;<\/p>\n<p>Hon hade dragit ut p\u00e5 orgasmen, smekt sig sj\u00e4lv med fingrarna tills fingrarna inte r\u00e4ckte l\u00e4ngre. D\u00e5 hade hon tagit fram sin dildo och knullat sig sj\u00e4lv snabbt och djupt och h\u00e5rt. Hon st\u00f6nade h\u00f6gt n\u00e4r hon kom och k\u00e4nde det som det var hans h\u00e5rda kuk som gled in och ut.<\/p>\n<p>Lars gick fram mot henne. Anna h\u00f6rde inte vad Sara sa, stereon stod p\u00e5 f\u00f6r h\u00f6gt, men vad spelade hans namn f\u00f6r roll nu?<\/p>\n<p>&#8211; Hej.<br \/>\n&#8211; Hej.<\/p>\n<p>Lars st\u00e4llde sig n\u00e4ra, hon k\u00e4nde hur han snuddade vid hennes arm. Varm. Han var s\u00e5 varm. Hennes hand gled ner l\u00e4ngs med h\u00f6ften och pl\u00f6tsligt k\u00e4nde hon hur utsidan av handen nuddade vid honom, vid hans skrev. Han var h\u00e5rd, det m\u00e4rkte hon direkt, styv och h\u00e5rd och het. Hon k\u00e4nde hur hon blev v\u00e5t. Ett kort \u00f6gonblick t\u00e4nkte hon kasta sig \u00f6ver honom.<\/p>\n<p>&#8211; Vi verkar tr\u00e4ffas lite varstans.<\/p>\n<p>Anna tyckte det var konstigt att hennes r\u00f6st l\u00e4t s\u00e5 normal. H\u00f6rdes inte k\u00e5theten?<\/p>\n<p>&#8211; Ja, verkligen&#8230;<\/p>\n<p>Sara la handen p\u00e5 Annas arm och gick ut p\u00e5 balkongen f\u00f6r att r\u00f6ka.<\/p>\n<p>&#8211; Har du n\u00e5got att dricka?<br \/>\n&#8211; Nej, svarade Anna. Jag kom nyss.<br \/>\n&#8211; Det finns vin i k\u00f6ket. Ska jag h\u00e4mta \u00e5t dig?<br \/>\n&#8211; Nej, vi g\u00e5r tillsammans. Annars blir jag alldeles ensam h\u00e4r.<\/p>\n<p>Anna och Lars gick ut i k\u00f6ket. D\u00e4r var tomt; n\u00e5gra flaskor vin stod p\u00e5 k\u00f6ksbordet och i f\u00f6nstret lyste n\u00e5gra stearinljus, halvt nerbr\u00e4nda. Lars h\u00e4llde upp ett glas vin men Anna k\u00e4nde ingen smak. Nu ville hon inte bli onykter, hon var redan darrig nog. F\u00f6r ett kort \u00f6gonblick k\u00e4ndes det som om benen inte skulle b\u00e4ra henne. Hon k\u00e4nde k\u00e5theten komma krypande. Var han ocks\u00e5 k\u00e5t? Hon sneglade mot hans byxor.<\/p>\n<p>Anna tittade upp. Hans \u00f6gon. Han visste. Han s\u00e5g. Han la sin hand p\u00e5 hennes kind, f\u00f6rsiktigt.<br \/>\nLars lutade sig fram och kysste henne. Han k\u00e4nde hennes tungspets mellan l\u00e4pparna och m\u00f6tte hennes tunga med sin. En l\u00e5ng kyss. Hon sm\u00f6g sig t\u00e4tt intill honom och vilade sin kropp mot hans. K\u00e4nde hans h\u00e5rda kuk mot sin mage. Tv\u00e5 tunna lager tyg, t\u00e4nkte hon. Tv\u00e5 tunna lager tyg, det \u00e4r allt.<\/p>\n<p>&#8211; Jag vill ha dig, sa han. Nu, h\u00e4r, jag vill ha dig.<br \/>\n&#8211; Kom d\u00e5. Ta mig. Skynda dig.<\/p>\n<p>De kysstes igen. Hon lutade sig mot v\u00e4ggen och han tryckte sig n\u00e4rmare intill henne.<\/p>\n<p>&#8211; Ta p\u00e5 mig. R\u00f6r mig. Smek mig.<\/p>\n<p>Han smekte hennes mage, hennes armar. Hon ryste till och k\u00e4nde hur benen vek sig. \u00c5tr\u00e5. K\u00e5thet. K\u00e4nde hans h\u00e4nder kring sina br\u00f6st, k\u00e4nde hur hans h\u00e4nder snuddade vid hennes styva br\u00f6stv\u00e5rtor. Hon var naken under tr\u00f6jan.<\/p>\n<p>&#8211; S\u00e5 sk\u00f6nt, sa han.<\/p>\n<p>Han b\u00f6jde sig ner och lyfte hennes tr\u00f6ja upp \u00f6ver magen. Hon k\u00e4nde hans l\u00e4ppar mot sin mage, k\u00e4nde hur han sakta gled upp\u00e5t tills hans mun n\u00e5dde hennes br\u00f6st och hon k\u00e4nde hur han slickade hennes br\u00f6stv\u00e5rta, nafsade l\u00e4tt.<\/p>\n<p>&#8211; Inte h\u00e4r, viskade hon. N\u00e5gon kan komma.<br \/>\n&#8211; Vi kan skynda oss, sa han. Jag m\u00e5ste ha dig nu, du g\u00f6r mig galen&#8230;<\/p>\n<p>Hon smekte hans armar och gled med fingrarna ner mot hans byxor. Smekte utanp\u00e5 byxorna och k\u00e4nde hans styva kuk. Hon ville ha den. Ville k\u00e4nna den i sin hand, ville smaka p\u00e5 den, ville ha den i sig, ville&#8230;<br \/>\nHan k\u00e4nde hur hennes fingrar drog ner gylfen och letade sig in under kalsongerna och det gick en rysning genom hans kropp n\u00e4r hennes hand sl\u00f6t sig om hans kuk. Hon smekte l\u00e5ngsamt och f\u00f6rsiktigt, runkade honom, k\u00e4nde p\u00e5 honom.<br \/>\nHans h\u00e4nder p\u00e5 hennes h\u00f6fter. Hennes byxor som kn\u00e4pps upp. Hon k\u00e4nde hans h\u00e4nder mot sin nakna stj\u00e4rt och snart var hennes byxor nedhasade till kn\u00e4na.<\/p>\n<p>&#8211; Smek mig, sa hon. D\u00e4r.<\/p>\n<p>Hon f\u00f6rde hans fingrar r\u00e4tt. S\u00e5 sk\u00f6nt. Sk\u00f6nt. K\u00e4nde hur hans fingrar gled mjukt i fitt\u00f6ppningen. Var vid\u00f6ppen nu, k\u00e5t, het, galen av \u00e5tr\u00e5.<\/p>\n<p>&#8211; Skynda dig. Kom in i mig.<\/p>\n<p>Hon lutade sig mot v\u00e4ggen och s\u00e4rade p\u00e5 benen s\u00e5 mycket hon kunde. Byxorna nere vid f\u00f6tterna nu.<\/p>\n<p>&#8211; Knulla mig. Fort, skynda dig.<\/p>\n<p>Lars f\u00f6rde in sin kuk f\u00f6rsiktigt. Hett, fuktigt. Anna k\u00e4nde hur hon sakta fylldes. H\u00e5rd, t\u00e4nkte hon. H\u00e5rd.<\/p>\n<p>&#8211; Du \u00e4r s\u00e5 sk\u00f6n, sa han.<\/p>\n<p>&#8211; S\u00e4g inget. Knulla mig, k\u00f6r in den, ta mig, kom i mig.<\/p>\n<p>Han b\u00f6rjade st\u00f6ta in och ut, snabbare nu. Kuken gled l\u00e4tt mellan hennes blygdl\u00e4ppar. Anna st\u00f6nade l\u00e5gt mot hans \u00f6ra och k\u00e4nde hur hans kuk n\u00e5dde \u00e4nda in i henne. S\u00e5 ut igen, ett \u00f6gonblicks f\u00f6rv\u00e4ntan. Och in. H\u00e5rdare nu, snabbare st\u00f6tar. Hon s\u00e4rade p\u00e5 benen s\u00e5 mycket hon kunde. Sv\u00e5rt att st\u00e5 uppr\u00e4tt. Lars h\u00f6ll henne h\u00e5rt om stj\u00e4rten och smekte henne med b\u00e5da h\u00e4nderna.<\/p>\n<p>&#8211; Forts\u00e4tt, viskade hon. Sluta inte.<\/p>\n<p>Han st\u00f6tte h\u00e5rdare. Hon k\u00e4nde hur hans kuk blev styvare inuti henne. K\u00e4nde hur han allt ivrigare knullade henne, djupare nu. M\u00f6tte hans r\u00f6relser med motr\u00f6relser.<\/p>\n<p>&#8211; V\u00e4nta. V\u00e4nta inuti mig.<\/p>\n<p>Han slutade och v\u00e4ntade. Anna k\u00e4nde hur hans kuk pulserade inuti henne och hur hennes fitta sl\u00f6ts i sm\u00e5 spasmer omkring den. Hon var n\u00e4ra nu och ville komma, ville k\u00e4nna orgasmen. Ingen hade h\u00f6rt dem. Hon h\u00f6rde musik och skratt fr\u00e5n vardagsrummet.<\/p>\n<p>&#8211; Nu. H\u00e5rt. Snabbt. Knulla mig h\u00e5rt, ta mig h\u00e5rt, viskade hon.<\/p>\n<p>Lars drog ut sin h\u00e5rda kuk och k\u00f6rde in den snabbt igen, snabbt och h\u00e4mningsl\u00f6st nu, in och ut. Hon st\u00f6nade h\u00f6gre, andades allt h\u00e4ftigare mot hans kind. Han k\u00e4nde hur han var n\u00e4ra att komma.<\/p>\n<p>&#8211; Jag kommer snart.<br \/>\n&#8211; Kom. Spruta i mig, jag kommer ocks\u00e5. Kom. Kom. Knulla mig. H\u00e5rdare.<\/p>\n<p>Han kunde inte v\u00e4nta. K\u00e4nde hur sperman forsade fram och st\u00f6tte h\u00e5rt, h\u00e5rdare, snabbare, in i henne.<br \/>\nHon k\u00e4nde hur hans rytm br\u00f6ts i kramper, k\u00e4nde hur hans kuk n\u00e5dde \u00e4nda in i en kraftfull st\u00f6t som tryckte henne mot v\u00e4ggen. De kom samtidigt. Hon bet honom h\u00e5rt i halsen n\u00e4r det gick f\u00f6r henne och st\u00f6nade h\u00f6gt. K\u00e4nde hur hans sperma sprutade in i henne. Sk\u00f6nt. S\u00e5 sk\u00f6nt att knulla.<\/p>\n<p>Lars drog sig sakta ur. De kysste varandra. Hon k\u00e4nde hans hj\u00e4rtslag. Hennes br\u00f6stv\u00e5rtor var fortfarande styva. K\u00e4nde hur hans sperma rann ur henne. Anna gled med fingrarna ner \u00f6ver hans br\u00f6st och ner mot hans mage. Hans kuk var h\u00e5rd \u00e4nnu. Hon la fingrarna mot ollonet f\u00f6rsiktigt och k\u00e4nde p\u00e5 hans h\u00e5rdhet. H\u00e5rd och klibbig.<\/p>\n<p>&#8211; F\u00f6rsiktigt, sa han. Annars kan jag inte sluta.<\/p>\n<p>Hon sl\u00f6t sin hand om hans kuk och smekte den med fasta, kr\u00e4vande r\u00f6relser.<\/p>\n<p>&#8211; Forts\u00e4tt d\u00e5.<\/p>\n<p>Han blev h\u00e5rdare igen i hennes hand, hon k\u00e4nde hur hans st\u00e5nd kom tillbaka.<\/p>\n<p>&#8211; Inte h\u00e4r. N\u00e5n kommer snart.<br \/>\n&#8211; Kom, sa han. Vi g\u00e5r in i sovrummet.<\/p>\n<p>Hon sl\u00e4ppte motvilligt taget om hans kuk och drog f\u00f6rsiktigt upp dragkedjan i hans byxor. K\u00e4nde p\u00e5 honom utanp\u00e5.<\/p>\n<p>&#8211; B\u00e4st du tar p\u00e5 dig byxorna ocks\u00e5, sa han med ett leende.<\/p>\n<p>Hon drog upp byxorna snabbt.<\/p>\n<p>&#8211; Kom, sa han.<\/p>\n<p>Han tog hennes hand och de smet ut ur k\u00f6ket in i hallen. I vardagsrummet var festen i full g\u00e5ng och ingen tycktes ha m\u00e4rkt att de var borta. L\u00e4ngre bort i hallen stod d\u00f6rren till sovrummet \u00f6ppen. Det var halvm\u00f6rkt och svalt d\u00e4rinne. Lars drog Anna mot s\u00e4ngen men hon stretade emot.<\/p>\n<p>&#8211; Inte d\u00e4r. T\u00e4nk om n\u00e5n kommer in?<\/p>\n<p>Hon drog honom med sig mot garderobsd\u00f6rren och \u00f6ppnade den. En stor garderob. Perfekt. De smet in och st\u00e4ngde d\u00f6rren till h\u00e4lften.<\/p>\n<p>&#8211; S\u00e5 vi f\u00e5r lite ljus. Och ifall n\u00e5n kommer in. S\u00e5 vi h\u00f6r dem, sa hon.<\/p>\n<p>Lars tryckte henne t\u00e4tt intill sig och hon k\u00e4nde att hans st\u00e5nd var lika h\u00e5rt som f\u00f6rut.<\/p>\n<p>&#8211; Oj d\u00e5, viskade hon leende. Fortfarande k\u00e5t p\u00e5 lilla mig?<br \/>\n&#8211; Mmmm, v\u00e4ldigt, svarade han.<\/p>\n<p>Anna sj\u00f6nk ner p\u00e5 kn\u00e4 och l\u00e4t sina h\u00e4nder glida \u00f6ver hans byxor. Han k\u00e4nde hur hennes fingrar smekte hans kuk och hur hon drog ner dragkedjan. Hans kuk var stenh\u00e5rd och k\u00e5theten gav honom g\u00e5shud. Hon tog tag i kuken med ena handen och slickade l\u00e4tt p\u00e5 ollonet.<\/p>\n<p>&#8211; Det smakar av mig, sa hon. Salt och gott.<\/p>\n<p>Hon f\u00f6rde in den h\u00e5rda kuken i sin mun och b\u00f6rjade suga. Drog ner f\u00f6rhuden med handen och kramade h\u00e5rt kring roten. Han k\u00e4nde hur hennes tunga r\u00f6rde sig snabbt \u00f6ver ollonet och k\u00e4nde att han inte skulle kunna h\u00e5lla sig l\u00e4nge.<\/p>\n<p>&#8211; F\u00f6rsiktigt. Inte s\u00e5 fort. Annars kommer jag, st\u00f6nade han tyst.<br \/>\n&#8211; Mmmm, svarade hon utan att sluta.<\/p>\n<p>Pl\u00f6tsligt m\u00e4rkte Lars att n\u00e5gon annan kom in i rummet. Han la sin hand mot Annas kind och hon sneglade ut genom d\u00f6rrspringan. De s\u00e5g Sara komma in i rummet med en kille.<br \/>\nSara sprang fram till s\u00e4ngen och satte sig p\u00e5 fot\u00e4ndan.<\/p>\n<p>&#8211; Kom hit d\u00e5, sa hon till killen.<\/p>\n<p>Han gick fram till henne och st\u00e4llde sig framf\u00f6r henne. Hon drog ner hans dragkedja med ett snabbt ryck och hans kuk bokstavligt talat fl\u00f6g ut.<\/p>\n<p>&#8211; Oj, sa Sara. Det var v\u00e4rst. S\u00e5 stor och h\u00e5rd du var.<\/p>\n<p>Hon b\u00f6jde sig ner och s\u00f6g in kuken i sin mun. S\u00f6g snabbt och h\u00e5rt. Inne i garderoben k\u00e4nde Lars sin kuk bli \u00e4nnu h\u00e5rdare i Annas mun och Anna runkade honom f\u00f6rstr\u00f6tt medan hon snurrade med sin tunga kring spetsen p\u00e5 kuken. Sara slutade suga och runkade killen med best\u00e4mda r\u00f6relser.<\/p>\n<p>&#8211; V\u00e4nta, sa hon.<\/p>\n<p>Hon st\u00e4llde sig upp och drog av sig sin kjol och sina trosor. Lars s\u00e5g hur bl\u00f6t hon var mellan benen. Sara st\u00e4llde sig p\u00e5 s\u00e4ngen p\u00e5 alla fyra och Anna s\u00e5g sin b\u00e4sta v\u00e4ns stj\u00e4rt lysa i halvdunklet. S\u00e5g hur det gl\u00e4nste mellan stj\u00e4rthalvorna av fukt och k\u00e5thet.<br \/>\nKillen tog snabbt av sig sina byxor och kalsonger och st\u00e4llde sig bakom Sara. Tog tag i kuken med ena handen och la den andra p\u00e5 Saras stj\u00e4rt. F\u00f6rde kuken sakta upp och ner i fitt\u00f6ppningen. Lars kunde se hur Saras fitta \u00f6ppnade sig f\u00f6r den h\u00e5rda kuken.<\/p>\n<p>&#8211; K\u00f6r in den, st\u00f6nade Sara. Knulla mig.<\/p>\n<p>Killen tryckte in kuken i Sara med ett dovt st\u00f6n och Sara f\u00f6stes fram\u00e5t p\u00e5 s\u00e4ngen av kraften. Lutade sig mot sina armb\u00e5gar. Han b\u00f6rjade st\u00f6ta i henne snabbt.<\/p>\n<p>Anna hade slutat suga nu och tittade fascinerat p\u00e5 n\u00e4r hennes b\u00e4sta v\u00e4n blev knullad. Lars tog tag om hennes axlar och hon st\u00e4llde sig upp. Anna st\u00e4llde sig med ryggen mot Lars och han drog henne n\u00e4ra intill sig och la sina h\u00e4nder om hennes br\u00f6st. Hennes br\u00f6stv\u00e5rtor var styva och hon k\u00e4nde hur hon blev allt k\u00e5tare. Sara st\u00f6nade h\u00f6gre och h\u00f6gre och Anna s\u00e5g hur hennes ena hand hade smugit sig upp mellan benen. Sara smekte sig sj\u00e4lv samtidigt som killen fortsatte knulla henne h\u00e5rt och rytmiskt.<\/p>\n<p>Lars kn\u00e4ppte upp Annas byxor och hon sparkade av sig dem tyst och f\u00f6rsiktigt. Drog ner sina trosor. Nu k\u00e4nde hon hans stenh\u00e5rda kuk mot sin rumpa och f\u00f6rde sin hand bakom ryggen och tog tag i den. Tryckte ner den s\u00e5 att den l\u00e5g mellan hennes ben, mot hennes v\u00e5ta fitt\u00f6ppning. Lars b\u00f6rjade glida fram och tillbaka mellan hennes ben och hon k\u00e4nde hur hans styva kuk r\u00f6rde sig fram och tillbaka l\u00e4ngs med blygdl\u00e4pparna. N\u00e4stan inne. N\u00e4stan. Han smekte hennes br\u00f6st och bet henne sakta i halsgropen. Anna stirrade fascinerat p\u00e5 Sara som hade slutat smeka sig sj\u00e4lv och nu bara stod framstupa p\u00e5 alla fyra i s\u00e4ngen. Killen k\u00f6rde sin kuk in och ut i Saras fitta; allt h\u00e5rdare, brutala st\u00f6tar.<\/p>\n<p>Lars f\u00f6rde sin ena hand ner till Annas fitta och smekte henne. Hon var v\u00e5t och varm. Han ville in i henne nu.<br \/>\nMed ett tyst st\u00f6n k\u00e4nde Anna hur den h\u00e5rda kuken gled djupt in i hennes fitta. Det var en ganska obekv\u00e4m st\u00e4llning &#8211; hon fick h\u00e5lla emot mot d\u00f6rrkarmen f\u00f6r att inte flyga fram\u00e5t och in i rummet &#8211; men det var fruktansv\u00e4rt sk\u00f6nt att k\u00e4nna hur fittan fylldes helt av hans kuk och det var hemskt uppk\u00e5tande att bli knullad samtidigt som hon fick se sin b\u00e4sta v\u00e4n bli knullad. Lars tryckte in kuken s\u00e5 l\u00e5ngt han kunde; tr\u00e5ngt och sk\u00f6nt. Hon r\u00f6rde sitt underliv mot hans och han b\u00f6rjade f\u00f6ra kuken in och ut med l\u00e5ngsamma st\u00f6tar.<br \/>\nInte l\u00e5ngt kvar nu. Hon k\u00e4nde hur orgasmen var n\u00e4ra igen.<\/p>\n<p>Sara hade sl\u00e4ngt sig p\u00e5 rygg p\u00e5 s\u00e4ngen och killens kuk gl\u00e4nste av hennes fittsafter. Han kr\u00f6p upp p\u00e5 alla fyra i s\u00e4ngen och st\u00e4llde sig gr\u00e4nsle \u00f6ver henne. Hon drog upp sin tr\u00f6ja \u00f6ver br\u00f6sten och kn\u00e4ppte upp sin beh\u00e5. Hennes br\u00f6st var stora och fylliga och br\u00f6stv\u00e5rtorna var styva av k\u00e5thet. Anna sl\u00e4ppte inte Sara och killen med blicken och m\u00f6tte Lars st\u00f6tar med motst\u00f6tar som blev allt snabbare. Brydde sig snart inte om de h\u00f6rdes ut i rummet eller inte. S\u00e5 k\u00e5t. S\u00e5 k\u00e5t.<\/p>\n<p>Sara smekte sina br\u00f6st och tryckte ihop dem, f\u00f6rde sina fingrar ner till sin fitta och smekte sin klitoris. Killen runkade n\u00e5gra g\u00e5nger och l\u00e4t sin h\u00e5rda kuk glida mellan Saras br\u00f6st. Smekte br\u00f6sten med h\u00e4nderna och b\u00f6rjade l\u00e5ngsamt knulla henne mellan br\u00f6sten.<\/p>\n<p>&#8211; Spruta d\u00e5, viskade Sara. Jag kommer snart. Spruta, kom, kom, kom.<\/p>\n<p>Saras fingrar r\u00f6rde sig blixtsnabbt mellan hennes ben och Anna s\u00e5g hur n\u00e4ra hon var. Killen slutade med sina knullr\u00f6relser mellan hennes br\u00f6st och Sara b\u00f6jde sig girigt fram och slukade kuken mellan sina l\u00e4ppar. Han runkade snabbt och Anna s\u00e5g att det gick f\u00f6r Sara. Hennes h\u00f6fter r\u00f6rde sig snabbt upp och ner p\u00e5 s\u00e4ngen och fingrarna st\u00f6tte fort in och ut i fittan. S\u00e5 kom killen ocks\u00e5. Sara s\u00f6g h\u00e5rt och st\u00f6nade h\u00f6gt av v\u00e4llust och k\u00e5thet; Anna s\u00e5g hur hon svalde hans sperma. Hon tog hans kuk \u00e4nda in, \u00e4nda till roten och Anna k\u00e4nde samtidigt hur Lars kuk v\u00e4xte i henne och k\u00e4nde sina egna sammandragningar, k\u00e4nde sin orgasm komma, k\u00e4nde hur Lars knullade henne h\u00e5rdare och h\u00e5rdare och snabbare och snabbare&#8230;<\/p>\n<p>Den h\u00e4r g\u00e5ngen gick det f\u00f6r henne med mer kraft \u00e4n inne i k\u00f6ket. F\u00f6r ett kort \u00f6gonblick blev det svart f\u00f6r hennes \u00f6gon och allt hon visste var k\u00e4nslan av den stora, h\u00e5rda kuken i fittan och k\u00e4nslan av att vara helt uppfylld. Hon m\u00e4rkte knappt n\u00e4r det gick f\u00f6r honom. Upptagen av sin egen k\u00e5thet. Lars st\u00f6tte djupt in i henne. Det gick f\u00f6r honom med ett l\u00e5gt st\u00f6n och han sprutade djupt inne i hennes fitta. K\u00e4nde hur sperman sprutade och tryckte sig h\u00e5rt mot hennes fasta stj\u00e4rt, ville l\u00e4ngst l\u00e4ngst in.<\/p>\n<p>Sara slickade sig om munnen och Anna kunde se hur det rann lite sperma i hennes mungipor. Hon runkade killens kuk som hade blivit mjukare nu. Som en katt som f\u00e5tt mj\u00f6lk, t\u00e4nkte Anna. Som jag. Vi \u00e4r s\u00e5 lika.<\/p>\n<p>Anna k\u00e4nde hur Lars kuk gled ur henne. Hans h\u00e4nder kupade sig om hennes \u00f6mma br\u00f6st, smekte hennes br\u00f6stv\u00e5rtor som fortfarande var styva och h\u00e5rda. Hon lutade sig bak\u00e5t, mot honom, och smekte hans h\u00e5r och hans nacke. Han andades tungt i hennes \u00f6ra och hon k\u00e4nde hans heta andedr\u00e4kt mot sin kind.<br \/>\nAnna s\u00e5g hur Sara slickade p\u00e5 killens kuk. Tog in ollonet mellan l\u00e4pparna och slickade av den sista sperman.<br \/>\nLars h\u00e4nder gled ner \u00f6ver hennes mage och smekte henne mjukt mellan benen. Anna k\u00e4nde efterdyningarna av orgasmen, k\u00e4nde hur k\u00e4nslig hon var.<\/p>\n<p>Sara hade st\u00e4llt sig upp och b\u00f6rjat kl\u00e4 p\u00e5 sig igen. Killen hade f\u00e5tt p\u00e5 sig kalsongerna och byxorna och v\u00e4ntade p\u00e5 Sara. Hon kn\u00e4ppte beh\u00e5n och drog ner tr\u00f6jan. Anna s\u00e5g hur hennes br\u00f6stv\u00e5rtor avtecknade sig under tyget, fortfarande h\u00e5rda.<\/p>\n<p>&#8211; Men de h\u00e4r t\u00e4nker jag inte ta p\u00e5 mig igen. De f\u00e5r Jenny hitta n\u00e4r hon st\u00e4dar, skrattade Sara.<\/p>\n<p>Hon tog sina trosor och f\u00f6rde dem till sin n\u00e4sa.<\/p>\n<p>&#8211; Mmmm, blir n\u00e4stan k\u00e5t igen. Hoppas Jenny luktar p\u00e5 dem ocks\u00e5.<\/p>\n<p>Hon sl\u00e4ngde in sina bl\u00f6ta trosor under kudden. Killen skrattade nerv\u00f6st och verkade mest vilja g\u00e5 ut till festen igen.<\/p>\n<p>&#8211; Kom d\u00e5, fegis. Sara skrattade och Anna kunde se p\u00e5 henne hur hon ville beh\u00e5lla k\u00e5theten hos sig, ocks\u00e5 nu.<br \/>\n&#8211; Kom s\u00e5 g\u00e5r vi ut till dina kompisar.<\/p>\n<p>N\u00e4r de hade g\u00e5tt v\u00e4nde sig Anna om mot Lars och kysste honom. Han besvarade hennes kyss mjukt och f\u00f6rsiktigt.<\/p>\n<p>&#8211; Vill du f\u00f6lja med mig hem?, fr\u00e5gade hon.<br \/>\n&#8211; Ja, sa han. Jag f\u00f6ljer dig vart som helst.<br \/>\n&#8211; Bra, viskade hon tyst. Bra. D\u00e5 \u00e4r du min nu.<\/p>\n<p>De sm\u00f6g ut ur sovrummet med kl\u00e4derna n\u00e5gots\u00e5n\u00e4r i ordning. Men Anna kunde k\u00e4nna sperman rinna l\u00e4ngs benen och l\u00e4ngtade efter hans v\u00e4rme och n\u00e4rhet, l\u00e4ngtade efter han h\u00e5rda kuk djupt inne i sig.<br \/>\nHon undrade om det syntes.<br \/>\nP\u00e5 v\u00e4g ut genom d\u00f6rren smekte hon honom \u00f6ver jeansen och k\u00e4nde hans kuk, som snabbt blev h\u00e5rd under hennes hand.<\/p>\n<p>&#8211; Mer, sa hon. Snart f\u00e5r jag mer.<\/p>\n<p>Det blev en l\u00e5ng natt.<\/p>\n<p>&nbsp;<\/p>\n<p>Jeremias M.<\/p>\n<p><img decoding=\"async\" loading=\"lazy\" src=\"https:\/\/i1.wp.com\/www.cirkuseros.nu\/app\/uploads\/2016\/11\/tunnlinjeoriginal_584.gif?resize=584%2C8&#038;ssl=1\" alt=\"\" data-recalc-dims=\"1\" \/><a href=\"https:\/\/www.cirkuseros.nu\/index.php\/text\/noveller\/noveller-av-gastartister\/\"><strong>Tillbaka till Noveller av g\u00e4startister \u00bb<\/strong><\/a><\/p>\n<p><img decoding=\"async\" loading=\"lazy\" src=\"https:\/\/i0.wp.com\/www.cirkuseros.nu\/app\/uploads\/2017\/01\/heartline_584.gif?resize=584%2C20&#038;ssl=1\" alt=\"Heartline\" data-recalc-dims=\"1\" \/><\/p>\n<p><img decoding=\"async\" loading=\"lazy\" src=\"https:\/\/i2.wp.com\/www.cirkuseros.nu\/app\/uploads\/2016\/10\/fri_kursbanner_ani.gif?resize=584%2C140&#038;ssl=1\" alt=\"\" data-recalc-dims=\"1\" \/><\/p>\n","protected":false},"excerpt":{"rendered":"<p>Det var tredje g\u00e5ngen de tr\u00e4ffades. F\u00f6rsta g\u00e5ngen hade varit ute, p\u00e5 krogen. Lars hade sett Anna direkt, deras \u00f6gon hade m\u00f6tts och n\u00e4r hon log mot honom blev han alldeles varm. Andra g\u00e5ngen var n\u00e5gon m\u00e5nad senare. Nu m\u00f6ttes &hellip; <a href=\"https:\/\/www.cirkuseros.nu\/index.php\/text\/noveller\/noveller-av-gastartister\/festen\/\">Forts\u00e4tt l\u00e4sa <span class=\"meta-nav\">&rarr;<\/span><\/a><\/p>\n","protected":false},"author":2,"featured_media":0,"parent":501,"menu_order":25,"comment_status":"closed","ping_status":"closed","template":"sidebar-page.php","meta":[],"_links":{"self":[{"href":"https:\/\/www.cirkuseros.nu\/index.php\/wp-json\/wp\/v2\/pages\/955"}],"collection":[{"href":"https:\/\/www.cirkuseros.nu\/index.php\/wp-json\/wp\/v2\/pages"}],"about":[{"href":"https:\/\/www.cirkuseros.nu\/index.php\/wp-json\/wp\/v2\/types\/page"}],"author":[{"embeddable":true,"href":"https:\/\/www.cirkuseros.nu\/index.php\/wp-json\/wp\/v2\/users\/2"}],"replies":[{"embeddable":true,"href":"https:\/\/www.cirkuseros.nu\/index.php\/wp-json\/wp\/v2\/comments?post=955"}],"version-history":[{"count":2,"href":"https:\/\/www.cirkuseros.nu\/index.php\/wp-json\/wp\/v2\/pages\/955\/revisions"}],"predecessor-version":[{"id":13264,"href":"https:\/\/www.cirkuseros.nu\/index.php\/wp-json\/wp\/v2\/pages\/955\/revisions\/13264"}],"up":[{"embeddable":true,"href":"https:\/\/www.cirkuseros.nu\/index.php\/wp-json\/wp\/v2\/pages\/501"}],"wp:attachment":[{"href":"https:\/\/www.cirkuseros.nu\/index.php\/wp-json\/wp\/v2\/media?parent=955"}],"curies":[{"name":"wp","href":"https:\/\/api.w.org\/{rel}","templated":true}]}}