{"id":96,"date":"2016-10-10T23:00:41","date_gmt":"2016-10-10T21:00:41","guid":{"rendered":"https:\/\/cirkuseros.wordpress.com\/press-media\/pressbilder\/"},"modified":"2017-02-15T00:39:45","modified_gmt":"2017-02-14T23:39:45","slug":"pressbilder","status":"publish","type":"page","link":"https:\/\/www.cirkuseros.nu\/index.php\/press-media\/pressbilder\/","title":{"rendered":"Pressbilder"},"content":{"rendered":"<p><img decoding=\"async\" loading=\"lazy\" src=\"https:\/\/i1.wp.com\/www.cirkuseros.nu\/app\/uploads\/2017\/01\/sidtoppvinjett_pressmedia.jpg?resize=584%2C94&#038;ssl=1\" alt=\"Press &amp; media\" data-recalc-dims=\"1\" \/><br \/>\n<strong>Om du beh\u00f6ver bilder av oss <\/strong>till din tidning, tidskrift, hemsida, blogg, TV-program eller annan media, s\u00e5 kan du hitta det h\u00e4r.<\/p>\n<p><strong>Ladda ner bilder genom att<\/strong> klicka p\u00e5 filnamnet eller p\u00e5 den lilla bilden &#8211; d\u00e5 kommer den h\u00f6guppl\u00f6sta bilden upp i en separat flik.<\/p>\n<p><img decoding=\"async\" loading=\"lazy\" src=\"https:\/\/i0.wp.com\/www.cirkuseros.nu\/app\/uploads\/2017\/01\/heartline_584.gif?resize=584%2C20&#038;ssl=1\" alt=\"Heartline\" data-recalc-dims=\"1\" \/><a href=\"https:\/\/i0.wp.com\/www.cirkuseros.nu\/pressbilder\/callejennie_9206.jpg?ssl=1\" target=\"_blank\"><img decoding=\"async\" loading=\"lazy\" src=\"https:\/\/i1.wp.com\/www.cirkuseros.nu\/app\/uploads\/2016\/10\/callejennie_9206_sm.jpg?resize=130%2C180&#038;ssl=1\" alt=\"Calle &amp; Jennie Rehbinder\" align=\"right\" data-recalc-dims=\"1\" \/><\/a><strong>Calle &amp; Jennie Rehbinder<\/strong><br \/>\nFotograf: <a href=\"mailto:per@adolphson.se\">Per Adolphson<\/a><\/p>\n<p>Ladda ner h\u00f6guppl\u00f6st jpg &#8211; 1156&#215;1734 pixlar:<br \/>\n<strong><a href=\"https:\/\/www.cirkuseros.nu\/pressbilder\/callejennie_9206.jpg\" target=\"_blank\">callejennie_9206.jpg<\/a><\/strong><\/p>\n<p><img decoding=\"async\" loading=\"lazy\" src=\"https:\/\/i1.wp.com\/www.cirkuseros.nu\/app\/uploads\/2016\/11\/tunnlinjeoriginal_584.gif?resize=584%2C8&#038;ssl=1\" alt=\"linje\" data-recalc-dims=\"1\" \/><a href=\"https:\/\/i2.wp.com\/www.cirkuseros.nu\/pressbilder\/callejennie_9210.jpg?ssl=1\" target=\"_blank\"><img decoding=\"async\" loading=\"lazy\" src=\"https:\/\/i2.wp.com\/www.cirkuseros.nu\/app\/uploads\/2016\/10\/callejennie_9210_sm.jpg?resize=129%2C109&#038;ssl=1\" alt=\"Calle &amp; Jennie Rehbinder\" align=\"right\" data-recalc-dims=\"1\" \/><\/a><strong>Calle &amp; Jennie Rehbinder<\/strong><br \/>\nFotograf: <a href=\"mailto:per@adolphson.se\">Per Adolphson<\/a><\/p>\n<p>Ladda ner h\u00f6guppl\u00f6st jpg &#8211; 1433&#215;1302 pixlar:<br \/>\n<strong><a href=\"https:\/\/www.cirkuseros.nu\/pressbilder\/callejennie_9210.jpg\" target=\"_blank\">callejennie_9210.jpg<\/a><\/strong><br \/>\n<img decoding=\"async\" loading=\"lazy\" src=\"https:\/\/i1.wp.com\/www.cirkuseros.nu\/app\/uploads\/2016\/11\/tunnlinjeoriginal_584.gif?resize=584%2C8&#038;ssl=1\" alt=\"linje\" data-recalc-dims=\"1\" \/><a href=\"https:\/\/i0.wp.com\/www.cirkuseros.nu\/pressbilder\/callejennie_9167.jpg?ssl=1\" target=\"_blank\"><img decoding=\"async\" loading=\"lazy\" src=\"https:\/\/i1.wp.com\/www.cirkuseros.nu\/app\/uploads\/2016\/10\/callejennie_9167_sm.jpg?resize=130%2C80&#038;ssl=1\" alt=\"Calle &amp; Jennie Rehbinder\" align=\"right\" data-recalc-dims=\"1\" \/><\/a><strong>Calle &amp; Jennie Rehbinder<\/strong><br \/>\nFotograf: <a href=\"mailto:per@adolphson.se\">Per Adolphson<\/a><\/p>\n<p>Ladda ner h\u00f6guppl\u00f6st jpg &#8211; 1954&#215;1302 pixlar:<br \/>\n<strong><a href=\"https:\/\/www.cirkuseros.nu\/pressbilder\/callejennie_9167.jpg\" target=\"_blank\">callejennie_9167.jpg<\/a><\/strong><\/p>\n<p><img decoding=\"async\" loading=\"lazy\" src=\"https:\/\/i1.wp.com\/www.cirkuseros.nu\/app\/uploads\/2016\/11\/tunnlinjeoriginal_584.gif?resize=584%2C8&#038;ssl=1\" alt=\"linje\" data-recalc-dims=\"1\" \/><a href=\"https:\/\/i0.wp.com\/www.cirkuseros.nu\/pressbilder\/callejennie_9110.jpg?ssl=1\" target=\"_blank\"><img decoding=\"async\" loading=\"lazy\" src=\"https:\/\/i1.wp.com\/www.cirkuseros.nu\/app\/uploads\/2016\/10\/callejennie_9110_sm.jpg?resize=130%2C80&#038;ssl=1\" alt=\"Calle &amp; Jennie Rehbinder\" align=\"right\" data-recalc-dims=\"1\" \/><strong>Calle &amp; Jennie Rehbinder<\/strong><br \/>\nFotograf: <\/a><a href=\"mailto:per@adolphson.se\">Per Adolphson<\/a><\/p>\n<p>Ladda ner h\u00f6guppl\u00f6st jpg &#8211; 1845&#215;1229 pixlar:<br \/>\n<strong><a href=\"https:\/\/www.cirkuseros.nu\/pressbilder\/callejennie_9110.jpg\" target=\"_blank\">callejennie_9110.jpg<\/a><\/strong><\/p>\n<p><img decoding=\"async\" loading=\"lazy\" src=\"https:\/\/i1.wp.com\/www.cirkuseros.nu\/app\/uploads\/2016\/11\/tunnlinjeoriginal_584.gif?resize=584%2C8&#038;ssl=1\" alt=\"linje\" data-recalc-dims=\"1\" \/><a href=\"https:\/\/i2.wp.com\/www.cirkuseros.nu\/pressbilder\/callejennie_9091.jpg?ssl=1\" target=\"_blank\"><img decoding=\"async\" loading=\"lazy\" src=\"https:\/\/i2.wp.com\/www.cirkuseros.nu\/app\/uploads\/2016\/10\/callejennie_9091_sm.jpg?resize=130%2C80&#038;ssl=1\" alt=\"Calle &amp; Jennie Rehbinder\" align=\"right\" data-recalc-dims=\"1\" \/><\/a><strong>Calle &amp; Jennie Rehbinder<\/strong><br \/>\nFotograf: <a href=\"mailto:per@adolphson.se\">Per Adolphson<\/a><\/p>\n<p>Ladda ner h\u00f6guppl\u00f6st jpg &#8211; 1892&#215;1261 pixlar:<br \/>\n<strong><a href=\"https:\/\/www.cirkuseros.nu\/pressbilder\/callejennie_9091.jpg\" target=\"_blank\">callejennie_9091.jpg<\/a><\/strong><\/p>\n<p><img decoding=\"async\" loading=\"lazy\" src=\"https:\/\/i1.wp.com\/www.cirkuseros.nu\/app\/uploads\/2016\/11\/tunnlinjeoriginal_584.gif?resize=584%2C8&#038;ssl=1\" alt=\"linje\" data-recalc-dims=\"1\" \/><a href=\"https:\/\/i0.wp.com\/www.cirkuseros.nu\/pressbilder\/callejennie_9151.jpg?ssl=1\" target=\"_blank\"><img decoding=\"async\" loading=\"lazy\" src=\"https:\/\/i1.wp.com\/www.cirkuseros.nu\/app\/uploads\/2016\/10\/callejennie_9151_sm.jpg?resize=130%2C80&#038;ssl=1\" alt=\"Calle &amp; Jennie Rehbinder\" align=\"right\" data-recalc-dims=\"1\" \/><\/a><strong>Calle &amp; Jennie Rehbinder<\/strong><br \/>\nFotograf: <a href=\"mailto:per@adolphson.se\">Per Adolphson<\/a><\/p>\n<p>Ladda ner h\u00f6guppl\u00f6st jpg &#8211; 1904&#215;1269 pixlar:<br \/>\n<strong><a href=\"https:\/\/www.cirkuseros.nu\/pressbilder\/callejennie_9151.jpg\" target=\"_blank\">callejennie_9151.jpg<\/a><\/strong><\/p>\n<p><img decoding=\"async\" loading=\"lazy\" src=\"https:\/\/i1.wp.com\/www.cirkuseros.nu\/app\/uploads\/2016\/11\/tunnlinjeoriginal_584.gif?resize=584%2C8&#038;ssl=1\" alt=\"linje\" data-recalc-dims=\"1\" \/><a href=\"https:\/\/i0.wp.com\/www.cirkuseros.nu\/pressbilder\/erotisksejd.jpg?ssl=1\" target=\"_blank\"><img decoding=\"async\" loading=\"lazy\" src=\"https:\/\/i0.wp.com\/www.cirkuseros.nu\/app\/uploads\/2016\/10\/erotisksejd_sm.jpg?resize=130%2C170&#038;ssl=1\" alt=\"Calle &amp; Jennie Rehbinder\" align=\"right\" data-recalc-dims=\"1\" \/><\/a><strong>Calle &amp; Jennie Rehbinder<\/strong><br \/>\nFotograf: <a href=\"mailto:calle@cirkuseros.nu\">Carl Johan Rehbinder<\/a><\/p>\n<p>Ladda ner h\u00f6guppl\u00f6st jpg &#8211; 1768&#215;2500 pixlar:<br \/>\n<strong><a href=\"https:\/\/www.cirkuseros.nu\/pressbilder\/erotisksejd.jpg\" target=\"_blank\">erotisksejd.jpg<\/a><\/strong><\/p>\n<p><img decoding=\"async\" loading=\"lazy\" src=\"https:\/\/i1.wp.com\/www.cirkuseros.nu\/app\/uploads\/2016\/11\/tunnlinjeoriginal_584.gif?resize=584%2C8&#038;ssl=1\" alt=\"linje\" data-recalc-dims=\"1\" \/><a href=\"https:\/\/i2.wp.com\/www.cirkuseros.nu\/pressbilder\/calle_paris.jpg?ssl=1\" target=\"_blank\"><img decoding=\"async\" loading=\"lazy\" src=\"https:\/\/i2.wp.com\/www.cirkuseros.nu\/app\/uploads\/2016\/10\/calle_paris_sm.jpg?resize=130%2C175&#038;ssl=1\" alt=\"Calle Rehbinder\" align=\"right\" data-recalc-dims=\"1\" \/><\/a><strong>Calle Rehbinder<\/strong><br \/>\nFotograf: <a href=\"mailto:jennie@cirkuseros.nu\">Jennie Rehbinder<\/a><\/p>\n<p>Ladda ner h\u00f6guppl\u00f6st jpg &#8211; 1915&#215;2795 pixlar:<br \/>\n<strong><a href=\"https:\/\/www.cirkuseros.nu\/pressbilder\/calle_paris.jpg\" target=\"_blank\">calle_paris.jpg<\/a><\/strong><\/p>\n<p><img decoding=\"async\" loading=\"lazy\" src=\"https:\/\/i1.wp.com\/www.cirkuseros.nu\/app\/uploads\/2016\/11\/tunnlinjeoriginal_584.gif?resize=584%2C8&#038;ssl=1\" alt=\"linje\" data-recalc-dims=\"1\" \/><a href=\"https:\/\/i1.wp.com\/www.cirkuseros.nu\/pressbilder\/jennie_2011.jpg?ssl=1\" target=\"_blank\"><img decoding=\"async\" loading=\"lazy\" src=\"https:\/\/i1.wp.com\/www.cirkuseros.nu\/app\/uploads\/2016\/10\/jennie_2011_sm.jpg?resize=130%2C179&#038;ssl=1\" alt=\"Jennie Rehbinder\" align=\"right\" data-recalc-dims=\"1\" \/><\/a><strong>Jennie Rehbinder<\/strong><br \/>\nFotograf: <a href=\"mailto:calle@cirkuseros.nu\">Carl Johan Rehbinder<\/a><\/p>\n<p>Ladda ner h\u00f6guppl\u00f6st jpg &#8211; 1024&#215;1530 pixlar:<br \/>\n<strong><a href=\"https:\/\/www.cirkuseros.nu\/pressbilder\/jennie_2011.jpg\" target=\"_blank\">jennie_2011.jpg<\/a><\/strong><\/p>\n<p><img decoding=\"async\" loading=\"lazy\" src=\"https:\/\/i1.wp.com\/www.cirkuseros.nu\/app\/uploads\/2016\/11\/tunnlinjeoriginal_584.gif?resize=584%2C8&#038;ssl=1\" alt=\"linje\" data-recalc-dims=\"1\" \/><a href=\"https:\/\/i2.wp.com\/www.cirkuseros.nu\/pressbilder\/calle_rehbinder_skog.jpg?ssl=1\" target=\"_blank\"><img decoding=\"async\" loading=\"lazy\" src=\"https:\/\/i2.wp.com\/www.cirkuseros.nu\/app\/uploads\/2016\/10\/calle_rehbinder_skog_sm.jpg?resize=130%2C80&#038;ssl=1\" alt=\"Calle Rehbinder\" align=\"right\" data-recalc-dims=\"1\" \/><\/a><strong>Calle Rehbinder<\/strong><br \/>\nFotograf: <a href=\"mailto:jennie@cirkuseros.nu\">Jennie Rehbinder<\/a><\/p>\n<p>Ladda ner h\u00f6guppl\u00f6st jpg &#8211; 2048&#215;1371 pixlar:<br \/>\n<strong><a href=\"https:\/\/www.cirkuseros.nu\/pressbilder\/calle_rehbinder_skog.jpg\" target=\"_blank\">calle_rehbinder_skog.jpg<\/a><\/strong><\/p>\n<p><img decoding=\"async\" loading=\"lazy\" src=\"https:\/\/i1.wp.com\/www.cirkuseros.nu\/app\/uploads\/2016\/11\/tunnlinjeoriginal_584.gif?resize=584%2C8&#038;ssl=1\" alt=\"linje\" data-recalc-dims=\"1\" \/><a href=\"https:\/\/i2.wp.com\/www.cirkuseros.nu\/pressbilder\/bodypaintdisplay.jpg?ssl=1\" target=\"_blank\"><img decoding=\"async\" loading=\"lazy\" src=\"https:\/\/i1.wp.com\/www.cirkuseros.nu\/app\/uploads\/2016\/10\/bodypaintdisplay_sm.jpg?resize=130%2C120&#038;ssl=1\" alt=\"Kroppsm\u00e5lning Calle Rehbinder\" align=\"right\" data-recalc-dims=\"1\" \/><\/a><strong>Body Art Collage<br \/>\n<\/strong>Fotograf: <a href=\"mailto:calle@cirkuseros.nu\">Carl Johan Rehbinder<\/a> m.fl<\/p>\n<p>Ladda ner h\u00f6guppl\u00f6st jpg &#8211; 1417&#215;1417 pixlar:<br \/>\n<strong><a href=\"https:\/\/www.cirkuseros.nu\/pressbilder\/bodypaintdisplay.jpg\" target=\"_blank\">bodypaintdisplay.jpg<\/a><\/strong><\/p>\n<p><img decoding=\"async\" loading=\"lazy\" src=\"https:\/\/i1.wp.com\/www.cirkuseros.nu\/app\/uploads\/2016\/11\/tunnlinjeoriginal_584.gif?resize=584%2C8&#038;ssl=1\" alt=\"linje\" data-recalc-dims=\"1\" \/><a href=\"https:\/\/i2.wp.com\/www.cirkuseros.nu\/pressbilder\/bokomslag_cirkuseros.jpg?ssl=1\" target=\"_blank\"><img decoding=\"async\" loading=\"lazy\" src=\"https:\/\/i1.wp.com\/www.cirkuseros.nu\/app\/uploads\/2016\/10\/bokomslag_cirkuseros_sm.jpg?resize=130%2C191&#038;ssl=1\" alt=\"Bokomslag Cirkus Eros\" align=\"right\" data-recalc-dims=\"1\" \/><\/a><strong>Bokomslag Cirkus Eros och andra erotiska ber\u00e4ttelser<\/strong><br \/>\nFoto &amp; grafisk form: <a href=\"mailto:calle@cirkuseros.nu\">Carl Johan Rehbinder<\/a><\/p>\n<p>Ladda ner h\u00f6guppl\u00f6st jpg &#8211; 1594&#215;2539 pixlar:<br \/>\n<strong><a href=\"https:\/\/www.cirkuseros.nu\/pressbilder\/bokomslag_cirkuseros.jpg\" target=\"_blank\">bokomslag_cirkuseros.jpg<\/a><\/strong><\/p>\n<p><img decoding=\"async\" loading=\"lazy\" src=\"https:\/\/i1.wp.com\/www.cirkuseros.nu\/app\/uploads\/2016\/11\/tunnlinjeoriginal_584.gif?resize=584%2C8&#038;ssl=1\" alt=\"linje\" data-recalc-dims=\"1\" \/><\/p>\n<p><img decoding=\"async\" loading=\"lazy\" src=\"https:\/\/i0.wp.com\/www.cirkuseros.nu\/app\/uploads\/2017\/01\/heartline_584.gif?resize=584%2C20&#038;ssl=1\" alt=\"Heartline\" data-recalc-dims=\"1\" \/><\/p>\n<p><img decoding=\"async\" loading=\"lazy\" src=\"https:\/\/i2.wp.com\/www.cirkuseros.nu\/app\/uploads\/2016\/10\/fri_kursbanner_ani.gif?resize=584%2C140&#038;ssl=1\" alt=\"Cirkus Eros - erotik f\u00f6r finsmakare\" data-recalc-dims=\"1\" \/><\/p>\n","protected":false},"excerpt":{"rendered":"<p>Om du beh\u00f6ver bilder av oss till din tidning, tidskrift, hemsida, blogg, TV-program eller annan media, s\u00e5 kan du hitta det h\u00e4r. Ladda ner bilder genom att klicka p\u00e5 filnamnet eller p\u00e5 den lilla bilden &#8211; d\u00e5 kommer den h\u00f6guppl\u00f6sta &hellip; <a href=\"https:\/\/www.cirkuseros.nu\/index.php\/press-media\/pressbilder\/\">Forts\u00e4tt l\u00e4sa <span class=\"meta-nav\">&rarr;<\/span><\/a><\/p>\n","protected":false},"author":2,"featured_media":0,"parent":74,"menu_order":1,"comment_status":"closed","ping_status":"closed","template":"sidebar-page.php","meta":[],"_links":{"self":[{"href":"https:\/\/www.cirkuseros.nu\/index.php\/wp-json\/wp\/v2\/pages\/96"}],"collection":[{"href":"https:\/\/www.cirkuseros.nu\/index.php\/wp-json\/wp\/v2\/pages"}],"about":[{"href":"https:\/\/www.cirkuseros.nu\/index.php\/wp-json\/wp\/v2\/types\/page"}],"author":[{"embeddable":true,"href":"https:\/\/www.cirkuseros.nu\/index.php\/wp-json\/wp\/v2\/users\/2"}],"replies":[{"embeddable":true,"href":"https:\/\/www.cirkuseros.nu\/index.php\/wp-json\/wp\/v2\/comments?post=96"}],"version-history":[{"count":11,"href":"https:\/\/www.cirkuseros.nu\/index.php\/wp-json\/wp\/v2\/pages\/96\/revisions"}],"predecessor-version":[{"id":7359,"href":"https:\/\/www.cirkuseros.nu\/index.php\/wp-json\/wp\/v2\/pages\/96\/revisions\/7359"}],"up":[{"embeddable":true,"href":"https:\/\/www.cirkuseros.nu\/index.php\/wp-json\/wp\/v2\/pages\/74"}],"wp:attachment":[{"href":"https:\/\/www.cirkuseros.nu\/index.php\/wp-json\/wp\/v2\/media?parent=96"}],"curies":[{"name":"wp","href":"https:\/\/api.w.org\/{rel}","templated":true}]}}