{"id":967,"date":"2016-11-20T01:51:25","date_gmt":"2016-11-20T00:51:25","guid":{"rendered":"https:\/\/cirkuseros.wordpress.com\/?page_id=967"},"modified":"2023-09-26T16:25:58","modified_gmt":"2023-09-26T14:25:58","slug":"bussresa","status":"publish","type":"page","link":"https:\/\/www.cirkuseros.nu\/index.php\/text\/noveller\/noveller-av-gastartister\/bussresa\/","title":{"rendered":"Bussresa"},"content":{"rendered":"<p>Vi sitter mitt emot varandra p\u00e5 bussen.<br \/>\nJag vet att jag har sett henne f\u00f6rut men kan inte minnas var. Jag f\u00f6rs\u00f6ker l\u00e5ta bli att titta men det \u00e4r n\u00e5got hos henne som drar till sig min blick. Kanske \u00e4r det de m\u00f6rka \u00f6gonen, kanske hennes fylliga l\u00e4ppar. Sitter d\u00e4r mitt emot henne och fantiserar om hur det skulle vara att kyssa de d\u00e4r h\u00e4rligt rosiga l\u00e4pparna.<\/p>\n<p>Hon smeker mjukt undan en lock av sitt h\u00e5r som ramlat ner i hennes vackra, solbruna ansikte. Hon ser p\u00e5 mig, jag ser ut genom f\u00f6nstret, men jag tror hon s\u00e5g mina blickar. Ser mot henne igen, unders\u00f6ker hennes kropp med min blick. Hon \u00e4r vacker. Under tr\u00f6jan kan jag uttyda utbuktningen av hennes br\u00f6st, som sakta h\u00f6jer och s\u00e4nker sig i takt med hennes andning. Hon sitter med benen korsade och har en v\u00e4ska i kn\u00e4et. Hennes h\u00e5r h\u00e4nger i ett virrvarr av guldlockar runt hennes huvud. Jag uppt\u00e4cker till min f\u00f6rv\u00e5ning att hon inte har s\u00e4nkt blicken. Hon sitter fortfarande och ser p\u00e5 mig. Vi ser varandra i \u00f6gonen, hon ler. Jag kan knappt tro att det \u00e4r sant, denna underbara varelse ser p\u00e5 mig och ler. Hennes m\u00f6rkbruna \u00f6gon studerar mig intensivt, som f\u00f6r att se rakt igenom mig. Hennes blickar br\u00e4nner p\u00e5 min hud. Hennes \u00f6gon \u00e4r som brunnar, bottenl\u00f6sa, jag kan se \u00e4nda in i hennes sj\u00e4l.<br \/>\nHon studerar mig, l\u00e4ser mig.<\/p>\n<p>Hon tar upp ett block och en penna ur sin v\u00e4ska och krafsar snabbt ner n\u00e5gonting, jag kan inte se vad. Hennes flinka fingrar styr pennan m\u00e5lmedvetet \u00f6ver papperet, suddar ut n\u00e5got med lillfingertoppen som hon fuktat mellan sina l\u00e4ppar. Hennes h\u00e4nder \u00e4r smala men ser starka och mjuka ut, hennes h\u00e4nder p\u00e5 mig, smekande, fantiserar om hur det skulle k\u00e4nnas att bli smekt av henne. Att \u00e4lska med henne.<br \/>\nHon ser v\u00e4xelvis p\u00e5 mig, v\u00e4xelvis p\u00e5 blocket. Hennes blick borrar sig djupt in i mig, v\u00e4cker liv i min tr\u00f6tta kropp. Hela situationen \u00e4r otroligt upphetsande, jag \u00e4r redan alldeles v\u00e5t. Jag ser p\u00e5 henne, hon \u00e4r nu helt koncentrerad p\u00e5 sin teckning. Stryker irriterat bort samma lock igen som envisas med att kittla hennes ansikte. Jag vill stryka undan den bakom hennes \u00f6ra, ta henne i min famn och kyssa henne. Hon rodnar l\u00e4tt, som himlen en sommarkv\u00e4ll. En lustig tanke sl\u00e5r mig &#8211; t\u00e4nk om hon kan l\u00e4sa mina tankar. T\u00e4nk om hon t\u00e4nker samma sak?<\/p>\n<p>Hon ser upp mot mig igen, hennes \u00f6gon f\u00f6rtrollar mig, jag kan inte titta bort. Hon fuktar sina l\u00e4ppar med tungan, utan att sl\u00e4ppa blicken fr\u00e5n mig. Jag vill ha henne, m\u00e5ste f\u00e5 henne &#8211; men t\u00e4nk om hon inte vill, t\u00e4nk om jag g\u00f6r bort mig f\u00f6r henne. Jag ser forskande p\u00e5 henne, hon bara ler.<\/p>\n<p>En ny fantasi v\u00e4cks i mitt huvud, jag st\u00e5r modell f\u00f6r henne naken, hon utforskar varje del av mig, skissar ner varje detalj av mig, speciellt min mus, mitt v\u00e5ta br\u00e4nnande sk\u00f6te. M\u00e5lar en tavla av min fitta, detaljrikt. F\u00f6r att alla detaljer ska uppt\u00e4ckas s\u00e5 m\u00e5ste hon smeka mig, smaka mig, slicka mig.<\/p>\n<p>Tror aldrig jag varit s\u00e5 k\u00e5t f\u00f6rut, kan knappt sitta still, och bussens vibrationer g\u00f6r inte saken direkt b\u00e4ttre.<\/p>\n<p>S\u00e5 slutar hon teckna, v\u00e4nder p\u00e5 blocket och visar mig sitt konstverk. Det \u00e4r en skiss av tv\u00e5 flickor, en liggandes naken p\u00e5 en s\u00e4ng, den andra sittande gr\u00e4nsle \u00f6ver, sugande p\u00e5 hennes br\u00f6stv\u00e5rta.<br \/>\nDet \u00e4r jag och hon, det framg\u00e5r tydligt &#8211; eller \u00e4r det bara i min fantasi?<br \/>\nDet \u00e4r en vacker och detaljerad bild, njutningen g\u00e5r att sk\u00f6nja i de b\u00e5das \u00f6gon. Men kan det vara vi? Jag ser upp mot henne, hennes sugande, l\u00e4ngtande blick avsl\u00f6jar allt. Hon ler lite skamset, rodnar, som om hon \u00e4r os\u00e4ker p\u00e5 att jag \u00e4r intresserad. Jag ler tillbaka mot henne, biter mig f\u00f6rsiktigt i l\u00e4ppen, som f\u00f6r att s\u00e4ga att jag ocks\u00e5 vill. Hon ser ut genom f\u00f6nstret. \u00c5ngrar genast att jag log, jag kan ha missuppfattat hela situationen. Tvekar, vad \u00e4r n\u00e4sta steg, finns det ett n\u00e4sta steg? Jag tappar n\u00e4stan andan n\u00e4r hon lutar sig fram mot mig.<\/p>\n<p>\u201d- Det skulle vara h\u00e4rligt va?\u201d<\/p>\n<p>Fr\u00e5gar hon med ett leende p\u00e5 l\u00e4pparna och nickar mot sin teckning.<br \/>\nJag kan inget annat \u00e4n att nicka till svar. Bussen rullar p\u00e5 i samma takt som mina tankar, som alldeles har g\u00e5tt h\u00e4ndelserna i f\u00f6rv\u00e4g. Jag dr\u00f6mmer om hur det vore att f\u00e5 smaka p\u00e5 henne, dricka hennes safter, ge henne njutning. Vi ser p\u00e5 varandra, l\u00e5ter v\u00e5ra blickar g\u00e5 p\u00e5 uppt\u00e4cktsf\u00e4rd p\u00e5 varandras kroppar.<br \/>\nHon l\u00e4gger ner sin v\u00e4ska s\u00e5 jag kan se in mellan hennes l\u00e5r. En v\u00e5t fl\u00e4ck har uppenbarat sig i grenen p\u00e5 det tunna tyget i hennes byxor. Hon rodnar lite, men s\u00e4rar mer p\u00e5 benen. Hade hon haft kjol hade jag haft full insyn vid det h\u00e4r laget. Vi smeker varandra med blicken utan att n\u00e5gon av de andra passagerarna uppt\u00e4cker n\u00e5got.<\/p>\n<p>Bussen bromsar in f\u00f6r att sl\u00e4ppa av n\u00e5gra passagerare, och efter n\u00e5gra stopp \u00e4r det bara hon och jag kvar. Hon tar min hand och leder mig l\u00e4ngst bak i bussen. Vi fnittrar lite b\u00e5da tv\u00e5 vid tanken p\u00e5 att n\u00e5gon kan uppt\u00e4cka oss, n\u00e4r som helst. Men vi \u00e4r b\u00e5da allt f\u00f6r k\u00e5ta f\u00f6r att egentligen bry oss.<\/p>\n<p>Vi dunsar ned p\u00e5 det breda s\u00e4tet l\u00e4ngst bak i bussen. Hon kysser mig, inte mjukt, inte s\u00f6kande, utan som ett rovdjur som s\u00e4tter t\u00e4nderna i sitt byte. Hon kysser underbart, smakar gott. Vildheten i hennes kyss g\u00f6r mig alldeles yr, k\u00e5t och yr. V\u00e5ra tungor dansar runt varandra i en ur\u00e5ldrig dans. En vild tornado av tungor, l\u00e4ngst bak i bussen. Vi halvligger p\u00e5 s\u00e4tet, f\u00f6rs\u00f6ker d\u00f6lja vad som h\u00e4nder i den m\u00e5n det g\u00e5r.<\/p>\n<p>Hon smeker mina br\u00f6st, letar sig innanf\u00f6r tr\u00f6jan och kl\u00e4mmer f\u00f6rsiktigt p\u00e5 mina styva br\u00f6stv\u00e5rtor. Jag fl\u00e4mtar till, ryser av v\u00e4lbehag. Jag drar f\u00f6rsiktigt ner dragkedjan p\u00e5 hennes tr\u00f6ja, hon har inget under. Jag tar av henne tr\u00f6jan och smeker hennes br\u00f6st. Hon har perfekta br\u00f6st, lite st\u00f6rre \u00e4n min hand, fasta, uppnosiga, med vackra, lysande r\u00f6da v\u00e5rtg\u00e5rdar och styva br\u00f6stv\u00e5rtor, br\u00f6stv\u00e5rtor som liknar smultron.<\/p>\n<p>Hon lyckas p\u00e5 n\u00e5got s\u00e4tt f\u00e5 av mig min tr\u00f6ja, och vi sitter d\u00e4r, l\u00e4ngst bak i bussen, halvnakna.<br \/>\nVi kysser och smeker varandras br\u00f6st tills vi b\u00e5da \u00e4r alldeles v\u00e5ta och inte kan v\u00e4nta mer. Hon kryper ner p\u00e5 golvet framf\u00f6r mig och kn\u00e4pper sakta upp mina byxor. Mitt hj\u00e4rta sl\u00e5r snabbare f\u00f6r varje knapp. Hon drar ner mina byxor s\u00e5 de sitter vid mina anklar.<\/p>\n<p>S\u00e5 kysser hon mig &#8211; smakande, utforskande och alldeles underbart. Hon slickar och suger min fitta som om hon aldrig gjort annat &#8211; jag kan inte l\u00e5ta bli att st\u00f6na h\u00f6gt. Hon letar genom varje skrymsle av min k\u00e4rleksgrotta med sin h\u00e4rliga, heta tunga.<\/p>\n<p>Jag k\u00e4nner den komma, br\u00e4nnande, pirrande, exploderande. Jag skakar av njutning n\u00e4r det g\u00e5r f\u00f6r mig under hennes behandling, st\u00f6nar h\u00f6gt och snyftar av njutning.<br \/>\nHon slickar och suger p\u00e5 min rosenknopp, jag vibrerar, sp\u00e4nns, och kommer \u00e4nnu en g\u00e5ng. Jag m\u00e5ste bita mig i handen f\u00f6r att inte skrika r\u00e4tt ut. Hon slickar i sig av mina heta safter. Jag njuter gr\u00e4nsl\u00f6st, v\u00e4rlden existerar inte l\u00e4ngre.<\/p>\n<p>S\u00e5 reser hon sig upp och drar ner sina byxor. Hon visar mig den vackraste fitta jag sett &#8211; len, rakad, rosig och v\u00e5t. Safterna bokstavligen rinner ur henne. Jag lutar mig fram och smakar p\u00e5 henne. Hon smakar s\u00f6tt, fruktigt. Jag nafsar f\u00f6rsiktigt p\u00e5 hennes blygdl\u00e4ppar, hon st\u00f6nar ljudligt &#8211; tur att det bara \u00e4r vi kvar i bussen.<br \/>\nS\u00e5 dyker jag in mellan hennes l\u00e5r, kysser, slickar, suger och nafsar p\u00e5 hennes h\u00e4rliga fitta. Hon trycker sig mot mig, st\u00f6nar, fl\u00e4mtar, snyftar. Jag l\u00e5ter f\u00f6rsiktigt ett finger glida in i henne. Hon rycker till och sp\u00e4nner sig i hela kroppen &#8211; jag kan k\u00e4nna hennes orgasm krama mitt finger, och hon kv\u00e4ver halvt ett skrik av njutning.<\/p>\n<p>Pl\u00f6tsligt stannar bussen. Vi blir b\u00e5da v\u00e4ldigt medvetna om omv\u00e4rlden igen &#8211; men vi st\u00e5r inte vid n\u00e5gon h\u00e5llplats. Vi kryper b\u00e5da ner i s\u00e4tet, g\u00f6r oss s\u00e5 sm\u00e5 som m\u00f6jligt, men vi \u00e4r redan uppt\u00e4ckta. Jag h\u00f6r hur det rasslar till l\u00e4ngst fram, och busschauff\u00f6ren kl\u00e4ttrar ur sitt b\u00e5s. Det \u00e4r en ung kille, han kan inte vara mer \u00e4n 25. Han letar sig snabbt bak till oss.<\/p>\n<p>\u201d- Jag har suttit och sett p\u00e5 er i backspegeln nu de senaste fem kilometerna, det ser s\u00e5 underbart ut, f\u00e5r jag vara med?\u201d<\/p>\n<p>Vi granskar honom med blicken, han \u00e4r ganska l\u00e5ng, smal &#8211; och har en stor bula innanf\u00f6r byxorna. Vi ser p\u00e5 varandra, tjejen och jag, och nickar samst\u00e4mmigt.<\/p>\n<p>Vi kastar oss \u00f6ver honom, tvingar ner honom i s\u00e4tet, sliter av honom byxorna s\u00e5 kuken bokstavligen hoppar ut. Det \u00e4r en stor kuk, l\u00e5ng, grov och \u00e5drig, redan h\u00e5rd och bultande. Vi st\u00e4ller oss p\u00e5 kn\u00e4 p\u00e5 varsin sida om honom, slickar, suger och smakar p\u00e5 honom. Tv\u00e5 munnar, tv\u00e5 tungor och fyra h\u00e4nder bearbetar hans kuk &#8211; han st\u00f6nar ljudligt, djuriskt. Hans kuk bultar i min mun, i hennes mun, mellan v\u00e5ra tungor. Han tar ett stadigt tag om mitt h\u00e5r och hennes h\u00e5r med en varsin hand, trycker oss mot kuken, l\u00e5ter oss turas om med att sv\u00e4lja hela hans stora, bultande mandom.<\/p>\n<p>Hon tar initiativet nu och kastar sig upp i hans kn\u00e4, l\u00e5ter hans kuk glida in i sitt savande sk\u00f6te med en suck. Hon rider honom h\u00e5rt, dunkar sitt sk\u00f6te mot hans kuk, brutalt. Hon rider honom som en vilde tills han fl\u00e4mtar att det snart kommer g\u00e5 f\u00f6r honom. Hon kliver smidigt som en katt av honom och instruerar mig att st\u00e4lla mig upp med stj\u00e4rten mot honom. Han reser sig och l\u00e5ter sin kuk ramma mig bakifr\u00e5n, han tar mig h\u00e5rt, st\u00f6nande. Han fyller hela min grotta med sin \u00e5driga kuk, och det g\u00e5r f\u00f6r mig \u00e4n en g\u00e5ng &#8211; v\u00e4rlden exploderar framf\u00f6r mina \u00f6gon. Stj\u00e4rnorna ramlar ner fr\u00e5n himlen.<\/p>\n<p>Han drar sig ur mig och vi st\u00e4ller oss p\u00e5 kn\u00e4 framf\u00f6r honom, suger och slickar. Med ett vr\u00e5l sprutar han sin sats i v\u00e5ra munnar, och vi sv\u00e4ljer s\u00e5 gott det g\u00e5r. Han sprutar sin heta lava som en vulkan, \u00e4ndl\u00f6st. Men till slut sinar hans k\u00e4lla och han dr\u00e5sar ner i s\u00e4tet, utmattad men tillfredst\u00e4lld.<\/p>\n<p>Vi \u00e4r b\u00e5da alldeles kletiga av hans s\u00e4d. Hon kysser mig, smakar starkt av sperma och kuk. Busschauff\u00f6ren f\u00e5r snabbt p\u00e5 sig kl\u00e4derna igen och g\u00e5r fram och startar bussen. Vi kl\u00e4r oss ocks\u00e5, men vi sitter och kelar och kysser varandra hela v\u00e4gen hem, och g\u00e5r sedan hand i hand hem till mig.<\/p>\n<p>Men det \u00e4r en annan historia&#8230;<\/p>\n<p>&nbsp;<\/p>\n<p>Linda L.<\/p>\n<p><img decoding=\"async\" loading=\"lazy\" src=\"https:\/\/i1.wp.com\/www.cirkuseros.nu\/app\/uploads\/2016\/11\/tunnlinjeoriginal_584.gif?resize=584%2C8&#038;ssl=1\" alt=\"\" data-recalc-dims=\"1\" \/><a href=\"https:\/\/www.cirkuseros.nu\/index.php\/text\/noveller\/noveller-av-gastartister\/\"><strong>Tillbaka till Noveller av g\u00e4startister \u00bb<\/strong><\/a><\/p>\n<p><img decoding=\"async\" loading=\"lazy\" src=\"https:\/\/i0.wp.com\/www.cirkuseros.nu\/app\/uploads\/2017\/01\/heartline_584.gif?resize=584%2C20&#038;ssl=1\" alt=\"Heartline\" data-recalc-dims=\"1\" \/><\/p>\n<p><img decoding=\"async\" loading=\"lazy\" src=\"https:\/\/i2.wp.com\/www.cirkuseros.nu\/app\/uploads\/2016\/10\/fri_kursbanner_ani.gif?resize=584%2C140&#038;ssl=1\" alt=\"\" data-recalc-dims=\"1\" \/><\/p>\n","protected":false},"excerpt":{"rendered":"<p>Vi sitter mitt emot varandra p\u00e5 bussen. Jag vet att jag har sett henne f\u00f6rut men kan inte minnas var. Jag f\u00f6rs\u00f6ker l\u00e5ta bli att titta men det \u00e4r n\u00e5got hos henne som drar till sig min blick. Kanske \u00e4r &hellip; <a href=\"https:\/\/www.cirkuseros.nu\/index.php\/text\/noveller\/noveller-av-gastartister\/bussresa\/\">Forts\u00e4tt l\u00e4sa <span class=\"meta-nav\">&rarr;<\/span><\/a><\/p>\n","protected":false},"author":2,"featured_media":0,"parent":501,"menu_order":35,"comment_status":"closed","ping_status":"closed","template":"sidebar-page.php","meta":[],"_links":{"self":[{"href":"https:\/\/www.cirkuseros.nu\/index.php\/wp-json\/wp\/v2\/pages\/967"}],"collection":[{"href":"https:\/\/www.cirkuseros.nu\/index.php\/wp-json\/wp\/v2\/pages"}],"about":[{"href":"https:\/\/www.cirkuseros.nu\/index.php\/wp-json\/wp\/v2\/types\/page"}],"author":[{"embeddable":true,"href":"https:\/\/www.cirkuseros.nu\/index.php\/wp-json\/wp\/v2\/users\/2"}],"replies":[{"embeddable":true,"href":"https:\/\/www.cirkuseros.nu\/index.php\/wp-json\/wp\/v2\/comments?post=967"}],"version-history":[{"count":2,"href":"https:\/\/www.cirkuseros.nu\/index.php\/wp-json\/wp\/v2\/pages\/967\/revisions"}],"predecessor-version":[{"id":13274,"href":"https:\/\/www.cirkuseros.nu\/index.php\/wp-json\/wp\/v2\/pages\/967\/revisions\/13274"}],"up":[{"embeddable":true,"href":"https:\/\/www.cirkuseros.nu\/index.php\/wp-json\/wp\/v2\/pages\/501"}],"wp:attachment":[{"href":"https:\/\/www.cirkuseros.nu\/index.php\/wp-json\/wp\/v2\/media?parent=967"}],"curies":[{"name":"wp","href":"https:\/\/api.w.org\/{rel}","templated":true}]}}