{"id":995,"date":"2016-11-20T02:26:58","date_gmt":"2016-11-20T01:26:58","guid":{"rendered":"https:\/\/cirkuseros.wordpress.com\/?page_id=995"},"modified":"2023-09-26T16:46:59","modified_gmt":"2023-09-26T14:46:59","slug":"den-runkandes-drom","status":"publish","type":"page","link":"https:\/\/www.cirkuseros.nu\/index.php\/text\/noveller\/noveller-av-gastartister\/den-runkandes-drom\/","title":{"rendered":"Den Runkandes Dr\u00f6m"},"content":{"rendered":"<p>I det runkande nu<br \/>\nmed ballen<br \/>\npulserande i<br \/>\nstolthet.<\/p>\n<p>Kom s\u00e4tt dig<br \/>\np\u00e5 mitt<br \/>\nansikte jag<br \/>\nvill sv\u00e4lja<br \/>\nditt<br \/>\nsk\u00f6te.<\/p>\n<p>Insuga, upp-<br \/>\nslicka,<br \/>\nintaga din<br \/>\nvarelse genom<br \/>\ndin fitta.<\/p>\n<p>I fuktiga \u00e4ngsmarkens<br \/>\nl\u00e4nder att<br \/>\nhitta din<br \/>\nVarelses skrymslen<br \/>\noch vr\u00e5r<br \/>\nKom o runda<br \/>\nformers gudinna,<br \/>\nl\u00e5t mig slicka<br \/>\ndin<br \/>\nnyrakade<br \/>\nfitta.<\/p>\n<p>&nbsp;<\/p>\n<p>Per L. 030104<\/p>\n<p><img decoding=\"async\" loading=\"lazy\" src=\"https:\/\/i1.wp.com\/www.cirkuseros.nu\/app\/uploads\/2016\/11\/tunnlinjeoriginal_584.gif?resize=584%2C8&#038;ssl=1\" alt=\"\" data-recalc-dims=\"1\" \/><a href=\"https:\/\/www.cirkuseros.nu\/index.php\/text\/noveller\/noveller-av-gastartister\/\"><strong>Tillbaka till Noveller av g\u00e4startister \u00bb<\/strong><\/a><\/p>\n<p><img decoding=\"async\" loading=\"lazy\" src=\"https:\/\/i0.wp.com\/www.cirkuseros.nu\/app\/uploads\/2017\/01\/heartline_584.gif?resize=584%2C20&#038;ssl=1\" alt=\"Heartline\" data-recalc-dims=\"1\" \/><\/p>\n<p><img decoding=\"async\" loading=\"lazy\" src=\"https:\/\/i2.wp.com\/www.cirkuseros.nu\/app\/uploads\/2016\/10\/fri_kursbanner_ani.gif?resize=584%2C140&#038;ssl=1\" alt=\"\" data-recalc-dims=\"1\" \/><\/p>\n","protected":false},"excerpt":{"rendered":"<p>I det runkande nu med ballen pulserande i stolthet. Kom s\u00e4tt dig p\u00e5 mitt ansikte jag vill sv\u00e4lja ditt sk\u00f6te. Insuga, upp- slicka, intaga din varelse genom din fitta. I fuktiga \u00e4ngsmarkens l\u00e4nder att hitta din Varelses skrymslen och vr\u00e5r &hellip; <a href=\"https:\/\/www.cirkuseros.nu\/index.php\/text\/noveller\/noveller-av-gastartister\/den-runkandes-drom\/\">Forts\u00e4tt l\u00e4sa <span class=\"meta-nav\">&rarr;<\/span><\/a><\/p>\n","protected":false},"author":2,"featured_media":0,"parent":501,"menu_order":48,"comment_status":"closed","ping_status":"closed","template":"sidebar-page.php","meta":[],"_links":{"self":[{"href":"https:\/\/www.cirkuseros.nu\/index.php\/wp-json\/wp\/v2\/pages\/995"}],"collection":[{"href":"https:\/\/www.cirkuseros.nu\/index.php\/wp-json\/wp\/v2\/pages"}],"about":[{"href":"https:\/\/www.cirkuseros.nu\/index.php\/wp-json\/wp\/v2\/types\/page"}],"author":[{"embeddable":true,"href":"https:\/\/www.cirkuseros.nu\/index.php\/wp-json\/wp\/v2\/users\/2"}],"replies":[{"embeddable":true,"href":"https:\/\/www.cirkuseros.nu\/index.php\/wp-json\/wp\/v2\/comments?post=995"}],"version-history":[{"count":2,"href":"https:\/\/www.cirkuseros.nu\/index.php\/wp-json\/wp\/v2\/pages\/995\/revisions"}],"predecessor-version":[{"id":13287,"href":"https:\/\/www.cirkuseros.nu\/index.php\/wp-json\/wp\/v2\/pages\/995\/revisions\/13287"}],"up":[{"embeddable":true,"href":"https:\/\/www.cirkuseros.nu\/index.php\/wp-json\/wp\/v2\/pages\/501"}],"wp:attachment":[{"href":"https:\/\/www.cirkuseros.nu\/index.php\/wp-json\/wp\/v2\/media?parent=995"}],"curies":[{"name":"wp","href":"https:\/\/api.w.org\/{rel}","templated":true}]}}