{"id":996,"date":"2016-11-20T02:30:23","date_gmt":"2016-11-20T01:30:23","guid":{"rendered":"https:\/\/cirkuseros.wordpress.com\/?page_id=996"},"modified":"2023-09-26T16:47:34","modified_gmt":"2023-09-26T14:47:34","slug":"hymn-for-morgonsex","status":"publish","type":"page","link":"https:\/\/www.cirkuseros.nu\/index.php\/text\/noveller\/noveller-av-gastartister\/hymn-for-morgonsex\/","title":{"rendered":"Hymn f\u00f6r morgonsex"},"content":{"rendered":"<p>tidigmorgonsex<br \/>\nmorgontidigsex<\/p>\n<p>mmmmmmmmm&#8230;&#8230;&#8230;..<\/p>\n<p>gryningssex<\/p>\n<p>mmmmmmmm&#8230;..mmmmmmm<\/p>\n<p>i gr\u00e4nslandet<br \/>\nmellan<br \/>\nsovande och vaken<br \/>\ndomnad mot medvetenhet<br \/>\navslappning mot krafthopsamling<\/p>\n<p>mmmmmmmmmm&#8230;.mmmmmmmm<\/p>\n<p>motvilligt mot villigt<\/p>\n<p>wooooooaoooooaeewwwwooooaaaaa&#8230;&#8230;aaaaaaa<\/p>\n<p>i gr\u00e4nslandet<br \/>\nmellan<br \/>\ndr\u00f6mmarna och<br \/>\ndagdr\u00f6mmarna<\/p>\n<p>i gr\u00e4nslandet<br \/>\nmellan viloljus<br \/>\noch<br \/>\nsolstr\u00e5larnas intr\u00e4ngande<\/p>\n<p>mmmmmmmmm&#8230;.mmmmmm&#8230;mmmmmmm<\/p>\n<p>i gr\u00e4nslandet<br \/>\nmellan<br \/>\nvarande och inte<br \/>\nvarande och varande<br \/>\ninte och inte<br \/>\nmellan<br \/>\ntillst\u00e5nd<br \/>\ndimensioner<br \/>\nniv\u00e5er<br \/>\nsf\u00e4rer<\/p>\n<p>p\u00e5 resa<br \/>\nmellan<br \/>\nallt och inget<\/p>\n<p>f\u00f6rflyttning<\/p>\n<p>h\u00e4rligt<br \/>\nh\u00e4rlighet<\/p>\n<p>h\u00e4rligt att sova<br \/>\nsedan<br \/>\nvakna<\/p>\n<p>i sex<br \/>\nmed sex<\/p>\n<p>med dig<br \/>\njust med dig<\/p>\n<p>livsgivande morgonsex<\/p>\n<p>&#8230;..mycket b\u00e4ttre \u00e4n v\u00e4ckarklockans pickpockande<br \/>\npipipipipipipipipipipppiiipipippppipipippppipip<br \/>\n&#8230;.mycket sk\u00f6nare<\/p>\n<p>h\u00e4rligt<br \/>\nh\u00e4rlighet<\/p>\n<p>mina l\u00e4ppar br\u00e4nner k\u00e4rlek in genom din vackra nakna morgonhud<br \/>\nlivstr\u00e5dar<br \/>\nsolstr\u00e5lar<\/p>\n<p>motst\u00e5ndskyssar<\/p>\n<p>God Morgon min \u00e4lskade!<\/p>\n<p>&nbsp;<\/p>\n<p>Anna-Lena M. 2003-05-16<\/p>\n<p><img decoding=\"async\" loading=\"lazy\" src=\"https:\/\/i1.wp.com\/www.cirkuseros.nu\/app\/uploads\/2016\/11\/tunnlinjeoriginal_584.gif?resize=584%2C8&#038;ssl=1\" alt=\"\" data-recalc-dims=\"1\" \/><a href=\"https:\/\/www.cirkuseros.nu\/index.php\/text\/noveller\/noveller-av-gastartister\/\"><strong>Tillbaka till Noveller av g\u00e4startister \u00bb<\/strong><\/a><\/p>\n<p><img decoding=\"async\" loading=\"lazy\" src=\"https:\/\/i0.wp.com\/www.cirkuseros.nu\/app\/uploads\/2017\/01\/heartline_584.gif?resize=584%2C20&#038;ssl=1\" alt=\"Heartline\" data-recalc-dims=\"1\" \/><\/p>\n<p><img decoding=\"async\" loading=\"lazy\" src=\"https:\/\/i2.wp.com\/www.cirkuseros.nu\/app\/uploads\/2016\/10\/fri_kursbanner_ani.gif?resize=584%2C140&#038;ssl=1\" alt=\"\" data-recalc-dims=\"1\" \/><\/p>\n","protected":false},"excerpt":{"rendered":"<p>tidigmorgonsex morgontidigsex mmmmmmmmm&#8230;&#8230;&#8230;.. gryningssex mmmmmmmm&#8230;..mmmmmmm i gr\u00e4nslandet mellan sovande och vaken domnad mot medvetenhet avslappning mot krafthopsamling mmmmmmmmmm&#8230;.mmmmmmmm motvilligt mot villigt wooooooaoooooaeewwwwooooaaaaa&#8230;&#8230;aaaaaaa i gr\u00e4nslandet mellan dr\u00f6mmarna och dagdr\u00f6mmarna i gr\u00e4nslandet mellan viloljus och solstr\u00e5larnas intr\u00e4ngande mmmmmmmmm&#8230;.mmmmmm&#8230;mmmmmmm i gr\u00e4nslandet mellan varande &hellip; <a href=\"https:\/\/www.cirkuseros.nu\/index.php\/text\/noveller\/noveller-av-gastartister\/hymn-for-morgonsex\/\">Forts\u00e4tt l\u00e4sa <span class=\"meta-nav\">&rarr;<\/span><\/a><\/p>\n","protected":false},"author":2,"featured_media":0,"parent":501,"menu_order":49,"comment_status":"closed","ping_status":"closed","template":"sidebar-page.php","meta":[],"_links":{"self":[{"href":"https:\/\/www.cirkuseros.nu\/index.php\/wp-json\/wp\/v2\/pages\/996"}],"collection":[{"href":"https:\/\/www.cirkuseros.nu\/index.php\/wp-json\/wp\/v2\/pages"}],"about":[{"href":"https:\/\/www.cirkuseros.nu\/index.php\/wp-json\/wp\/v2\/types\/page"}],"author":[{"embeddable":true,"href":"https:\/\/www.cirkuseros.nu\/index.php\/wp-json\/wp\/v2\/users\/2"}],"replies":[{"embeddable":true,"href":"https:\/\/www.cirkuseros.nu\/index.php\/wp-json\/wp\/v2\/comments?post=996"}],"version-history":[{"count":2,"href":"https:\/\/www.cirkuseros.nu\/index.php\/wp-json\/wp\/v2\/pages\/996\/revisions"}],"predecessor-version":[{"id":13288,"href":"https:\/\/www.cirkuseros.nu\/index.php\/wp-json\/wp\/v2\/pages\/996\/revisions\/13288"}],"up":[{"embeddable":true,"href":"https:\/\/www.cirkuseros.nu\/index.php\/wp-json\/wp\/v2\/pages\/501"}],"wp:attachment":[{"href":"https:\/\/www.cirkuseros.nu\/index.php\/wp-json\/wp\/v2\/media?parent=996"}],"curies":[{"name":"wp","href":"https:\/\/api.w.org\/{rel}","templated":true}]}}