{"id":997,"date":"2016-11-20T02:30:47","date_gmt":"2016-11-20T01:30:47","guid":{"rendered":"https:\/\/cirkuseros.wordpress.com\/?page_id=997"},"modified":"2023-09-26T16:48:06","modified_gmt":"2023-09-26T14:48:06","slug":"vaniljglass-med-chokladsas","status":"publish","type":"page","link":"https:\/\/www.cirkuseros.nu\/index.php\/text\/noveller\/noveller-av-gastartister\/vaniljglass-med-chokladsas\/","title":{"rendered":"Vaniljglass med choklads\u00e5s"},"content":{"rendered":"<p>Han kom in, tog av sig jackan och r\u00e4ckte henne den. Hon h\u00e4ngde in den i kl\u00e4dsk\u00e5pet och sniffade in doften av stekt kryddstark mat, den s\u00f6ta doften av r\u00f6kelse och f\u00f6r mycket parfym och den svaga aningen av ren svett, han kom nog direkt fr\u00e5n tr\u00e4ningen.<\/p>\n<p>Han gick direkt till soffan och satte sig, bredbent, hon vimsade omkring, f\u00f6rbannande att hon aldrig lyssnade p\u00e5 musik hemma, hon visste eller antog att han skydde tystnaden s\u00e5 hon satte p\u00e5 teven, MTV, och hoppades p\u00e5 n\u00e5n reprisering av MTV Amour.<\/p>\n<p>Kom hit, sa han, p\u00e5 samma g\u00e5ng lojt som befallande. Hon gick mot soffan d\u00e4r han satt som vore det han som var hemma, satt d\u00e4r och s\u00e5g ut precis som hon t\u00e4nkt sig att han skulle se ut i hennes soffa \u00e4nda sen hon s\u00e5g honom f\u00f6rsta g\u00e5ngen. Han klappade i sitt kn\u00e4 n\u00e4r hon gjorde en ansats att s\u00e4tta sig bredvid honom.<\/p>\n<p>I ditt kn\u00e4? Jag \u00e4r f\u00f6r tung sa hon, dis naa trop.. Han skrattade till och rynkade samtidigt lite p\u00e5 \u00f6gonbrynen n\u00e4r han blev tilltalad p\u00e5 sitt eget spr\u00e5k, han hade inte vetat att hon kunde det alls och hon undrade f\u00f6r sig sj\u00e4lv om det hj\u00e4lpte eller stj\u00e4lpte hans bild av henne. Just nu tycktes det inte spela n\u00e5n roll alls, han verkade fullt upptagen med att bara sitta under henne.<\/p>\n<p>Vad vill du nu, sa han. Vad jag vill? Titta p\u00e5 dig..? sa hon lite brydd \u00f6ver hans s\u00e4kerhet, han kunde inte vara mer \u00e4n n\u00e5gra och tjugo. Titta du sa han med ett brett leende och hon k\u00e4nde honom inte tillr\u00e4ckligt f\u00f6r att se om det fanns l\u00f6je i hans blick.<\/p>\n<p>Hon s\u00e5g in i hans \u00f6gon som var s\u00e5 m\u00f6rka att de n\u00e4stan inte var bruna, mer som fl\u00e4derb\u00e4ren i saften hon k\u00f6pt dagen innan, nej, inte tvinga sig att t\u00e4nka p\u00e5 annat, inte till\u00e5ta sig att t\u00e4nka p\u00e5 annat. Hur kusligt det \u00e4n var med en n\u00e4stan obekant man hemma efter denna tid utan skulle hon vara n\u00e4rvarande, h\u00e4r, i nuet.. Blicken kunde hon inte l\u00e4sa \u00e4n, det enda hon s\u00e5g var att den var lite simmig men hennes var s\u00e4kert likadan.<\/p>\n<p>\u00d6gonfransar som s\u00e4kert gjorde som stj\u00e4rnor runt \u00f6gonen n\u00e4r de blev fuktiga, markerade kindben, perfekta att vila tummarna under, n\u00e4san kort och svagt b\u00f6jd med v\u00e4lvda n\u00e4svingar som redan fladdrade lite, hon smekte l\u00e4tt p\u00e5 de sm\u00e5 h\u00e5ren p\u00e5 dem. Skarp amorb\u00e5ge, \u00f6verl\u00e4ppen n\u00e5got mindre fyllig \u00e4n underl\u00e4ppen som s\u00e5g ut som en liggande hakparentes, f\u00e4rgen som gammaldags l\u00e4skpapper, rosa som drog \u00e5t gr\u00e5, alldeles mattblank, torr men len, den k\u00e4ndes som en annan kroppsdel som hon \u00e4nnu inte visste n\u00e5got om.<\/p>\n<p>Pl\u00f6tsligt, fuktigt, han hade stuckit ut tungspetsen och slickat henne p\u00e5 fingret. Sorry, couldn\u2019t help myself, sa han. Flyktigt t\u00e4nkte hon \u201dCodeswitching\u201d men tvingade bort den tanken. Hon b\u00f6jde sig fram och slickade l\u00e4tt p\u00e5 tungspetsen mot hennes fingertopp, illande godisrosa bredvid den kastanjebruna kinden lockade den f\u00f6r mycket f\u00f6r att motst\u00e5s. Tunga mot tunga, direktare kontakt \u00e4n innan, som att s\u00e4tta kontakten i v\u00e4gguttaget. Sk\u00f6tet dunkade och riste som en centrifugerande tv\u00e4ttmaskin. Redan s\u00e5 pass.., t\u00e4nkte hon omt\u00f6cknat och kysste honom igen.<\/p>\n<p>N\u00e4\u00e4, det h\u00e4r duger inte, inte \u00e4ta upp allt godis innan du hunnit hem fr\u00e5n aff\u00e4ren, t\u00e4nkte hon. Inte rusa \u00e5stad och inte kunna stoppa.. Inte nu. Hur k\u00e4ndes hans huvud under h\u00e4nderna? Alldeles lent? Lite stubbigt? Huvudet var perfekt rundat, inga fula kn\u00f6lar som man oftast inte vet om innan man rakar av sig.. Som oftast p\u00e5 m\u00e4n fr\u00e5n mer \u00e4n s\u00f6der om s\u00f6der var huvudformen full\u00e4ndad med de barnasm\u00e5 \u00f6ronen t\u00e4ttliggande om huvudet. \u00d6ron som sn\u00e4ckmakaroner, vad heter de nu igen, nej sluta nu, inte skynda p\u00e5 men inte f\u00f6rirra sig, \u00f6ron med sm\u00e5 sm\u00e5 h\u00e5r p\u00e5, pytteh\u00e5r som bjuder lite motst\u00e5nd n\u00e4r man slickar lite moth\u00e5rs p\u00e5 dem.<\/p>\n<p>\u00d6ronen s\u00e5g ut att vara alldeles fantastiska att h\u00e5lla i, t\u00e4nkte hon och k\u00e4nde hon sig k\u00e5t och v\u00e5gad, i tanken i alla fall. \u00c5 andra sidan trodde hon inte han g\u00e4rna \u00e4gnade sig \u00e5t att slicka men det beh\u00f6vdes str\u00e4ngt taget inte heller nu, det r\u00e4ckte s\u00e5 bra att sitta i hans kn\u00e4, insupa hans manlighet, _hans_ k\u00e5thet, k\u00e4nna att n\u00e5t r\u00f6rde sig under hennes rumpa.<\/p>\n<p>Men nej, de skulle inte g\u00f6ra det, inte \u00e4n, kanske inte ens i dag, det k\u00e4ndes som hon skulle minst d\u00f6 om hon fick mer nu, men kanske d\u00f6 \u00e4n mer om hon inte fick, trots det skulle det dras ut p\u00e5 den ljuva pl\u00e5gan tills det bara inte gick l\u00e4ngre, eller tills det gick? Hon skrattade till och fick en f\u00f6rebr\u00e5ende blick, tillbaks till ordningen, han tog ett h\u00e5rdare tag om hennes \u00f6verarmar, hittills hade han haft h\u00e4nderna ibland bakom hennes rygg, ibland med ett stadigt tag om hennes \u00e4nnu stadigare bak.<\/p>\n<p>Fr\u00e5n att ha varit passiv och l\u00e5tit sig kyssas och utforskas v\u00e4xlade han \u00f6ver till aktivitet, brutalitet, som om han visste att hon var svagast just f\u00f6r det, kanske brydde han sig inte alls bara, just nu spelade det ingen roll. Han bet henne p\u00e5 halsen, i kinden, precis vid haklinjen, det gjorde lite ont, eller, hon visste att om hon inte varit s\u00e5 borta skulle det gjort ont men precis nu var det bara underbart, svindlande, halsen k\u00e4ndes sn\u00f6rd av andn\u00f6d och hon h\u00f6rde sig sj\u00e4lv kvida.<\/p>\n<p>Han st\u00f6tte ifr\u00e5n sig henne med de underbara h\u00e4nderna, bara h\u00e4nderna r\u00e4ckte som sk\u00e4l att ha honom d\u00e4r, breda och l\u00e5nga men inte grova, fingrar som aldrig tog slut, pianon hade hon aldrig sett d\u00e4r han kom ifr\u00e5n, what a waste, men vad kunde man inte g\u00f6ra annat med fingrar? Naglarna s\u00e5g ut som mandlar eller insidan p\u00e5 en uppsk\u00f6ljd sn\u00e4cka, l\u00e5ngsmala naglar, konvexa b\u00e5de p\u00e5 l\u00e4ngden och bredden, samma kontrast i f\u00e4rgen mellan nagel och hyn runomkring som l\u00e4pparna mot kinden eller som, nej, det visste hon inte, inte \u00e4n. H\u00e4nderna hade hon suckat \u00f6ver och suktat sig sj\u00e4lv med de n\u00e4tter hon bara t\u00e4nkt p\u00e5 honom, t\u00e4nk att det var s\u00e5 nyss..<\/p>\n<p>Nu s\u00e5g hon inget annat \u00e4n hans flin och h\u00f6jda \u00f6gonbryn. Var han inte van att kvinnor l\u00e4t eller hade han inte trott det om henne eller vad var det fr\u00e5gan om? Hade hon k\u00e4nt honom b\u00e4ttre eller inte alls hade hon fr\u00e5gat men nu v\u00e5gade hon inte. Det beh\u00f6vdes inte.<\/p>\n<p>So, you like this? Och s\u00e5 ett m\u00f6rkt gurglande skratt. Tvinga mig inte att svara t\u00e4nkte hon, jag vill inte, inte nu, var bara tyst, jag brukar gilla prat och skratt i s\u00e4ngen, i soffan menar jag men inte nu.. Han inv\u00e4ntade inget svar, vred henne undan sig i ett grepp som f\u00f6rv\u00e5nade henne med sin styrka, f\u00f6ste henne ner i soffan bredvid sig. I n\u00e5t som s\u00e5g ut som en enda v\u00e4lkoreograferad r\u00f6relse stod han upp, kn\u00e4ppte upp jeansen som f\u00f6ll till golvet, han hade l\u00e5ngkalsingar, f\u00f6rst\u00e5s, sn\u00f6n f\u00f6ll i stora tevejulsflingor utanf\u00f6r f\u00f6nstret, under bar han lika sn\u00f6vita boxershorts som stod s\u00e5 snyggt mot hans hy att hon drog efter andan.<\/p>\n<p>Han stod med kalsongerna putande, korsade armarna framf\u00f6r sig i en r\u00f6relse som hon sett m\u00e5nga g\u00e5nger sittande d\u00e4r i soffan, inte s\u00e5 ofta med livs levande m\u00e4n p\u00e5 sistone, nej, senaste g\u00e5ngerna hade hon sett den det n\u00e4r hans grannlandsm\u00e4n drog av sig tr\u00f6jan efter match under VM. Det var ljuvligt d\u00e5 men det h\u00e4r tog priset.<\/p>\n<p>Hon ins\u00e5g att han nog inte skulle st\u00e5 overksam l\u00e4nge till och att det nog var k\u00f6rt med hennes tankar p\u00e5 att h\u00e5ngla och sen vinka av honom och h\u00e4r hade hon i alla fall tillf\u00e4lle att titta sig m\u00e4ttare. Han stod i motljus mot den bl\u00e5fladdrande saftblandaren teven utgjorde, silhuetten var mer harmoniskt byggd \u00e4n n\u00e5n hon tidigare sett. Obyggd kropp, naturliga muskler men i sl\u00f6sande \u00f6verfl\u00f6d, minsta r\u00f6relse fortplantade sig fr\u00e5n muskel till muskel som.. som vad? som vinden i en vajande \u00e5ker p\u00e5 Discovery Channel, som p\u00e5 en springande vinthund p\u00e5 Eurosport usch, teven st\u00f6rde men hon ville inte bryta f\u00f6rtrollningen med att g\u00e5 upp och st\u00e4nga av..<\/p>\n<p>D\u00e4r hon satt s\u00e5g hon skarpt avgr\u00e4nsade biceps, triceps skulle hon nog snart f\u00e5 k\u00e4nna om \u00e4n inte se, br\u00f6stmuskler som delade sig i flera f\u00e4lt mot sm\u00e5, styva br\u00f6stv\u00e5rtor p\u00e5 en br\u00f6stkorg som tack och lov var helt sl\u00e4t f\u00f6rutom en smal rand av mikroskopiska h\u00e5rstr\u00e5nsormar, h\u00e5rstr\u00e5n s\u00e5 krulliga att de ser ut som sm\u00e5 o:n. Magen med tydliga \u00f6ar, var platt s\u00e5n\u00e4r som p\u00e5 naveln som visade sp\u00e5r av n\u00e5got tidigt navelbr\u00e5ck. L\u00e5ren s\u00e5g hon inte \u00e4n riktigt men gissade p\u00e5 att de var smalare \u00e4n vad man v\u00e4ntade sig till den \u00f6vriga kroppen.<\/p>\n<p>Hon hann inte t\u00e4nka mer innan han drog av sig shortsen, hon hann knappt se vad hon k\u00e4nt under sig f\u00f6rr\u00e4ns han dolde det igen med n\u00e5t hon var glad att hon slapp fr\u00e5ga efter nu n\u00e4r hennes f\u00f6resatser tycktes f\u00f6rpassade till ett v\u00e4gval l\u00e5gt bakom dem. Han sj\u00f6nk ner mellan hennes ben och sj\u00f6nk in i henne som en nydiskad kniv i sm\u00f6r som st\u00e5tt framme. Hon drog h\u00e4ftigt efter andan, helt uppfylld men \u00e4nd\u00e5 som sammansm\u00e4lt med honom, hade hon varit s\u00e5 redo?<\/p>\n<p>N\u00e4r han tricksat av henne trosorna, hade hon knappt m\u00e4rkt det, s\u00e5 upptagen var hon med att k\u00e4nna in allt, k\u00e4nna in honom, k\u00e4nna in att han var h\u00e4r nu, att han var h\u00e4r och gjorde precis det hon kunnat \u00f6nska sig, som om det varit en fantasi och inte verklighet. Hon fick en ful liknelse f\u00f6r sig, mot hennes l\u00e5r hans, hennes kall vaniljglass mot hans varm choklads\u00e5s, om det inte varit f\u00f6r att han var naken och s\u00e4kert fr\u00f6s, l\u00e4genheten var inte s\u00e5 varm, sn\u00f6ov\u00e4dret hade kommit f\u00f6rst idag. Tusen tankar tr\u00e4ngdes i henne, \u00e4ven han tr\u00e4ngdes i henne, sakta, sakta gungade han fram och tillbaka, tittade forskande p\u00e5 henne, r\u00f6rde sig minimalt.<\/p>\n<p>Han h\u00f6ll h\u00e4nderna mot l\u00e5ren p\u00e5 henne, drog upp hennes kjol lite, h\u00f6ll tummarna mot insidan av l\u00e5ren och de andra fingrarna mot en f\u00f6rdjupning strax under hennes h\u00f6ftben. Hans h\u00f6ftben och muskeln \u00f6ver det, det som s\u00e5g ut som ett utdraget S ville hon g\u00e4rna f\u00e5 ta p\u00e5, det var det allra vackraste, eller mest upphetsande hon visste p\u00e5 en man, men s\u00e5 snart hon f\u00f6rs\u00f6kt hade han tagit hennes handleder och f\u00f6st dem ner mot soffan, h\u00e5llit ner dem med ett l\u00e4tt tryck av bara tummen mot hennes puls och det vore henne fj\u00e4rran att g\u00f6ra honom emot en g\u00e5ng till.<\/p>\n<p>Hon l\u00e5g med ryggen mot den thail\u00e4ndska kudden vars paljetter stack henne igenom det tunna tyget, det stacks, hon k\u00e4nde sig sj\u00e4lvmedveten och lite obekv\u00e4m med att hon inte visste vad han ville, k\u00e4nde sig lite mer utsatt \u00e4n vanligt f\u00f6r att han gjorde allt r\u00e4tt, gjorde hon n\u00e5nting r\u00e4tt? Det var alltid ett v\u00e5gspel med nya m\u00e4n, det kunde vara aldrig s\u00e5 underbara vibbar n\u00e4r man tr\u00e4ffade dem ute, p\u00e5 jobbet, i skolan, p\u00e5 n\u00e5n klubb, n\u00e4r man bara pratade, sen n\u00e4r man v\u00e4l kom p\u00e5 tumanhand, i den h\u00e4r situationen s\u00e5 blev det inte s\u00e5 s\u00e4llan en tumme, en tumme som inte ens d\u00f6g att sitta p\u00e5.. Aldrig hade det varit s\u00e5 h\u00e4r, som en dr\u00f6m, och hon k\u00e4nde sig redan p\u00e5 v\u00e4g att falla, falla in i ett beroende som det hon h\u00f6rt om crack, en g\u00e5ng och du \u00e4r fast.. Brown sugar var han v\u00e4l snarare \u00e4n vitt pulver, i och f\u00f6r sig, crack visste hon inte ens hur det s\u00e5g ut.<\/p>\n<p>Som om han h\u00f6rt hennes tankar b\u00f6jde han sig fram och pussade l\u00e4tt i vinkeln mellan hennes \u00f6verl\u00e4pp och underl\u00e4pp, andades ut mot hennes kind, det kittlades, hon skrattade till, han log p\u00e5 ett annat s\u00e4tt \u00e4n tidigare, varmt, tog sen ett tag om hennes axlar och drog henne till sig i en h\u00e4ftig omfamning, vandrade upp med handen mot halsen, smekte med tummen mot det st\u00e4lle fransm\u00e4nnen kallar saltkaret, f\u00f6rdjupningen under halsen. Hon r\u00f6s, halsen var hennes k\u00e4nsligaste kroppsdel, han var visst synsk, var det han som en av de d\u00e4r medicinm\u00e4nnen hon sett annonsera i lokaltidningen, nej, de ville ju ha betalt f\u00f6r sina tj\u00e4nster&#8230;<\/p>\n<p>Hon k\u00e4nde t\u00e5rarna br\u00e4nna, det hade k\u00e4nts som rent sex och det hade varit bra, b\u00e4ttre \u00e4n bra, nu b\u00f6rjade det k\u00e4nnas som \u00e4lskog, det visste hon inte s\u00e5 mycket om, i alla fall inte \u00e4lskog som k\u00e4ndes s\u00e5 h\u00e4r, s\u00e5 upphetsande samtidigt som k\u00e4nslosamt, hon k\u00e4nde och s\u00e5g att hennes ben skakade lite l\u00e4tt, de avsl\u00f6jade graden av hennes upphetsning, s\u00e4kert hade hon vinter\u00e4ppelr\u00f6da kinder ocks\u00e5. Hon orkade inte se p\u00e5 honom och se honom titta p\u00e5 henne mer, inte nu, inte n\u00e4r hon var s\u00e5 upp och ner-v\u00e4nd efter bara kyssar och en stund av honom i sig utan h\u00e5ngel utan n\u00e5t f\u00f6rspel mer \u00e4n hennes egna fantasier..<\/p>\n<p>Hon samlade lite mod och lite krafter och h\u00f6ll honom ifr\u00e5n sig, sp\u00e4nde \u00f6gonen i honom och sa med den gr\u00f6tigaste r\u00f6st hon h\u00f6rt sig sj\u00e4lv ha, I need to do this this way now, don\u2019t argue with me. Toogal bu baax, s\u00e4tt dig ordentligt, hade hon inte varit mer uppr\u00f6rd \u00e4n p\u00e5 l\u00e4nge hade hon lett \u00e5t formuleringen, man brukade s\u00e4ga s\u00e5 till barn som vippade p\u00e5 stolar. Han snurrade ett halvt varv och satte sig mot soffkanten s\u00e5 han fick lite st\u00f6d i ryggen, han satt med henne p\u00e5 sig, hon fick \u00e4ntligen styra saker efter eget huvud och det dr\u00f6jde inte l\u00e4nge innan hennes alltf\u00f6r n\u00e4rvarande medvetande uppl\u00f6stes i en flod av v\u00e4rme och m\u00f6rker och hon sl\u00e4ppte p\u00e5 alla h\u00e4mningar och gr\u00e4t i stora hulkningar, det blev lika bl\u00f6tt mot hans axel som hon var \u00f6ver hela kroppen, hela hon sj\u00f6bl\u00f6t av svett och t\u00e5rar och safter, om han bidragit hade hon inte en tanke p\u00e5 just nu..<\/p>\n<p>Hon visste inte hur l\u00e4nge hon suttit or\u00f6rlig i hans kn\u00e4 n\u00e4r han tog hennes ansikte mellan sina h\u00e4nder, str\u00f6k med tummarna mot hennes randiga kinder. I don\u2019t wanna see you cry, how to make you smile? Hon log inv\u00e4rtes \u00e5t engelskan och skulle precis s\u00e4ga att hon inte var ledsen, bara r\u00f6rd, n\u00e4r han skred till verket med Operation R\u00e4ddning. Kanske visste de inte d\u00e4r han kom ifr\u00e5n att Venus och Marsprat \u00e4r pass\u00e9, m\u00e4n m\u00e5ste inte alltid handla och kvinnor bara prata?<\/p>\n<p>First let\u2019s get this of you, sa han och f\u00f6rs\u00f6kte ta av henne blusen. Hon s\u00e5g nog ut som en utetorkst\u00e4llning med lakan som \u00f6verraskats av ett sommarregn. Han r\u00f6rde upp en doft av svett och k\u00f6n n\u00e4r han v\u00e4l fick av henne den men verkade inte medveten om annat \u00e4n \u00e5synen av hennes gr\u00e5 spetsbeh\u00e5. Hon hade vetat vad hon gjorde n\u00e4r hon hastade till Gustaf Mellbin och k\u00f6pte den tjusigaste beh\u00e5n de hade efter att han tr\u00e4ffat honom f\u00f6rsta g\u00e5ngen.<\/p>\n<p>Ibland \u00e4r f\u00f6ruts\u00e4gbarhet trevligt och det h\u00e4r var en av de f\u00f6rutfattade meningar hon g\u00e4rna s\u00e5g besannad. Han hade redan varit en \u00f6verraskning s\u00e5 det r\u00e4ckte, fast r\u00e4ckte gjorde det d\u00e5 rakt inte med annat. Hon knep till ordentligt om den imponerande st\u00e5ndaktigheten hon k\u00e4nde i sig, han svarade s\u00e5 gott han kunde. So, parewulo? Visst \u00e4r jag \u201df\u00e4rdig\u201d, men men, moos dole, sa hon och f\u00f6rs\u00f6kte f\u00f6rg\u00e4ves hitta r\u00e4tt s\u00e4tt att uttrycka mersmak.<\/p>\n<p>So, you want more, let\u2019s get you some more, but first, get up, \u00f1u dem sangu sa han och klatschade till henne p\u00e5 baken. Bada? Javisst, g\u00e4rna. allrahelst n\u00e4r inbjudan kom p\u00e5 det spr\u00e5ket och md en s\u00e5n r\u00f6st, hennes \u00f6ra var nog den mest erogena zonen. Hon tr\u00e5cklade sig upp fr\u00e5n sin p\u00e5lspetsade position, stod upp, s\u00e5g nogsamt till att f\u00e5 g\u00e5 bakom honom till badrummet. Det var m\u00f6rkt i rummet nu men hon s\u00e5g tillr\u00e4ckligt.<\/p>\n<p>Nacken bred och kraftfull, n\u00e4stan lika bred som bakhuvudet, axlarna som fram\u00e5ttyngda av muskelmassan, tydliga avgr\u00e4nsningar mellan muskler och ben, som en anatomisk plansch d\u00e4r huden skalats bort, ryggraden en Grand Canyondjup f\u00f6rs\u00e4nkning mellan de breda f\u00e5rorna p\u00e5 varsin sida om den, h\u00f6ftmusklerna hon inte f\u00e5tt k\u00e4nna p\u00e5 \u00e4nnu synliga \u00e4ven bakifr\u00e5n, smilgropar ovanf\u00f6r den oanv\u00e4nda fotbollen hans rumpa s\u00e5g ut som; l\u00e4tta steg trots massiviteten.<\/p>\n<p>I badrummet, l\u00e4mpligt kaklat i svart och m\u00f6rkr\u00f6tt, matchande honom och hennes bultande insida, vimsade hon omkring som f\u00f6rut, sk\u00e4rrad inf\u00f6r att beh\u00f6va visa sig naken f\u00f6r honom f\u00f6r f\u00f6rsta g\u00e5ngen. Hon fick tvinga sig att t\u00e4nka att han visste vad han fick, att han var h\u00e4r d\u00e4rf\u00f6r och inte trots det, att hon visat sig fr\u00e5n sin mest s\u00e5rbara sida redan, n\u00e4r hon kom, h\u00f6gljutt och snyftande, omedveten och obrydd om honom och hans upplevelse.<\/p>\n<p>Hon t\u00e4nde ljusen i kandelabern, vad som annars tedde det sig f\u00e5nigt verkade nu pl\u00f6tsligt r\u00e4tt och upphetsande, t\u00e4nde curaayr\u00f6kelsen hon k\u00f6pt i Paris, h\u00e4llde upp vatten, satte i lite karit\u00e9sm\u00f6r, drog ett djupt andetag och drog av sig f\u00f6rst kjolen och s\u00e5 beh\u00e5n. Hon v\u00e5gade knappt se honom i ansiktet, v\u00e4ntade sig en blick av tveksamhet, vad skulle han tycka, han med sin ultimata ynglingakropp? Han tog henne i armb\u00e5gen, snurrade henne ett halvt varv, log bredare \u00e4n n\u00e5nsin och visslade till.<\/p>\n<p>L\u00e4ttnaden var ljuvlig, hon steg fram n\u00e4rmare honom i pl\u00f6tsligt \u00f6vermod, inte kunde han bada p\u00e5kl\u00e4dd, la sin lilla vita hand p\u00e5 hans bl\u00e4nkande sv\u00e4rta och drog av den lilla latexbiten som dinglade d\u00e4r, drog efter andan n\u00e4r han blottades helt, hennes badleksak v\u00e4xte sig \u00e4nnu st\u00f6rre vid hennes \u00f6mma omsorger.<\/p>\n<p>Ledande honom i hans \u00e4dlare delar klev hon, och s\u00e5 han, i badkaret. Vattnet rann \u00f6ver p\u00e5 alla ledder, det gjorde hon ocks\u00e5, hon undrade hur l\u00e4nge hon skulle klara av att bara titta och k\u00e4nna och smeka honom innan det var dags f\u00f6r n\u00e4sta fysiska lilla hinder emellan dem. F\u00f6rhoppningsvis var det h\u00e4r bara f\u00f6rsta av m\u00e5nga m\u00e5nga g\u00e5nger, s\u00e5 sm\u00e5ningom skulle hon f\u00e5 k\u00e4nna hela hans underbara manlighet i sig utan n\u00e5t emellan. Han hade lyckats rasera en mur hos henne, hon k\u00e4nde sig lika vid\u00f6ppen i sinnet som hon precis nu fick k\u00e4nna att hon var kroppsligt, hans l\u00e5nga, smidiga fingrar lekte l\u00e4tt med hennes svullna sk\u00f6te och hon sl\u00e4ppte tankarna f\u00f6r att ge sig h\u00e4n&#8230;<\/p>\n<p>&nbsp;<\/p>\n<p>Ingalill A<\/p>\n<p><img decoding=\"async\" loading=\"lazy\" src=\"https:\/\/i1.wp.com\/www.cirkuseros.nu\/app\/uploads\/2016\/11\/tunnlinjeoriginal_584.gif?resize=584%2C8&#038;ssl=1\" alt=\"\" data-recalc-dims=\"1\" \/><a href=\"https:\/\/www.cirkuseros.nu\/index.php\/text\/noveller\/noveller-av-gastartister\/\"><strong>Tillbaka till Noveller av g\u00e4startister \u00bb<\/strong><\/a><\/p>\n<p><img decoding=\"async\" loading=\"lazy\" src=\"https:\/\/i0.wp.com\/www.cirkuseros.nu\/app\/uploads\/2017\/01\/heartline_584.gif?resize=584%2C20&#038;ssl=1\" alt=\"Heartline\" data-recalc-dims=\"1\" \/><\/p>\n<p><img decoding=\"async\" loading=\"lazy\" src=\"https:\/\/i2.wp.com\/www.cirkuseros.nu\/app\/uploads\/2016\/10\/fri_kursbanner_ani.gif?resize=584%2C140&#038;ssl=1\" alt=\"\" data-recalc-dims=\"1\" \/><\/p>\n","protected":false},"excerpt":{"rendered":"<p>Han kom in, tog av sig jackan och r\u00e4ckte henne den. Hon h\u00e4ngde in den i kl\u00e4dsk\u00e5pet och sniffade in doften av stekt kryddstark mat, den s\u00f6ta doften av r\u00f6kelse och f\u00f6r mycket parfym och den svaga aningen av ren &hellip; <a href=\"https:\/\/www.cirkuseros.nu\/index.php\/text\/noveller\/noveller-av-gastartister\/vaniljglass-med-chokladsas\/\">Forts\u00e4tt l\u00e4sa <span class=\"meta-nav\">&rarr;<\/span><\/a><\/p>\n","protected":false},"author":2,"featured_media":0,"parent":501,"menu_order":50,"comment_status":"closed","ping_status":"closed","template":"sidebar-page.php","meta":[],"_links":{"self":[{"href":"https:\/\/www.cirkuseros.nu\/index.php\/wp-json\/wp\/v2\/pages\/997"}],"collection":[{"href":"https:\/\/www.cirkuseros.nu\/index.php\/wp-json\/wp\/v2\/pages"}],"about":[{"href":"https:\/\/www.cirkuseros.nu\/index.php\/wp-json\/wp\/v2\/types\/page"}],"author":[{"embeddable":true,"href":"https:\/\/www.cirkuseros.nu\/index.php\/wp-json\/wp\/v2\/users\/2"}],"replies":[{"embeddable":true,"href":"https:\/\/www.cirkuseros.nu\/index.php\/wp-json\/wp\/v2\/comments?post=997"}],"version-history":[{"count":2,"href":"https:\/\/www.cirkuseros.nu\/index.php\/wp-json\/wp\/v2\/pages\/997\/revisions"}],"predecessor-version":[{"id":13289,"href":"https:\/\/www.cirkuseros.nu\/index.php\/wp-json\/wp\/v2\/pages\/997\/revisions\/13289"}],"up":[{"embeddable":true,"href":"https:\/\/www.cirkuseros.nu\/index.php\/wp-json\/wp\/v2\/pages\/501"}],"wp:attachment":[{"href":"https:\/\/www.cirkuseros.nu\/index.php\/wp-json\/wp\/v2\/media?parent=997"}],"curies":[{"name":"wp","href":"https:\/\/api.w.org\/{rel}","templated":true}]}}